{"id":5186,"date":"2020-10-06T19:59:26","date_gmt":"2020-10-06T17:59:26","guid":{"rendered":"http:\/\/troypetshop.com\/startseite\/"},"modified":"2026-05-07T15:04:33","modified_gmt":"2026-05-07T13:04:33","slug":"startseite","status":"publish","type":"page","link":"https:\/\/troypetshop.com\/de\/","title":{"rendered":"Startseite"},"content":{"rendered":"<div id=\"pl-5186\"  class=\"panel-layout\" ><div id=\"pg-5186-0\"  class=\"panel-grid panel-no-style\" ><div id=\"pgc-5186-0-0\"  class=\"panel-grid-cell\" ><div id=\"panel-5186-0-0-0\" class=\"so-panel widget widget_sow-layout-slider panel-first-child panel-last-child\" data-index=\"0\" ><div\n\t\t\t\n\t\t\tclass=\"so-widget-sow-layout-slider so-widget-sow-layout-slider-default-9887937e7b08-5186\"\n\t\t\t\n\t\t>\t\t\t\t<div class=\"sow-slider-base\" style=\"display: none\" tabindex=\"0\">\n\t\t\t\t\t<ul\n\t\t\t\t\tclass=\"sow-slider-images\"\n\t\t\t\t\tdata-settings=\"{&quot;pagination&quot;:true,&quot;speed&quot;:400,&quot;timeout&quot;:8000,&quot;paused&quot;:false,&quot;pause_on_hover&quot;:false,&quot;swipe&quot;:true,&quot;nav_always_show_desktop&quot;:&quot;&quot;,&quot;nav_always_show_mobile&quot;:&quot;&quot;,&quot;breakpoint&quot;:&quot;780px&quot;,&quot;unmute&quot;:false,&quot;anchor&quot;:null}\"\n\t\t\t\t\t\t\t\t\t\tdata-anchor-id=\"\"\n\t\t\t\t><\/ul>\t\t\t\t<ol class=\"sow-slider-pagination\">\n\t\t\t\t\t\t\t\t\t<\/ol>\n\n\t\t\t\t<div class=\"sow-slide-nav sow-slide-nav-next\">\n\t\t\t\t\t<a href=\"#\" data-goto=\"next\" aria-label=\"Next slide\" data-action=\"next\">\n\t\t\t\t\t\t<em class=\"sow-sld-icon-thin-right\"><\/em>\n\t\t\t\t\t<\/a>\n\t\t\t\t<\/div>\n\n\t\t\t\t<div class=\"sow-slide-nav sow-slide-nav-prev\">\n\t\t\t\t\t<a href=\"#\" data-goto=\"previous\" aria-label=\"Previous slide\" data-action=\"prev\">\n\t\t\t\t\t\t<em class=\"sow-sld-icon-thin-left\"><\/em>\n\t\t\t\t\t<\/a>\n\t\t\t\t<\/div>\n\t\t\t\t<\/div><\/div><\/div><\/div><\/div><div id=\"pg-5186-1\"  class=\"panel-grid panel-no-style\" ><div id=\"pgc-5186-1-0\"  class=\"panel-grid-cell\" ><div id=\"panel-5186-1-0-0\" class=\"so-panel widget widget_sow-image panel-first-child panel-last-child\" data-index=\"1\" ><div\n\t\t\t\n\t\t\tclass=\"so-widget-sow-image so-widget-sow-image-default-8b5b6f678277-5186\"\n\t\t\t\n\t\t>\n<div class=\"sow-image-container\">\n\t\t<img \n\tsrc=\"https:\/\/troypetshop.com\/wp-content\/uploads\/2023\/10\/pet_banner_bed1.jpg\" width=\"1260\" height=\"240\" srcset=\"https:\/\/troypetshop.com\/wp-content\/uploads\/2023\/10\/pet_banner_bed1.jpg 1260w, https:\/\/troypetshop.com\/wp-content\/uploads\/2023\/10\/pet_banner_bed1-300x57.jpg 300w, https:\/\/troypetshop.com\/wp-content\/uploads\/2023\/10\/pet_banner_bed1-1024x195.jpg 1024w, https:\/\/troypetshop.com\/wp-content\/uploads\/2023\/10\/pet_banner_bed1-768x146.jpg 768w, https:\/\/troypetshop.com\/wp-content\/uploads\/2023\/10\/pet_banner_bed1-800x152.jpg 800w, https:\/\/troypetshop.com\/wp-content\/uploads\/2023\/10\/pet_banner_bed1-100x19.jpg 100w\" sizes=\"(max-width: 1260px) 100vw, 1260px\" title=\"haustier_banner_bett1\" alt=\"\" \t\tclass=\"so-widget-image\"\/>\n\t<\/div>\n\n<\/div><\/div><\/div><\/div><div id=\"pg-5186-2\"  class=\"panel-grid panel-no-style\" ><div id=\"pgc-5186-2-0\"  class=\"panel-grid-cell\" ><div id=\"panel-5186-2-0-0\" class=\"so-panel widget widget_sow-headline panel-first-child panel-last-child\" data-index=\"2\" ><div class=\"panel-widget-style panel-widget-style-for-5186-2-0-0\" ><div\n\t\t\t\n\t\t\tclass=\"so-widget-sow-headline so-widget-sow-headline-default-8869905cde8a-5186 so-widget-fittext-wrapper\"\n\t\t\t data-fit-text-compressor=\"\"\n\t\t><div class=\"sow-headline-container \">\n\t\t\t\t\t\t\t<h1 class=\"sow-headline\">\n\t\t\t\t\t\t\u00dcber uns\t\t\t\t\t\t<\/h1>\n\t\t\t\t\t\t\t\t\t\t\t\t<h3 class=\"sow-sub-headline\">\n\t\t\t\t\t\t Sie k\u00f6nnen die meisten bequemen Katzen und Hunde Halsb\u00e4nder, Betten, T\u00fccher in unserem Gesch\u00e4ft in Budapest finden. Wir sind hier, um Ihren Haustieren zu dienen, und wir wollen so gut wie m\u00f6glich sein. Sie k\u00f6nnen online bestellen und im Gesch\u00e4ft abholen oder wir k\u00f6nnen an Ihre Adresse liefern.   \t\t\t\t\t\t<\/h3>\n\t\t\t\t\t\t<\/div>\n<\/div><\/div><\/div><\/div><\/div><div id=\"pg-5186-3\"  class=\"panel-grid panel-no-style\" ><div id=\"pgc-5186-3-0\"  class=\"panel-grid-cell\" ><div id=\"panel-5186-3-0-0\" class=\"so-panel widget widget_sow-image panel-first-child\" data-index=\"3\" ><div\n\t\t\t\n\t\t\tclass=\"so-widget-sow-image so-widget-sow-image-default-113ccd71f3e6-5186\"\n\t\t\t\n\t\t>\n<div class=\"sow-image-container\">\n\t\t\t<a href=\"https:\/\/troypetshop.com\/de\/produkt-kategorie\/unsere-produkte\/hund\/hundehalsbander-leinen\/\"\n\t\t\ttarget=\"_blank\" rel=\"noopener noreferrer\" \t\t>\n\t\t\t<img \n\tsrc=\"https:\/\/troypetshop.com\/wp-content\/uploads\/2025\/11\/Double-Layered-Dog-Harness_RS2-212x182.jpg\" width=\"212\" height=\"182\" sizes=\"(max-width: 212px) 100vw, 212px\" title=\"Doppellagiges Hundegeschirr_RS2\" alt=\"\" \t\tclass=\"so-widget-image\"\/>\n\t\t\t<\/a><\/div>\n\n<\/div><\/div><div id=\"panel-5186-3-0-1\" class=\"so-panel widget widget_sow-editor panel-last-child\" data-index=\"4\" ><div\n\t\t\t\n\t\t\tclass=\"so-widget-sow-editor so-widget-sow-editor-base\"\n\t\t\t\n\t\t><h3 class=\"widget-title\">Katzen und Hundehalsb\u00e4nder<\/h3>\n<div class=\"siteorigin-widget-tinymce textwidget\">\n\t<h5>Verstellbare Katzen- und Hundehalsb\u00e4nder. Die Produkte sind aus strapazierf\u00e4higen, starken Materialien hergestellt. Die Farben sind normalerweise rot, schwarz, blau, gr\u00fcn, hellbraun, dunkelbraun und hellbraun. Bei allen Produkten werden rostfreie, gl\u00e4nzende Nickelschnallen verwendet.   <\/h5>\n<\/div>\n<\/div><\/div><\/div><div id=\"pgc-5186-3-1\"  class=\"panel-grid-cell\" ><div id=\"panel-5186-3-1-0\" class=\"so-panel widget widget_sow-image panel-first-child\" data-index=\"5\" ><div\n\t\t\t\n\t\t\tclass=\"so-widget-sow-image so-widget-sow-image-default-113ccd71f3e6-5186\"\n\t\t\t\n\t\t>\n<div class=\"sow-image-container\">\n\t\t\t<a href=\"https:\/\/troypetshop.com\/de\/produkt-kategorie\/unsere-produkte\/katze\/moebel-und-haeuser\/\"\n\t\t\ttarget=\"_blank\" rel=\"noopener noreferrer\" \t\t>\n\t\t\t<img \n\tsrc=\"https:\/\/troypetshop.com\/wp-content\/uploads\/2023\/11\/3-Leg-Cat-House_Red_Large.jpg\" width=\"191\" height=\"182\" sizes=\"(max-width: 191px) 100vw, 191px\" title=\"3-Bein-Katzenturm Haus Rot\" alt=\"\" \t\tclass=\"so-widget-image\"\/>\n\t\t\t<\/a><\/div>\n\n<\/div><\/div><div id=\"panel-5186-3-1-1\" class=\"so-panel widget widget_sow-editor panel-last-child\" data-index=\"6\" ><div class=\"panel-widget-style panel-widget-style-for-5186-3-1-1\" ><div\n\t\t\t\n\t\t\tclass=\"so-widget-sow-editor so-widget-sow-editor-base\"\n\t\t\t\n\t\t><h3 class=\"widget-title\">Katzenm\u00f6bel und H\u00e4user<\/h3>\n<div class=\"siteorigin-widget-tinymce textwidget\">\n\t<div id=\"maincontent\" class=\"has-aside-ad no-axb layout-small\">\n<div id=\"content\" class=\"content\">\n<h5>Ein Katzenhaus ist ein Zwinger, ein Ort, an dem Katzen untergebracht sind, und die meisten Katzen bevorzugen einen sicheren, vom Boden abgehobenen Platz. Es bietet ihnen einen perfekten Schutz und Komfort beim Ausruhen. In diesem Webshop ist f\u00fcr jede Katze etwas dabei!  <\/h5>\n<article class=\"flex gallery-container none allowvig loaded\" role=\"application\" aria-label=\"slideshow\" data-m=\"{\"i\":54,\"p\":51,\"n\":\"gallery\",\"y\":8,\"o\":3}\" data-id=\"54\" data-aop=\"galleryflex\" data-nativead-2call-placements=\"interstitialgallery:3\" data-nativead-placements=\"article_aside:3;singlecard1:1;singlecard2:1;singlecard3:1;singlecard4:1;singlecard5:1;singlecard6:1;singlecard7:1;singlecard8:1;singlecard9:1;singlecard10:1;singlecard11:1;\">\n<div class=\"gallerydata\" data-aop=\"galleryflex_slidedata\">\n<div class=\"show\">\n<div class=\"body-text\">\n<div class=\"expand\">\n<figure><figcaption>\n<div class=\"caption\">\n<div class=\"gallery-caption-text\">\n<p>&nbsp;<\/p>\n<\/div>\n<\/div>\n<\/figcaption><\/figure>\n<\/div>\n<\/div>\n<\/div>\n<\/div>\n<\/article>\n<p>&nbsp;<\/p>\n<\/div>\n<\/div>\n<\/div>\n<\/div><\/div><\/div><\/div><div id=\"pgc-5186-3-2\"  class=\"panel-grid-cell\" ><div id=\"panel-5186-3-2-0\" class=\"so-panel widget widget_sow-image panel-first-child\" data-index=\"7\" ><div\n\t\t\t\n\t\t\tclass=\"so-widget-sow-image so-widget-sow-image-default-113ccd71f3e6-5186\"\n\t\t\t\n\t\t>\n<div class=\"sow-image-container\">\n\t\t\t<a href=\"https:\/\/troypetshop.com\/de\/product\/katzenstreu-copy\/\"\n\t\t\ttarget=\"_blank\" rel=\"noopener noreferrer\" \t\t>\n\t\t\t<img \n\tsrc=\"https:\/\/troypetshop.com\/wp-content\/uploads\/2026\/02\/Citrom2-1-272x182.jpg\" width=\"272\" height=\"182\" sizes=\"(max-width: 272px) 100vw, 272px\" title=\"Citrom2\" alt=\"\" \t\tclass=\"so-widget-image\"\/>\n\t\t\t<\/a><\/div>\n\n<\/div><\/div><div id=\"panel-5186-3-2-1\" class=\"so-panel widget widget_sow-editor panel-last-child\" data-index=\"8\" ><div\n\t\t\t\n\t\t\tclass=\"so-widget-sow-editor so-widget-sow-editor-base\"\n\t\t\t\n\t\t><h3 class=\"widget-title\">Katzenstreu<\/h3>\n<div class=\"siteorigin-widget-tinymce textwidget\">\n\t<h5>Katzen m\u00f6gen es, es ist sicher, hypoallergen und ein 100 % nat\u00fcrliches Produkt. Bei Kontakt mit Fl\u00fcssigkeiten wie Urin absorbiert es das 3,5-fache seines Eigengewichts, wodurch die Katzenstreu Klumpen bildet, die sich leicht entfernen lassen. Es blockiert Bakterien und Keime und neutralisiert Ger\u00fcche.<\/h5>\n<\/div>\n<\/div><\/div><\/div><\/div><div id=\"pg-5186-4\"  class=\"panel-grid panel-no-style\" ><div id=\"pgc-5186-4-0\"  class=\"panel-grid-cell\" ><div id=\"panel-5186-4-0-0\" class=\"so-panel widget widget_sow-image panel-first-child\" data-index=\"9\" ><div\n\t\t\t\n\t\t\tclass=\"so-widget-sow-image so-widget-sow-image-default-113ccd71f3e6-5186\"\n\t\t\t\n\t\t>\n<div class=\"sow-image-container\">\n\t\t\t<a href=\"https:\/\/troypetshop.com\/de\/produkt-kategorie\/unsere-produkte\/hund\/hundekleidung\/\"\n\t\t\ttarget=\"_blank\" rel=\"noopener noreferrer\" \t\t>\n\t\t\t<img \n\tsrc=\"https:\/\/troypetshop.com\/wp-content\/uploads\/2024\/02\/Cat-Dog-Clothes_R-272x182.jpg\" width=\"272\" height=\"182\" sizes=\"(max-width: 272px) 100vw, 272px\" title=\"Katze-Hund-Klamotten_R\" alt=\"\" \t\tclass=\"so-widget-image\"\/>\n\t\t\t<\/a><\/div>\n\n<\/div><\/div><div id=\"panel-5186-4-0-1\" class=\"so-panel widget widget_sow-editor panel-last-child\" data-index=\"10\" ><div\n\t\t\t\n\t\t\tclass=\"so-widget-sow-editor so-widget-sow-editor-base\"\n\t\t\t\n\t\t><h3 class=\"widget-title\">Katzen und Hundekleidung<\/h3>\n<div class=\"siteorigin-widget-tinymce textwidget\">\n\t<h5>Katze und Hund haben beide 4 Beine und einen Schwanz in der gleichen Position. Suchen Sie einfach nach den Gr\u00f6\u00dfen f\u00fcr einen Hund, der ein \u00e4hnliches Gewicht wie Ihre Katze hat. Sie k\u00f6nnen also Hundekleidung tragen. Auch Kleidung bietet Komfort und ein Gef\u00fchl der Sicherheit, das zur Beruhigung der Kinder beitr\u00e4gt.   <\/h5>\n<\/div>\n<\/div><\/div><\/div><div id=\"pgc-5186-4-1\"  class=\"panel-grid-cell\" ><div id=\"panel-5186-4-1-0\" class=\"so-panel widget widget_sow-image panel-first-child\" data-index=\"11\" ><div\n\t\t\t\n\t\t\tclass=\"so-widget-sow-image so-widget-sow-image-default-113ccd71f3e6-5186\"\n\t\t\t\n\t\t>\n<div class=\"sow-image-container\">\n\t\t\t<a href=\"https:\/\/troypetshop.com\/en\/product-category\/our-products\/cat\/beds\/\"\n\t\t\ttarget=\"_blank\" rel=\"noopener noreferrer\" \t\t>\n\t\t\t<img \n\tsrc=\"https:\/\/troypetshop.com\/wp-content\/uploads\/2023\/10\/Well_Soft3-272x182.jpg\" width=\"272\" height=\"182\" sizes=\"(max-width: 272px) 100vw, 272px\" title=\"Well_Soft_Tierbett\" alt=\"\" \t\tclass=\"so-widget-image\"\/>\n\t\t\t<\/a><\/div>\n\n<\/div><\/div><div id=\"panel-5186-4-1-1\" class=\"so-panel widget widget_sow-editor panel-last-child\" data-index=\"12\" ><div\n\t\t\t\n\t\t\tclass=\"so-widget-sow-editor so-widget-sow-editor-base\"\n\t\t\t\n\t\t><h3 class=\"widget-title\">Katzen und Hundebetten<\/h3>\n<div class=\"siteorigin-widget-tinymce textwidget\">\n\t<h5>Ideal f\u00fcr Haustiere, Katzen und kleine bis mittelgro\u00dfe Hunde. Ein erh\u00f6hter Rand st\u00fctzt Kopf und Nacken. Superweiche F\u00fcllung, F\u00fcllung: Hohlfaser - 100% Polyester. Maschinenwaschbar, maximale Waschtemperatur: 30\u00b0C   <\/h5>\n<\/div>\n<\/div><\/div><\/div><div id=\"pgc-5186-4-2\"  class=\"panel-grid-cell\" ><div id=\"panel-5186-4-2-0\" class=\"so-panel widget widget_sow-image panel-first-child\" data-index=\"13\" ><div\n\t\t\t\n\t\t\tclass=\"so-widget-sow-image so-widget-sow-image-default-113ccd71f3e6-5186\"\n\t\t\t\n\t\t>\n<div class=\"sow-image-container\">\n\t\t\t<a href=\"https:\/\/troypetshop.com\/de\/produkt-kategorie\/unsere-produkte\/katzen-und-hundezubehor\/schalen\/\"\n\t\t\ttarget=\"_blank\" rel=\"noopener noreferrer\" \t\t>\n\t\t\t<img \n\tsrc=\"https:\/\/troypetshop.com\/wp-content\/uploads\/2023\/10\/Wooden-Bowl-250x182.jpg\" width=\"250\" height=\"182\" sizes=\"(max-width: 250px) 100vw, 250px\" title=\"Schalen aus Holz\" alt=\"\" \t\tclass=\"so-widget-image\"\/>\n\t\t\t<\/a><\/div>\n\n<\/div><\/div><div id=\"panel-5186-4-2-1\" class=\"so-panel widget widget_sow-editor panel-last-child\" data-index=\"14\" ><div\n\t\t\t\n\t\t\tclass=\"so-widget-sow-editor so-widget-sow-editor-base\"\n\t\t\t\n\t\t><h3 class=\"widget-title\">Katzen und Hundezubeh\u00f6r<\/h3>\n<div class=\"siteorigin-widget-tinymce textwidget\">\n\t<h5>Haustiere lieben es, ihre N\u00e4pfe abzulecken, um auch das letzte St\u00fcckchen Futter zu bekommen! Sie fressen und trinken mehrmals am Tag aus ihren N\u00e4pfen, jeden Tag. Unsere Haustiere sind ein Teil unserer Familie und verdienen nur das Beste!  <\/h5>\n<\/div>\n<\/div><\/div><\/div><\/div><div id=\"pg-5186-5\"  class=\"panel-grid panel-no-style\" ><div id=\"pgc-5186-5-0\"  class=\"panel-grid-cell\" ><div id=\"panel-5186-5-0-0\" class=\"so-panel widget widget_sow-button panel-first-child panel-last-child\" data-index=\"15\" ><div class=\"panel-widget-style panel-widget-style-for-5186-5-0-0\" ><div\n\t\t\t\n\t\t\tclass=\"so-widget-sow-button so-widget-sow-button-wire-1c4264d9bdb1-5186\"\n\t\t\t\n\t\t><div class=\"ow-button-base ow-button-align-center\"\n>\n\t\t\t<a\n\t\t\t\t\thref=\"https:\/\/troypetshop.com\/de\/produkt-kategorie\/unsere-produkte\/\"\n\t\t\t\t\tclass=\"sowb-button ow-icon-placement-left ow-button-hover\" target=\"_blank\" rel=\"noopener noreferrer\" \t>\n\t\t<span>\n\t\t\t\n\t\t\tJETZT SHOPPEN\t\t<\/span>\n\t\t\t<\/a>\n\t<\/div>\n<\/div><\/div><\/div><\/div><\/div><div id=\"pg-5186-6\"  class=\"panel-grid panel-no-style\" ><div id=\"pgc-5186-6-0\"  class=\"panel-grid-cell\" ><div id=\"panel-5186-6-0-0\" class=\"so-panel widget widget_circleicon-widget panel-first-child panel-last-child\" data-index=\"16\" >\t\t<div class=\"circle-icon-box circle-icon-position-top circle-icon-hide-box circle-icon-size-small \">\n\t\t\t\t\t\t\t<div class=\"circle-icon-wrapper\">\n\t\t\t\t\t\t\t\t\t\t<a href=\"http:\/\/troypetshop.com\/contact-details\/\" class=\"link-icon\" target=\"_blank\">\t\t\t\t\t<div class=\"circle-icon\" >\n\t\t\t\t\t\t\t\t\t\t\t\t\t<div\n\t\t\t\t\t\t\t\tclass=\"fa fa-id-card\"\n\t\t\t\t\t\t\t\tstyle=\"color: #2ec1bc\"\t\t\t\t\t\t\t><\/div>\n\t\t\t\t\t\t\t\t\t\t\t<\/div>\n\t\t\t\t\t<\/a>\t\t\t\t<\/div>\n\t\t\t\n\t\t\t\t\t\t\t<a\n\t\t\t\t\thref=\"http:\/\/troypetshop.com\/contact-details\/\"\n\t\t\t\t\tclass=\"link-title\" target=&quot;_blank&quot;\t\t\t\t>\n\t\t\t\t\t\t\t\t\t\t<h4 >\n\t\t\t\t\tKontaktdaten\t\t\t\t<\/h4>\n\t\t\t\t\t\t\t\t\t\t<\/a>\n\t\t\t\n\t\t\t\t\t\t\t<p class=\"text\" style=\"color: #000000\">\n\t\t\t\tHier finden Sie die Kontaktdaten unseres Unternehmens.\t\t\t<\/p>\n\t\t\t\t\t\t\t\t\t\t<a\n\t\t\t\t\thref=\"http:\/\/troypetshop.com\/contact-details\/\"\n\t\t\t\t\tclass=\"more-button\"\n\t\t\t\t\ttarget=&quot;_blank&quot;style=\"color: #000000\"\t\t\t\t>\n\t\t\t\t\tMehr Infos\t\t\t\t\t<i><\/i>\n\t\t\t\t<\/a>\n\t\t\t\t\t<\/div>\n\t\t<\/div><\/div><div id=\"pgc-5186-6-1\"  class=\"panel-grid-cell\" ><div id=\"panel-5186-6-1-0\" class=\"so-panel widget widget_circleicon-widget panel-first-child panel-last-child\" data-index=\"17\" >\t\t<div class=\"circle-icon-box circle-icon-position-top circle-icon-hide-box circle-icon-size-small \">\n\t\t\t\t\t\t\t<div class=\"circle-icon-wrapper\">\n\t\t\t\t\t\t\t\t\t\t<a href=\"https:\/\/troypetshop.com\/privacy-policy-2\/\" class=\"link-icon\" target=\"_blank\">\t\t\t\t\t<div class=\"circle-icon\" >\n\t\t\t\t\t\t\t\t\t\t\t\t\t<div\n\t\t\t\t\t\t\t\tclass=\"fa fa-check-circle-o\"\n\t\t\t\t\t\t\t\tstyle=\"color: #dd3333\"\t\t\t\t\t\t\t><\/div>\n\t\t\t\t\t\t\t\t\t\t\t<\/div>\n\t\t\t\t\t<\/a>\t\t\t\t<\/div>\n\t\t\t\n\t\t\t\t\t\t\t<a\n\t\t\t\t\thref=\"https:\/\/troypetshop.com\/privacy-policy-2\/\"\n\t\t\t\t\tclass=\"link-title\" target=&quot;_blank&quot;\t\t\t\t>\n\t\t\t\t\t\t\t\t\t\t<h4 >\n\t\t\t\t\tDatenschutzerkl\u00e4rung\t\t\t\t<\/h4>\n\t\t\t\t\t\t\t\t\t\t<\/a>\n\t\t\t\n\t\t\t\t\t\t\t<p class=\"text\" style=\"color: #0a0a0a\">\n\t\t\t\tWir verpflichten uns, den Schutz Ihrer personenbezogenen Daten zu gew\u00e4hrleisten und diese zu respektieren.\t\t\t<\/p>\n\t\t\t\t\t\t\t\t\t\t<a\n\t\t\t\t\thref=\"https:\/\/troypetshop.com\/privacy-policy-2\/\"\n\t\t\t\t\tclass=\"more-button\"\n\t\t\t\t\ttarget=&quot;_blank&quot;style=\"color: #0a0a0a\"\t\t\t\t>\n\t\t\t\t\tMehr Infos\t\t\t\t\t<i><\/i>\n\t\t\t\t<\/a>\n\t\t\t\t\t<\/div>\n\t\t<\/div><\/div><div id=\"pgc-5186-6-2\"  class=\"panel-grid-cell\" ><div id=\"panel-5186-6-2-0\" class=\"so-panel widget widget_circleicon-widget panel-first-child panel-last-child\" data-index=\"18\" >\t\t<div class=\"circle-icon-box circle-icon-position-top circle-icon-hide-box circle-icon-size-small \">\n\t\t\t\t\t\t\t<div class=\"circle-icon-wrapper\">\n\t\t\t\t\t\t\t\t\t\t<a href=\"http:\/\/troypetshop.com\/general-terms-and-conditions\" class=\"link-icon\" target=\"_blank\">\t\t\t\t\t<div class=\"circle-icon\" >\n\t\t\t\t\t\t\t\t\t\t\t\t\t<div\n\t\t\t\t\t\t\t\tclass=\"fa fa-legal\"\n\t\t\t\t\t\t\t\tstyle=\"color: #81d742\"\t\t\t\t\t\t\t><\/div>\n\t\t\t\t\t\t\t\t\t\t\t<\/div>\n\t\t\t\t\t<\/a>\t\t\t\t<\/div>\n\t\t\t\n\t\t\t\t\t\t\t<a\n\t\t\t\t\thref=\"http:\/\/troypetshop.com\/general-terms-and-conditions\"\n\t\t\t\t\tclass=\"link-title\" target=&quot;_blank&quot;\t\t\t\t>\n\t\t\t\t\t\t\t\t\t\t<h4 >\n\t\t\t\t\tAllgemeine Gesch\u00e4ftsbedingungen\t\t\t\t<\/h4>\n\t\t\t\t\t\t\t\t\t\t<\/a>\n\t\t\t\n\t\t\t\t\t\t\t<p class=\"text\" style=\"color: #000000\">\n\t\t\t\tKunden k\u00f6nnen sich innerhalb von 14 Tagen nach Erhalt der Ware an uns wenden.\t\t\t<\/p>\n\t\t\t\t\t\t\t\t\t\t<a\n\t\t\t\t\thref=\"http:\/\/troypetshop.com\/general-terms-and-conditions\"\n\t\t\t\t\tclass=\"more-button\"\n\t\t\t\t\ttarget=&quot;_blank&quot;style=\"color: #000000\"\t\t\t\t>\n\t\t\t\t\tMehr Infos\t\t\t\t\t<i><\/i>\n\t\t\t\t<\/a>\n\t\t\t\t\t<\/div>\n\t\t<\/div><\/div><\/div><div id=\"pg-5186-7\"  class=\"panel-grid panel-has-style\" ><div class=\"panel-row-style panel-row-style-for-5186-7\" ><div id=\"pgc-5186-7-0\"  class=\"panel-grid-cell\" ><div id=\"panel-5186-7-0-0\" class=\"so-panel widget widget_sow-social-media-buttons panel-first-child panel-last-child\" data-index=\"19\" ><div class=\"panel-widget-style panel-widget-style-for-5186-7-0-0\" ><div\n\t\t\t\n\t\t\tclass=\"so-widget-sow-social-media-buttons so-widget-sow-social-media-buttons-wire-67ad17b59a66-5186\"\n\t\t\t\n\t\t>\n\n<div class=\"social-media-button-container\">\n\t\n\t\t<a \n\t\tclass=\"sow-social-media-button-facebook-0 sow-social-media-button\" title=\"Troy Pet Shop on Facebook\" aria-label=\"Troy Pet Shop on Facebook\" target=\"_blank\" rel=\"noopener noreferrer\" href=\"https:\/\/www.facebook.com\/\" \t\t>\n\t\t\t<span>\n\t\t\t\t\t\t\t\t<span class=\"sow-icon-fontawesome sow-fab\" data-sow-icon=\"&#xf39e;\"\n\t\t \n\t\taria-hidden=\"true\"><\/span>\t\t\t\t\t\t\t<\/span>\n\t\t<\/a>\n\t\n\t\t<a \n\t\tclass=\"sow-social-media-button-x-twitter-0 sow-social-media-button\" title=\"Troy Pet Shop on X Twitter\" aria-label=\"Troy Pet Shop on X Twitter\" target=\"_blank\" rel=\"noopener noreferrer\" href=\"https:\/\/twitter.com\/\" \t\t>\n\t\t\t<span>\n\t\t\t\t\t\t\t\t<span class=\"sow-icon-fontawesome sow-fab\" data-sow-icon=\"&#xe61b;\"\n\t\t \n\t\taria-hidden=\"true\"><\/span>\t\t\t\t\t\t\t<\/span>\n\t\t<\/a>\n\t\n\t\t<a \n\t\tclass=\"sow-social-media-button-pinterest-0 sow-social-media-button\" title=\"Troy Pet Shop on Pinterest\" aria-label=\"Troy Pet Shop on Pinterest\" target=\"_blank\" rel=\"noopener noreferrer\" href=\"https:\/\/www.pinterest.com\/\" \t\t>\n\t\t\t<span>\n\t\t\t\t\t\t\t\t<span class=\"sow-icon-fontawesome sow-fab\" data-sow-icon=\"&#xf0d2;\"\n\t\t \n\t\taria-hidden=\"true\"><\/span>\t\t\t\t\t\t\t<\/span>\n\t\t<\/a>\n\t<\/div>\n<\/div><\/div><\/div><\/div><\/div><\/div><\/div>","protected":false},"excerpt":{"rendered":"<p>\u00dcber uns Sie k\u00f6nnen die meisten bequemen Katzen und Hunde Halsb\u00e4nder, Betten, T\u00fccher in unserem Gesch\u00e4ft in Budapest finden. Wir sind hier, um Ihren Haustieren zu dienen, und wir wollen so gut wie m\u00f6glich sein. Sie k\u00f6nnen online bestellen und im Gesch\u00e4ft abholen oder wir k\u00f6nnen an Ihre Adresse liefern. Katzen und Hundehalsb\u00e4nder Verstellbare Katzen- [&hellip;]<\/p>\n","protected":false},"author":1,"featured_media":0,"parent":0,"menu_order":0,"comment_status":"open","ping_status":"closed","template":"home-panels.php","meta":{"footnotes":""},"class_list":["post-5186","page","type-page","status-publish","hentry","post"],"_links":{"self":[{"href":"https:\/\/troypetshop.com\/de\/wp-json\/wp\/v2\/pages\/5186","targetHints":{"allow":["GET"]}}],"collection":[{"href":"https:\/\/troypetshop.com\/de\/wp-json\/wp\/v2\/pages"}],"about":[{"href":"https:\/\/troypetshop.com\/de\/wp-json\/wp\/v2\/types\/page"}],"author":[{"embeddable":true,"href":"https:\/\/troypetshop.com\/de\/wp-json\/wp\/v2\/users\/1"}],"replies":[{"embeddable":true,"href":"https:\/\/troypetshop.com\/de\/wp-json\/wp\/v2\/comments?post=5186"}],"version-history":[{"count":49,"href":"https:\/\/troypetshop.com\/de\/wp-json\/wp\/v2\/pages\/5186\/revisions"}],"predecessor-version":[{"id":12573,"href":"https:\/\/troypetshop.com\/de\/wp-json\/wp\/v2\/pages\/5186\/revisions\/12573"}],"wp:attachment":[{"href":"https:\/\/troypetshop.com\/de\/wp-json\/wp\/v2\/media?parent=5186"}],"curies":[{"name":"wp","href":"https:\/\/api.w.org\/{rel}","templated":true}]}}