{"id":10066,"date":"2025-06-28T16:50:22","date_gmt":"2025-06-28T14:50:22","guid":{"rendered":"https:\/\/troypetshop.com\/?post_type=product&#038;p=10066"},"modified":"2026-02-28T16:53:39","modified_gmt":"2026-02-28T15:53:39","slug":"brusthalsband-und-leine-set","status":"publish","type":"product","link":"https:\/\/troypetshop.com\/de\/product\/brusthalsband-und-leine-set\/","title":{"rendered":"Brusthalsband und Leine Set"},"content":{"rendered":"","protected":false},"excerpt":{"rendered":"<p>Set aus Brusthalsband und Leine f\u00fcr Haustiere<\/p>\n<p>Anti-Flucht-Katzenbrusthalsband und Laufleine. Das Geschirr ist so bemessen, dass es f\u00fcr unsere Haustiere wie Katzen, kleine Hunderassen und Kaninchen geeignet ist.<\/p>\n<p>Unsere Geschirre werden aus hochwertigen weichen Stoffen und strapazierf\u00e4higen Materialien bis zu 100% von Hand gefertigt. F\u00fcr eine l\u00e4ngere Lebensdauer werden nur hochwertige Materialien verwendet, und das Metallzubeh\u00f6r ist vernickelt.<\/p>\n<p>Abmessungen;<\/p>\n<ul>\n<li>Breite der weichen Materialien; 1,2 cm<\/li>\n<li>Hals; 1,2 x 22-35 cm<\/li>\n<li>Brustkorb; 1,2 x 28-50 cm<\/li>\n<li>F\u00fchrleine ; 1,2 x 120 cm<\/li>\n<\/ul>\n<p>Warnung: Bitte lassen Sie Ihr Haustier niemals angebunden. Danke, dass Sie sich um die Sicherheit Ihres Haustieres k\u00fcmmern!<\/p>\n<p><strong>Bitte w\u00e4hlen Sie die Farboption, bevor Sie sie in den Warenkorb legen. <\/strong><\/p>\n<p>&nbsp;<\/p>\n","protected":false},"featured_media":10091,"comment_status":"open","ping_status":"closed","template":"","meta":[],"product_brand":[],"product_cat":[514,474],"product_tag":[623,543,624,2307,744,476],"class_list":{"0":"post-10066","1":"product","2":"type-product","3":"status-publish","4":"has-post-thumbnail","6":"product_cat-katzen-brusthalsbaender","7":"product_cat-katzenhalsbander","8":"product_tag-brust","9":"product_tag-cat-de","10":"product_tag-einstellbar","11":"product_tag-einstellen","12":"product_tag-gurtzeug","13":"product_tag-kragen","14":"post","15":"post-with-thumbnail","16":"post-with-thumbnail-large","18":"first","19":"instock","20":"sale","21":"taxable","22":"shipping-taxable","23":"purchasable","24":"product-type-variable"},"_links":{"self":[{"href":"https:\/\/troypetshop.com\/de\/wp-json\/wp\/v2\/product\/10066","targetHints":{"allow":["GET"]}}],"collection":[{"href":"https:\/\/troypetshop.com\/de\/wp-json\/wp\/v2\/product"}],"about":[{"href":"https:\/\/troypetshop.com\/de\/wp-json\/wp\/v2\/types\/product"}],"replies":[{"embeddable":true,"href":"https:\/\/troypetshop.com\/de\/wp-json\/wp\/v2\/comments?post=10066"}],"wp:featuredmedia":[{"embeddable":true,"href":"https:\/\/troypetshop.com\/de\/wp-json\/wp\/v2\/media\/10091"}],"wp:attachment":[{"href":"https:\/\/troypetshop.com\/de\/wp-json\/wp\/v2\/media?parent=10066"}],"wp:term":[{"taxonomy":"product_brand","embeddable":true,"href":"https:\/\/troypetshop.com\/de\/wp-json\/wp\/v2\/product_brand?post=10066"},{"taxonomy":"product_cat","embeddable":true,"href":"https:\/\/troypetshop.com\/de\/wp-json\/wp\/v2\/product_cat?post=10066"},{"taxonomy":"product_tag","embeddable":true,"href":"https:\/\/troypetshop.com\/de\/wp-json\/wp\/v2\/product_tag?post=10066"}],"curies":[{"name":"wp","href":"https:\/\/api.w.org\/{rel}","templated":true}]}}