{"id":10379,"date":"2025-07-09T14:22:55","date_gmt":"2025-07-09T12:22:55","guid":{"rendered":"https:\/\/troypetshop.com\/product\/gestrickte-leinen\/"},"modified":"2026-02-28T16:45:15","modified_gmt":"2026-02-28T15:45:15","slug":"gestrickte-leinen","status":"publish","type":"product","link":"https:\/\/troypetshop.com\/de\/product\/gestrickte-leinen\/","title":{"rendered":"Gestrickte Leinen"},"content":{"rendered":"","protected":false},"excerpt":{"rendered":"<p>Wir haben gestrickte Leinen f\u00fcr Spazierg\u00e4nger in verschiedenen Farben. Sie k\u00f6nnen die Leine in den von Ihnen gew\u00fcnschten Farben ausw\u00e4hlen. Bitte geben Sie Ihre bevorzugte Leinen-Nummer an.  <\/p>\n<ul>\n<li><strong>Farben<\/strong><br \/>\n1.Grau<br \/>\n2.Rot<br \/>\n3.Blau+Schwarz<br \/>\n4.Blau+Rot<br \/>\n5.Rot+Schwarz<br \/>\n6.Schwarz<\/li>\n<\/ul>\n<p style=\"padding-left: 40px;\">\n","protected":false},"featured_media":10375,"comment_status":"open","ping_status":"closed","template":"","meta":[],"product_brand":[],"product_cat":[472,473,535],"product_tag":[960,591],"class_list":{"0":"post-10379","1":"product","2":"type-product","3":"status-publish","4":"has-post-thumbnail","6":"product_cat-hund","7":"product_cat-hundehalsbander-leinen","8":"product_cat-hundeleinen","9":"product_tag-gestrickt","10":"product_tag-leine","11":"post","12":"post-with-thumbnail","13":"post-with-thumbnail-large","15":"first","16":"instock","17":"sale","18":"taxable","19":"shipping-taxable","20":"purchasable","21":"product-type-simple"},"_links":{"self":[{"href":"https:\/\/troypetshop.com\/de\/wp-json\/wp\/v2\/product\/10379","targetHints":{"allow":["GET"]}}],"collection":[{"href":"https:\/\/troypetshop.com\/de\/wp-json\/wp\/v2\/product"}],"about":[{"href":"https:\/\/troypetshop.com\/de\/wp-json\/wp\/v2\/types\/product"}],"replies":[{"embeddable":true,"href":"https:\/\/troypetshop.com\/de\/wp-json\/wp\/v2\/comments?post=10379"}],"wp:featuredmedia":[{"embeddable":true,"href":"https:\/\/troypetshop.com\/de\/wp-json\/wp\/v2\/media\/10375"}],"wp:attachment":[{"href":"https:\/\/troypetshop.com\/de\/wp-json\/wp\/v2\/media?parent=10379"}],"wp:term":[{"taxonomy":"product_brand","embeddable":true,"href":"https:\/\/troypetshop.com\/de\/wp-json\/wp\/v2\/product_brand?post=10379"},{"taxonomy":"product_cat","embeddable":true,"href":"https:\/\/troypetshop.com\/de\/wp-json\/wp\/v2\/product_cat?post=10379"},{"taxonomy":"product_tag","embeddable":true,"href":"https:\/\/troypetshop.com\/de\/wp-json\/wp\/v2\/product_tag?post=10379"}],"curies":[{"name":"wp","href":"https:\/\/api.w.org\/{rel}","templated":true}]}}