{"id":10704,"date":"2025-08-21T15:02:13","date_gmt":"2025-08-21T13:02:13","guid":{"rendered":"https:\/\/troypetshop.com\/product\/pet-carry-umhaengetasche\/"},"modified":"2026-02-28T16:48:35","modified_gmt":"2026-02-28T15:48:35","slug":"tragetasche-fuer-haustiere","status":"publish","type":"product","link":"https:\/\/troypetshop.com\/de\/product\/tragetasche-fuer-haustiere\/","title":{"rendered":"Tragetasche f\u00fcr Haustiere"},"content":{"rendered":"","protected":false},"excerpt":{"rendered":"<p class=\"PurchaseContainer__Name-sc-15kmsqg-3 dfrkAl\" data-testid=\"product-name\">Tragetasche Umh\u00e4ngetasche f\u00fcr kleine Haustiere Katzen &amp; Hunde.<\/p>\n<p class=\"PurchaseContainer__Name-sc-15kmsqg-3 dfrkAl\" data-testid=\"product-name\">Es ist f\u00fcr K\u00e4tzchen und kleine Hunde geeignet, aber wir empfehlen es nicht f\u00fcr gro\u00dfe ausgewachsene Katzen.<\/p>\n<ul>\n<li data-testid=\"product-name\">Gewicht &lt; 6,5 kg Das Gewicht sollte weniger als 6,5 kg betragen.<\/li>\n<\/ul>\n","protected":false},"featured_media":10745,"comment_status":"open","ping_status":"closed","template":"","meta":[],"product_brand":[],"product_cat":[728,1493],"product_tag":[676,2143,1440],"class_list":{"0":"post-10704","1":"product","2":"type-product","3":"status-publish","4":"has-post-thumbnail","6":"product_cat-katzen-und-hundezubehor","7":"product_cat-tragetaschen-fur-haustiere","8":"product_tag-haustier","9":"product_tag-taschen","10":"product_tag-traeger","11":"post","12":"post-with-thumbnail","13":"post-with-thumbnail-large","15":"first","16":"instock","17":"sale","18":"taxable","19":"shipping-taxable","20":"purchasable","21":"product-type-simple"},"_links":{"self":[{"href":"https:\/\/troypetshop.com\/de\/wp-json\/wp\/v2\/product\/10704","targetHints":{"allow":["GET"]}}],"collection":[{"href":"https:\/\/troypetshop.com\/de\/wp-json\/wp\/v2\/product"}],"about":[{"href":"https:\/\/troypetshop.com\/de\/wp-json\/wp\/v2\/types\/product"}],"replies":[{"embeddable":true,"href":"https:\/\/troypetshop.com\/de\/wp-json\/wp\/v2\/comments?post=10704"}],"wp:featuredmedia":[{"embeddable":true,"href":"https:\/\/troypetshop.com\/de\/wp-json\/wp\/v2\/media\/10745"}],"wp:attachment":[{"href":"https:\/\/troypetshop.com\/de\/wp-json\/wp\/v2\/media?parent=10704"}],"wp:term":[{"taxonomy":"product_brand","embeddable":true,"href":"https:\/\/troypetshop.com\/de\/wp-json\/wp\/v2\/product_brand?post=10704"},{"taxonomy":"product_cat","embeddable":true,"href":"https:\/\/troypetshop.com\/de\/wp-json\/wp\/v2\/product_cat?post=10704"},{"taxonomy":"product_tag","embeddable":true,"href":"https:\/\/troypetshop.com\/de\/wp-json\/wp\/v2\/product_tag?post=10704"}],"curies":[{"name":"wp","href":"https:\/\/api.w.org\/{rel}","templated":true}]}}