{"id":10731,"date":"2025-08-23T14:09:05","date_gmt":"2025-08-23T12:09:05","guid":{"rendered":"https:\/\/troypetshop.com\/product\/doppelte-futterschale\/"},"modified":"2026-02-28T16:49:08","modified_gmt":"2026-02-28T15:49:08","slug":"doppelte-futterschale","status":"publish","type":"product","link":"https:\/\/troypetshop.com\/de\/product\/doppelte-futterschale\/","title":{"rendered":"Doppelte Futterschale"},"content":{"rendered":"","protected":false},"excerpt":{"rendered":"<p>Dieser moderne Futternapf ist ideal f\u00fcr Hunde und Katzen. Der diamantf\u00f6rmige Futternapf enth\u00e4lt zwei Edelstahln\u00e4pfe, die sich leicht herausnehmen und reinigen lassen und Ihrem Haustier ein hygienisches Futtererlebnis garantieren. Der strapazierf\u00e4hige, rutschfeste Kunststoffsockel sorgt f\u00fcr einen stabilen Stand der N\u00e4pfe, sodass sie w\u00e4hrend des F\u00fctterns nicht verrutschen, und das erh\u00f6hte Design gew\u00e4hrleistet bequemes Fressen.  <\/p>\n<ul>\n<li>Abmessungen: 16,3 cm x 32 cm x 6 cm<\/li>\n<li>Sch\u00fcsselgr\u00f6\u00dfe: 13 cm<\/li>\n<li>Diamantf\u00f6rmiger Kunststoff und Edelstahl<\/li>\n<\/ul>\n","protected":false},"featured_media":10728,"comment_status":"open","ping_status":"closed","template":"","meta":[],"product_brand":[],"product_cat":[728,765],"product_tag":[2421,2422,886],"class_list":{"0":"post-10731","1":"product","2":"type-product","3":"status-publish","4":"has-post-thumbnail","6":"product_cat-katzen-und-hundezubehor","7":"product_cat-schalen","8":"product_tag-double-de","9":"product_tag-futterung","10":"product_tag-schale","11":"post","12":"post-with-thumbnail","13":"post-with-thumbnail-large","15":"first","16":"outofstock","17":"sale","18":"taxable","19":"shipping-taxable","20":"purchasable","21":"product-type-simple"},"_links":{"self":[{"href":"https:\/\/troypetshop.com\/de\/wp-json\/wp\/v2\/product\/10731","targetHints":{"allow":["GET"]}}],"collection":[{"href":"https:\/\/troypetshop.com\/de\/wp-json\/wp\/v2\/product"}],"about":[{"href":"https:\/\/troypetshop.com\/de\/wp-json\/wp\/v2\/types\/product"}],"replies":[{"embeddable":true,"href":"https:\/\/troypetshop.com\/de\/wp-json\/wp\/v2\/comments?post=10731"}],"wp:featuredmedia":[{"embeddable":true,"href":"https:\/\/troypetshop.com\/de\/wp-json\/wp\/v2\/media\/10728"}],"wp:attachment":[{"href":"https:\/\/troypetshop.com\/de\/wp-json\/wp\/v2\/media?parent=10731"}],"wp:term":[{"taxonomy":"product_brand","embeddable":true,"href":"https:\/\/troypetshop.com\/de\/wp-json\/wp\/v2\/product_brand?post=10731"},{"taxonomy":"product_cat","embeddable":true,"href":"https:\/\/troypetshop.com\/de\/wp-json\/wp\/v2\/product_cat?post=10731"},{"taxonomy":"product_tag","embeddable":true,"href":"https:\/\/troypetshop.com\/de\/wp-json\/wp\/v2\/product_tag?post=10731"}],"curies":[{"name":"wp","href":"https:\/\/api.w.org\/{rel}","templated":true}]}}