{"id":10740,"date":"2025-08-23T23:46:42","date_gmt":"2025-08-23T21:46:42","guid":{"rendered":"https:\/\/troypetshop.com\/product\/feder-kurze-kettenleine\/"},"modified":"2026-02-28T16:47:00","modified_gmt":"2026-02-28T15:47:00","slug":"feder-kurze-kettenleine","status":"publish","type":"product","link":"https:\/\/troypetshop.com\/de\/product\/feder-kurze-kettenleine\/","title":{"rendered":"Feder Kurze Kettenleine"},"content":{"rendered":"","protected":false},"excerpt":{"rendered":"<p class=\"hdt-product__title hdt-font-normal\">Nunbell &#8211; 3,5 mm kurze Hunde-Pufferfeder-Kettenleine mit Griff wurde f\u00fcr optimale Kontrolle und Sto\u00dfd\u00e4mpfung bei Spazierg\u00e4ngen entwickelt. Sie ist aus haltbarem, rostfreiem 3,5-mm-Metall gefertigt und verf\u00fcgt \u00fcber eine Pufferfeder, die pl\u00f6tzliches Ziehen reduziert und so f\u00fcr den Komfort von Tier und Halter sorgt. <\/p>\n<ul>\n<li>L = 60cm<\/li>\n<li>B = 3,5mm<\/li>\n<\/ul>\n","protected":false},"featured_media":10737,"comment_status":"open","ping_status":"closed","template":"","meta":[],"product_brand":[],"product_cat":[472,473,535,728],"product_tag":[2429,2430,591,2428],"class_list":{"0":"post-10740","1":"product","2":"type-product","3":"status-publish","4":"has-post-thumbnail","6":"product_cat-hund","7":"product_cat-hundehalsbander-leinen","8":"product_cat-hundeleinen","9":"product_cat-katzen-und-hundezubehor","10":"product_tag-fruhling","11":"product_tag-kette","12":"product_tag-leine","13":"product_tag-puffer","14":"post","15":"post-with-thumbnail","16":"post-with-thumbnail-large","18":"first","19":"instock","20":"sale","21":"taxable","22":"shipping-taxable","23":"purchasable","24":"product-type-simple"},"_links":{"self":[{"href":"https:\/\/troypetshop.com\/de\/wp-json\/wp\/v2\/product\/10740","targetHints":{"allow":["GET"]}}],"collection":[{"href":"https:\/\/troypetshop.com\/de\/wp-json\/wp\/v2\/product"}],"about":[{"href":"https:\/\/troypetshop.com\/de\/wp-json\/wp\/v2\/types\/product"}],"replies":[{"embeddable":true,"href":"https:\/\/troypetshop.com\/de\/wp-json\/wp\/v2\/comments?post=10740"}],"wp:featuredmedia":[{"embeddable":true,"href":"https:\/\/troypetshop.com\/de\/wp-json\/wp\/v2\/media\/10737"}],"wp:attachment":[{"href":"https:\/\/troypetshop.com\/de\/wp-json\/wp\/v2\/media?parent=10740"}],"wp:term":[{"taxonomy":"product_brand","embeddable":true,"href":"https:\/\/troypetshop.com\/de\/wp-json\/wp\/v2\/product_brand?post=10740"},{"taxonomy":"product_cat","embeddable":true,"href":"https:\/\/troypetshop.com\/de\/wp-json\/wp\/v2\/product_cat?post=10740"},{"taxonomy":"product_tag","embeddable":true,"href":"https:\/\/troypetshop.com\/de\/wp-json\/wp\/v2\/product_tag?post=10740"}],"curies":[{"name":"wp","href":"https:\/\/api.w.org\/{rel}","templated":true}]}}