{"id":10856,"date":"2025-08-27T19:26:34","date_gmt":"2025-08-27T17:26:34","guid":{"rendered":"https:\/\/troypetshop.com\/product\/nylon-maulkorb-fuer-hunde\/"},"modified":"2026-02-28T16:53:54","modified_gmt":"2026-02-28T15:53:54","slug":"nylon-maulkorb-fuer-hunde","status":"publish","type":"product","link":"https:\/\/troypetshop.com\/de\/product\/nylon-maulkorb-fuer-hunde\/","title":{"rendered":"Nylon Maulkorb f\u00fcr Hunde"},"content":{"rendered":"","protected":false},"excerpt":{"rendered":"<p><strong>Nunbell Nylon Maulkorb f\u00fcr Hunde<\/strong><\/p>\n<ul>\n<li><b><\/b><strong><b>Sicherheit:<\/b><\/strong>Die Verwendung eines Maulkorbs kann bei aggressiven oder \u00e4ngstlichen Hunden Sicherheit bieten, insbesondere an \u00f6ffentlichen Orten oder bei tier\u00e4rztlichen Untersuchungen.<\/li>\n<li><b><\/b><strong><b>Training:<\/b><\/strong>Sie k\u00f6nnen Ihrem Hund beibringen, nicht auf dem Boden zu fressen oder auf verbotenen Gegenst\u00e4nden zu kauen.<\/li>\n<li><b><\/b><strong><b>Reisen:<\/b><\/strong>In einigen \u00f6ffentlichen Verkehrsmitteln oder an bestimmten Orten kann die Verwendung eines Maulkorbs erforderlich sein.<\/li>\n<\/ul>\n<ul>\n<li><b><\/b><strong><b>XLarge Gr\u00f6\u00dfe:<\/b><\/strong>Rottweiler, Bullmastiff, Bernhardiner, Neufundl\u00e4nder<\/li>\n<li><b><\/b><strong><b>Gro\u00dfe Gr\u00f6\u00dfe:<\/b><\/strong>Labrador, Retriever, Dobermann, Boxer<\/li>\n<li><b><\/b><strong><b>Mittlere Gr\u00f6\u00dfe:<\/b><\/strong>Husky, Dalmation, Pointer, Pitbull Terrier<\/li>\n<li><b><\/b><strong><b>Kleine Gr\u00f6\u00dfe:<\/b><\/strong>Beagle, Cocker Spaniel, Border Collie, Pudel<\/li>\n<li><b><\/b><strong><b>XSKleine Gr\u00f6\u00dfe:<\/b><\/strong>XS Jack Russel Terrier, Yorkshire Terrier, Dachsund, Malteser<\/li>\n<\/ul>\n","protected":false},"featured_media":10800,"comment_status":"open","ping_status":"closed","template":"","meta":[],"product_brand":[],"product_cat":[472,538],"product_tag":[675,2478,674],"class_list":{"0":"post-10856","1":"product","2":"type-product","3":"status-publish","4":"has-post-thumbnail","6":"product_cat-hund","7":"product_cat-hundemaulkoerbe","8":"product_tag-hund","9":"product_tag-mundung","10":"product_tag-nylon-de","11":"post","12":"post-with-thumbnail","13":"post-with-thumbnail-large","15":"first","16":"instock","17":"sale","18":"taxable","19":"shipping-taxable","20":"purchasable","21":"product-type-variable"},"_links":{"self":[{"href":"https:\/\/troypetshop.com\/de\/wp-json\/wp\/v2\/product\/10856","targetHints":{"allow":["GET"]}}],"collection":[{"href":"https:\/\/troypetshop.com\/de\/wp-json\/wp\/v2\/product"}],"about":[{"href":"https:\/\/troypetshop.com\/de\/wp-json\/wp\/v2\/types\/product"}],"replies":[{"embeddable":true,"href":"https:\/\/troypetshop.com\/de\/wp-json\/wp\/v2\/comments?post=10856"}],"wp:featuredmedia":[{"embeddable":true,"href":"https:\/\/troypetshop.com\/de\/wp-json\/wp\/v2\/media\/10800"}],"wp:attachment":[{"href":"https:\/\/troypetshop.com\/de\/wp-json\/wp\/v2\/media?parent=10856"}],"wp:term":[{"taxonomy":"product_brand","embeddable":true,"href":"https:\/\/troypetshop.com\/de\/wp-json\/wp\/v2\/product_brand?post=10856"},{"taxonomy":"product_cat","embeddable":true,"href":"https:\/\/troypetshop.com\/de\/wp-json\/wp\/v2\/product_cat?post=10856"},{"taxonomy":"product_tag","embeddable":true,"href":"https:\/\/troypetshop.com\/de\/wp-json\/wp\/v2\/product_tag?post=10856"}],"curies":[{"name":"wp","href":"https:\/\/api.w.org\/{rel}","templated":true}]}}