{"id":10875,"date":"2025-08-27T13:29:46","date_gmt":"2025-08-27T11:29:46","guid":{"rendered":"https:\/\/troypetshop.com\/product\/gummi-hundemaulkorb\/"},"modified":"2026-02-28T16:54:01","modified_gmt":"2026-02-28T15:54:01","slug":"gummi-hundemaulkorb","status":"publish","type":"product","link":"https:\/\/troypetshop.com\/de\/product\/gummi-hundemaulkorb\/","title":{"rendered":"Gummi Hundemaulkorb"},"content":{"rendered":"","protected":false},"excerpt":{"rendered":"<ul>\n<li>Starkes, haltbares Gummi f\u00fcr optimale <strong><b>Sicherheit<\/b><\/strong><\/li>\n<li>Ergonomisch und flexibel f\u00fcr zus\u00e4tzlichen Komfort<strong><b>Komfort<\/b><\/strong><\/li>\n<li><b><\/b><strong><b>Weiche<\/b><\/strong>Neoprenpolsterung an den Seiten und am Kinn<\/li>\n<li>Der vordere Teil des Maulkorbs kann ge\u00f6ffnet werden, damit Ihr Hund fressen und trinken kann <strong><b>leicht<\/b><\/strong><\/li>\n<\/ul>\n<ul>\n<li><b><\/b><strong><b>XLarge Gr\u00f6\u00dfe: <\/b><\/strong>Rottweiler, Bullmastiff, Bernhardiner, Neufundl\u00e4nder<\/li>\n<li><b><\/b><strong><b>Gro\u00dfe Gr\u00f6\u00dfe: <\/b><\/strong>Labrador, Retriever, Dobermann, Boxer<\/li>\n<li><b><\/b><strong><b>Mittlere Gr\u00f6\u00dfe: <\/b><\/strong>Husky, Dalmation, Pointer, Pitbull Terrier<\/li>\n<li><b><\/b><strong><b>Kleine Gr\u00f6\u00dfe: <\/b><\/strong>Beagle, Cocker Spaniel, Border Collie, Pudel<\/li>\n<li><b><\/b><strong><b>XSkleine Gr\u00f6\u00dfe: <\/b><\/strong>Jack Russel Terrier, Yorkshire Terrier, Dachsund, Malteser<\/li>\n<\/ul>\n","protected":false},"featured_media":10754,"comment_status":"open","ping_status":"closed","template":"","meta":[],"product_brand":[],"product_cat":[472,538],"product_tag":[2060,675,2478],"class_list":{"0":"post-10875","1":"product","2":"type-product","3":"status-publish","4":"has-post-thumbnail","6":"product_cat-hund","7":"product_cat-hundemaulkoerbe","8":"product_tag-gummi","9":"product_tag-hund","10":"product_tag-mundung","11":"post","12":"post-with-thumbnail","13":"post-with-thumbnail-large","15":"first","16":"instock","17":"sale","18":"taxable","19":"shipping-taxable","20":"purchasable","21":"product-type-variable"},"_links":{"self":[{"href":"https:\/\/troypetshop.com\/de\/wp-json\/wp\/v2\/product\/10875","targetHints":{"allow":["GET"]}}],"collection":[{"href":"https:\/\/troypetshop.com\/de\/wp-json\/wp\/v2\/product"}],"about":[{"href":"https:\/\/troypetshop.com\/de\/wp-json\/wp\/v2\/types\/product"}],"replies":[{"embeddable":true,"href":"https:\/\/troypetshop.com\/de\/wp-json\/wp\/v2\/comments?post=10875"}],"wp:featuredmedia":[{"embeddable":true,"href":"https:\/\/troypetshop.com\/de\/wp-json\/wp\/v2\/media\/10754"}],"wp:attachment":[{"href":"https:\/\/troypetshop.com\/de\/wp-json\/wp\/v2\/media?parent=10875"}],"wp:term":[{"taxonomy":"product_brand","embeddable":true,"href":"https:\/\/troypetshop.com\/de\/wp-json\/wp\/v2\/product_brand?post=10875"},{"taxonomy":"product_cat","embeddable":true,"href":"https:\/\/troypetshop.com\/de\/wp-json\/wp\/v2\/product_cat?post=10875"},{"taxonomy":"product_tag","embeddable":true,"href":"https:\/\/troypetshop.com\/de\/wp-json\/wp\/v2\/product_tag?post=10875"}],"curies":[{"name":"wp","href":"https:\/\/api.w.org\/{rel}","templated":true}]}}