{"id":11252,"date":"2025-12-01T16:24:36","date_gmt":"2025-12-01T15:24:36","guid":{"rendered":"https:\/\/troypetshop.com\/product\/spielzeugmaus\/"},"modified":"2026-02-28T16:51:06","modified_gmt":"2026-02-28T15:51:06","slug":"spielzeugmaus","status":"publish","type":"product","link":"https:\/\/troypetshop.com\/de\/product\/spielzeugmaus\/","title":{"rendered":"Spielzeugmaus"},"content":{"rendered":"","protected":false},"excerpt":{"rendered":"<p>Spielzeug-Maus: Das ist ein lustiges und fesselndes Spielzeug f\u00fcr Ihre Katze. Das mausf\u00f6rmige Design regt den nat\u00fcrlichen Jagdinstinkt an, h\u00e4lt Ihr Haustier aktiv und hilft, Stress abzubauen. Die perfekte Wahl, um Ihrer Katze sowohl Unterhaltung als auch gesunde Spielzeit zu bieten.  <\/p>\n<p>2 St\u00fcck in einer Schachtel<\/p>\n","protected":false},"featured_media":11251,"comment_status":"open","ping_status":"closed","template":"","meta":[],"product_brand":[],"product_cat":[508,1386,1567,457],"product_tag":[2544],"class_list":{"0":"post-11252","1":"product","2":"type-product","3":"status-publish","4":"has-post-thumbnail","6":"product_cat-katze","7":"product_cat-katzenspielzeug","8":"product_cat-maus","9":"product_cat-unsere-produkte","10":"product_tag-spielzeugmaus","11":"post","12":"post-with-thumbnail","13":"post-with-thumbnail-large","15":"first","16":"instock","17":"sale","18":"taxable","19":"shipping-taxable","20":"purchasable","21":"product-type-simple"},"_links":{"self":[{"href":"https:\/\/troypetshop.com\/de\/wp-json\/wp\/v2\/product\/11252","targetHints":{"allow":["GET"]}}],"collection":[{"href":"https:\/\/troypetshop.com\/de\/wp-json\/wp\/v2\/product"}],"about":[{"href":"https:\/\/troypetshop.com\/de\/wp-json\/wp\/v2\/types\/product"}],"replies":[{"embeddable":true,"href":"https:\/\/troypetshop.com\/de\/wp-json\/wp\/v2\/comments?post=11252"}],"wp:featuredmedia":[{"embeddable":true,"href":"https:\/\/troypetshop.com\/de\/wp-json\/wp\/v2\/media\/11251"}],"wp:attachment":[{"href":"https:\/\/troypetshop.com\/de\/wp-json\/wp\/v2\/media?parent=11252"}],"wp:term":[{"taxonomy":"product_brand","embeddable":true,"href":"https:\/\/troypetshop.com\/de\/wp-json\/wp\/v2\/product_brand?post=11252"},{"taxonomy":"product_cat","embeddable":true,"href":"https:\/\/troypetshop.com\/de\/wp-json\/wp\/v2\/product_cat?post=11252"},{"taxonomy":"product_tag","embeddable":true,"href":"https:\/\/troypetshop.com\/de\/wp-json\/wp\/v2\/product_tag?post=11252"}],"curies":[{"name":"wp","href":"https:\/\/api.w.org\/{rel}","templated":true}]}}