{"id":11283,"date":"2026-01-01T16:36:26","date_gmt":"2026-01-01T15:36:26","guid":{"rendered":"https:\/\/troypetshop.com\/?post_type=product&#038;p=11283"},"modified":"2026-02-28T16:53:57","modified_gmt":"2026-02-28T15:53:57","slug":"mini-leine-fur-hundespaziergange-copy","status":"publish","type":"product","link":"https:\/\/troypetshop.com\/de\/product\/mini-leine-fur-hundespaziergange-copy\/","title":{"rendered":"Mini-Leine f\u00fcr Hundespazierg\u00e4nge (Copy)"},"content":{"rendered":"","protected":false},"excerpt":{"rendered":"<p class=\"product_title entry-title wd-entities-title\">Mini-Handleinen aus einfarbigem Textil:<\/p>\n<p>Die unifarbene Leine von Nunbell ist die ideale Kombination aus Eleganz, Langlebigkeit und Funktionalit\u00e4t, mit der Sie Ihren Spaziergang mit Ihrem Haustier noch angenehmer gestalten k\u00f6nnen. Die aus hochwertigen, langlebigen Materialien gefertigte Leine bietet sowohl St\u00e4rke als auch Komfort und sorgt daf\u00fcr, dass jeder Spaziergang sicher und angenehm ist. <\/p>\n<p>Gr\u00f6\u00dfe:<\/p>\n<ul>\n<li>Breite = 1,0 cm, L\u00e4nge = 110 cm<\/li>\n<\/ul>\n","protected":false},"featured_media":7829,"comment_status":"open","ping_status":"closed","template":"","meta":[],"product_brand":[],"product_cat":[472,473,535,474],"product_tag":[676,675,591],"class_list":{"0":"post-11283","1":"product","2":"type-product","3":"status-publish","4":"has-post-thumbnail","6":"product_cat-hund","7":"product_cat-hundehalsbander-leinen","8":"product_cat-hundeleinen","9":"product_cat-katzenhalsbander","10":"product_tag-haustier","11":"product_tag-hund","12":"product_tag-leine","13":"post","14":"post-with-thumbnail","15":"post-with-thumbnail-large","17":"first","18":"outofstock","19":"taxable","20":"shipping-taxable","21":"product-type-variable"},"_links":{"self":[{"href":"https:\/\/troypetshop.com\/de\/wp-json\/wp\/v2\/product\/11283","targetHints":{"allow":["GET"]}}],"collection":[{"href":"https:\/\/troypetshop.com\/de\/wp-json\/wp\/v2\/product"}],"about":[{"href":"https:\/\/troypetshop.com\/de\/wp-json\/wp\/v2\/types\/product"}],"replies":[{"embeddable":true,"href":"https:\/\/troypetshop.com\/de\/wp-json\/wp\/v2\/comments?post=11283"}],"wp:featuredmedia":[{"embeddable":true,"href":"https:\/\/troypetshop.com\/de\/wp-json\/wp\/v2\/media\/7829"}],"wp:attachment":[{"href":"https:\/\/troypetshop.com\/de\/wp-json\/wp\/v2\/media?parent=11283"}],"wp:term":[{"taxonomy":"product_brand","embeddable":true,"href":"https:\/\/troypetshop.com\/de\/wp-json\/wp\/v2\/product_brand?post=11283"},{"taxonomy":"product_cat","embeddable":true,"href":"https:\/\/troypetshop.com\/de\/wp-json\/wp\/v2\/product_cat?post=11283"},{"taxonomy":"product_tag","embeddable":true,"href":"https:\/\/troypetshop.com\/de\/wp-json\/wp\/v2\/product_tag?post=11283"}],"curies":[{"name":"wp","href":"https:\/\/api.w.org\/{rel}","templated":true}]}}