{"id":11399,"date":"2025-09-02T15:53:49","date_gmt":"2025-09-02T13:53:49","guid":{"rendered":"https:\/\/troypetshop.com\/product\/hundekette-leine\/"},"modified":"2026-02-28T16:53:59","modified_gmt":"2026-02-28T15:53:59","slug":"hundekette-leine","status":"publish","type":"product","link":"https:\/\/troypetshop.com\/de\/product\/hundekette-leine\/","title":{"rendered":"Hundekette Leine"},"content":{"rendered":"","protected":false},"excerpt":{"rendered":"<p>Nunbell superweiche Hundeleine mit gepolstertem Griff f\u00fcr mittelgro\u00dfe und gro\u00dfe Haustiere<\/p>\n<p>bietet einen weichen, ergonomischen Griff, der sich nicht in Ihre H\u00e4nde bohrt und verhindert, dass Sie sich die Leine verbrennen, wenn Ihr Welpe bei langen Spazierg\u00e4ngen pl\u00f6tzlich zieht.<\/p>\n","protected":false},"featured_media":10902,"comment_status":"open","ping_status":"closed","template":"","meta":[],"product_brand":[],"product_cat":[472,473,535],"product_tag":[676,675,2430,591,1903,2593],"class_list":{"0":"post-11399","1":"product","2":"type-product","3":"status-publish","4":"has-post-thumbnail","6":"product_cat-hund","7":"product_cat-hundehalsbander-leinen","8":"product_cat-hundeleinen","9":"product_tag-haustier","10":"product_tag-hund","11":"product_tag-kette","12":"product_tag-leine","13":"product_tag-nunbell-de","14":"product_tag-weich-gepolsterter-griff","15":"post","16":"post-with-thumbnail","17":"post-with-thumbnail-large","19":"first","20":"instock","21":"sale","22":"taxable","23":"shipping-taxable","24":"purchasable","25":"product-type-variable"},"_links":{"self":[{"href":"https:\/\/troypetshop.com\/de\/wp-json\/wp\/v2\/product\/11399","targetHints":{"allow":["GET"]}}],"collection":[{"href":"https:\/\/troypetshop.com\/de\/wp-json\/wp\/v2\/product"}],"about":[{"href":"https:\/\/troypetshop.com\/de\/wp-json\/wp\/v2\/types\/product"}],"replies":[{"embeddable":true,"href":"https:\/\/troypetshop.com\/de\/wp-json\/wp\/v2\/comments?post=11399"}],"wp:featuredmedia":[{"embeddable":true,"href":"https:\/\/troypetshop.com\/de\/wp-json\/wp\/v2\/media\/10902"}],"wp:attachment":[{"href":"https:\/\/troypetshop.com\/de\/wp-json\/wp\/v2\/media?parent=11399"}],"wp:term":[{"taxonomy":"product_brand","embeddable":true,"href":"https:\/\/troypetshop.com\/de\/wp-json\/wp\/v2\/product_brand?post=11399"},{"taxonomy":"product_cat","embeddable":true,"href":"https:\/\/troypetshop.com\/de\/wp-json\/wp\/v2\/product_cat?post=11399"},{"taxonomy":"product_tag","embeddable":true,"href":"https:\/\/troypetshop.com\/de\/wp-json\/wp\/v2\/product_tag?post=11399"}],"curies":[{"name":"wp","href":"https:\/\/api.w.org\/{rel}","templated":true}]}}