{"id":11427,"date":"2026-01-06T16:54:51","date_gmt":"2026-01-06T15:54:51","guid":{"rendered":"https:\/\/troypetshop.com\/product\/led-dog-collar\/"},"modified":"2026-02-28T16:48:43","modified_gmt":"2026-02-28T15:48:43","slug":"led-dog-collar","status":"publish","type":"product","link":"https:\/\/troypetshop.com\/de\/product\/led-dog-collar\/","title":{"rendered":"LED Dog Collar"},"content":{"rendered":"","protected":false},"excerpt":{"rendered":"<p>Die \u00fcber USB wiederaufladbaren, hellen LED-Leuchten beleuchten Ihr Haustier und machen es bei schlechten Lichtverh\u00e4ltnissen, wie z.B. abends oder bei nebligem Wetter, gut sichtbar. Dies sch\u00fctzt Ihren Hund, da Radfahrer oder Autofahrer das Licht bemerken und entsprechend reagieren k\u00f6nnen. Helle LED-Lichthalsb\u00e4nder f\u00fcr Hunde helfen, Unf\u00e4lle zu vermeiden.  <\/p>\n<ul>\n<li>L\u00e4nge = Gro\u00df (45 &#8211; 52cm)<\/li>\n<\/ul>\n","protected":false},"featured_media":11423,"comment_status":"open","ping_status":"closed","template":"","meta":[],"product_brand":[],"product_cat":[475,472,473],"product_tag":[675,476,2603,2604],"class_list":{"0":"post-11427","1":"product","2":"type-product","3":"status-publish","4":"has-post-thumbnail","6":"product_cat-halskragen","7":"product_cat-hund","8":"product_cat-hundehalsbander-leinen","9":"product_tag-hund","10":"product_tag-kragen","11":"product_tag-led","12":"product_tag-usb-wiederaufladbar","13":"post","14":"post-with-thumbnail","15":"post-with-thumbnail-large","17":"first","18":"instock","19":"sale","20":"taxable","21":"shipping-taxable","22":"purchasable","23":"product-type-simple"},"_links":{"self":[{"href":"https:\/\/troypetshop.com\/de\/wp-json\/wp\/v2\/product\/11427","targetHints":{"allow":["GET"]}}],"collection":[{"href":"https:\/\/troypetshop.com\/de\/wp-json\/wp\/v2\/product"}],"about":[{"href":"https:\/\/troypetshop.com\/de\/wp-json\/wp\/v2\/types\/product"}],"replies":[{"embeddable":true,"href":"https:\/\/troypetshop.com\/de\/wp-json\/wp\/v2\/comments?post=11427"}],"wp:featuredmedia":[{"embeddable":true,"href":"https:\/\/troypetshop.com\/de\/wp-json\/wp\/v2\/media\/11423"}],"wp:attachment":[{"href":"https:\/\/troypetshop.com\/de\/wp-json\/wp\/v2\/media?parent=11427"}],"wp:term":[{"taxonomy":"product_brand","embeddable":true,"href":"https:\/\/troypetshop.com\/de\/wp-json\/wp\/v2\/product_brand?post=11427"},{"taxonomy":"product_cat","embeddable":true,"href":"https:\/\/troypetshop.com\/de\/wp-json\/wp\/v2\/product_cat?post=11427"},{"taxonomy":"product_tag","embeddable":true,"href":"https:\/\/troypetshop.com\/de\/wp-json\/wp\/v2\/product_tag?post=11427"}],"curies":[{"name":"wp","href":"https:\/\/api.w.org\/{rel}","templated":true}]}}