{"id":11434,"date":"2026-01-06T18:02:25","date_gmt":"2026-01-06T17:02:25","guid":{"rendered":"https:\/\/troypetshop.com\/?post_type=product&#038;p=11434"},"modified":"2026-02-28T16:54:00","modified_gmt":"2026-02-28T15:54:00","slug":"blauer-led-halsband","status":"publish","type":"product","link":"https:\/\/troypetshop.com\/de\/product\/blauer-led-halsband\/","title":{"rendered":"Blaue LED-Schlauchmanschette"},"content":{"rendered":"","protected":false},"excerpt":{"rendered":"<p>Karlie Flamingo Visio Hellblaues LED Schlauchhalsband<\/p>\n<p>Die \u00fcber USB wiederaufladbaren, hellen blauen LED-Leuchten beleuchten Ihr Haustier und machen es bei schlechten Lichtverh\u00e4ltnissen, wie z.B. abends oder bei nebligem Wetter, gut sichtbar. Dies sch\u00fctzt Ihr Haustier, da Radfahrer oder Autofahrer das blaue Licht bemerken und entsprechend reagieren k\u00f6nnen. Hellblaue LED-Lichtschlauchhalsb\u00e4nder f\u00fcr Haustiere helfen, Unf\u00e4lle zu vermeiden. Einstellbares Blinken und Dauerlicht<br \/>\nmit USB-C-Kabel.<\/p>\n<ul>\n<li>L\u00e4ngen = 35cm, 50cm, 70cm<\/li>\n<li>Farbe = Blau<\/li>\n<\/ul>\n","protected":false},"featured_media":11450,"comment_status":"open","ping_status":"closed","template":"","meta":[],"product_brand":[],"product_cat":[475,473,477],"product_tag":[2617,676,476,2618,2604],"class_list":{"0":"post-11434","1":"product","2":"type-product","3":"status-publish","4":"has-post-thumbnail","6":"product_cat-halskragen","7":"product_cat-hundehalsbander-leinen","8":"product_cat-katzenhalsbander-de","9":"product_tag-blaue-led","10":"product_tag-haustier","11":"product_tag-kragen","12":"product_tag-led-schlauchmanschette","13":"product_tag-usb-wiederaufladbar","14":"post","15":"post-with-thumbnail","16":"post-with-thumbnail-large","18":"first","19":"instock","20":"sale","21":"taxable","22":"shipping-taxable","23":"purchasable","24":"product-type-variable"},"_links":{"self":[{"href":"https:\/\/troypetshop.com\/de\/wp-json\/wp\/v2\/product\/11434","targetHints":{"allow":["GET"]}}],"collection":[{"href":"https:\/\/troypetshop.com\/de\/wp-json\/wp\/v2\/product"}],"about":[{"href":"https:\/\/troypetshop.com\/de\/wp-json\/wp\/v2\/types\/product"}],"replies":[{"embeddable":true,"href":"https:\/\/troypetshop.com\/de\/wp-json\/wp\/v2\/comments?post=11434"}],"wp:featuredmedia":[{"embeddable":true,"href":"https:\/\/troypetshop.com\/de\/wp-json\/wp\/v2\/media\/11450"}],"wp:attachment":[{"href":"https:\/\/troypetshop.com\/de\/wp-json\/wp\/v2\/media?parent=11434"}],"wp:term":[{"taxonomy":"product_brand","embeddable":true,"href":"https:\/\/troypetshop.com\/de\/wp-json\/wp\/v2\/product_brand?post=11434"},{"taxonomy":"product_cat","embeddable":true,"href":"https:\/\/troypetshop.com\/de\/wp-json\/wp\/v2\/product_cat?post=11434"},{"taxonomy":"product_tag","embeddable":true,"href":"https:\/\/troypetshop.com\/de\/wp-json\/wp\/v2\/product_tag?post=11434"}],"curies":[{"name":"wp","href":"https:\/\/api.w.org\/{rel}","templated":true}]}}