{"id":11560,"date":"2026-01-09T19:32:27","date_gmt":"2026-01-09T16:32:27","guid":{"rendered":"https:\/\/troypetshop.com\/product\/nagelknipser-und-feile\/"},"modified":"2026-02-28T16:54:01","modified_gmt":"2026-02-28T15:54:01","slug":"nagelknipser-und-feile","status":"publish","type":"product","link":"https:\/\/troypetshop.com\/de\/product\/nagelknipser-und-feile\/","title":{"rendered":"Nagelknipser und Feile"},"content":{"rendered":"","protected":false},"excerpt":{"rendered":"<p>Hunde-Nagelknipser und Nagelfeile<\/p>\n<p>Nagelknipser und Nagelfeile f\u00fcr Hunde sind in zwei verschiedenen Gr\u00f6\u00dfen erh\u00e4ltlich:<br \/>\nGro\u00df (15,7 cm) Klein (12,5 cm) und Feile (10cm)<\/p>\n<div class=\"elementor-element elementor-element-4c5d51cf tabs-submit-btn-align-left elementor-widget elementor-widget-shopengine-product-tabs\" data-id=\"4c5d51cf\" data-element_type=\"widget\" data-widget_type=\"shopengine-product-tabs.default\">\n<div class=\"elementor-widget-container\">\n<div class=\"shopengine shopengine-widget\">\n<div class=\"shopengine-product-tabs\">\n<div class=\"woocommerce-tabs wc-tabs-wrapper\">\n<div id=\"tab-description\" class=\"woocommerce-Tabs-panel woocommerce-Tabs-panel--description panel entry-content wc-tab\" role=\"tabpanel\" aria-labelledby=\"tab-title-description\">\n<div class=\"flex flex-grow flex-col max-w-full\">\n<div class=\"min-h-[20px] text-message flex flex-col items-start whitespace-pre-wrap break-words [.text-message+&amp;]:mt-5 juice:w-full juice:items-end overflow-x-auto gap-2\" dir=\"auto\" data-message-author-role=\"assistant\" data-message-id=\"670c92f9-1ee7-409c-9a0f-562584bd43b6\">\n<div class=\"flex w-full flex-col gap-1 juice:empty:hidden juice:first:pt-[3px]\">\n<div class=\"markdown prose w-full break-words dark:prose-invert dark\">\n<ul>\n<li data-start=\"548\" data-end=\"591\"><span dir=\"auto\">Scharfe Klingen aus rostfreiem Stahl f\u00fcr pr\u00e4zises Schneiden<\/span><\/li>\n<li data-start=\"594\" data-end=\"626\"><span dir=\"auto\">Rutschfester, ergonomischer Griff<\/span><\/li>\n<li data-start=\"629\" data-end=\"671\"><span dir=\"auto\">Sicherheitsstop gegen versehentliches Schneiden<\/span><\/li>\n<li data-start=\"674\" data-end=\"726\"><span dir=\"auto\">Sowohl f\u00fcr den privaten als auch f\u00fcr den professionellen Gebrauch geeignet<\/span><\/li>\n<li data-start=\"729\" data-end=\"778\"><span dir=\"auto\">F\u00fcr Hunde, Katzen, Kaninchen und andere kleine Haustiere<\/span><\/li>\n<\/ul>\n<\/div>\n<\/div>\n<\/div>\n<\/div>\n<\/div>\n<\/div>\n<\/div>\n<\/div>\n<\/div>\n<\/div>\n<div class=\"elementor-element elementor-element-1d4f360 elementor-align-center elementor-widget elementor-widget-shopengine-product-excerpt\" data-id=\"1d4f360\" data-element_type=\"widget\" data-widget_type=\"shopengine-product-excerpt.default\">\n<div class=\"elementor-widget-container\">\n<div class=\"shopengine shopengine-widget\">\n<div class=\"shopengine-product-excerpt\">\n<div class=\"woocommerce-product-details__short-description\"><\/div>\n<\/div>\n<\/div>\n<\/div>\n<\/div>\n","protected":false},"featured_media":11558,"comment_status":"open","ping_status":"closed","template":"","meta":[],"product_brand":[],"product_cat":[728,2647],"product_tag":[2664,2665],"class_list":{"0":"post-11560","1":"product","2":"type-product","3":"status-publish","4":"has-post-thumbnail","6":"product_cat-katzen-und-hundezubehor","7":"product_cat-nagelknipser","8":"product_tag-clipper","9":"product_tag-nagelfeile","10":"post","11":"post-with-thumbnail","12":"post-with-thumbnail-large","14":"first","15":"instock","16":"sale","17":"taxable","18":"shipping-taxable","19":"purchasable","20":"product-type-variable"},"_links":{"self":[{"href":"https:\/\/troypetshop.com\/de\/wp-json\/wp\/v2\/product\/11560","targetHints":{"allow":["GET"]}}],"collection":[{"href":"https:\/\/troypetshop.com\/de\/wp-json\/wp\/v2\/product"}],"about":[{"href":"https:\/\/troypetshop.com\/de\/wp-json\/wp\/v2\/types\/product"}],"replies":[{"embeddable":true,"href":"https:\/\/troypetshop.com\/de\/wp-json\/wp\/v2\/comments?post=11560"}],"wp:featuredmedia":[{"embeddable":true,"href":"https:\/\/troypetshop.com\/de\/wp-json\/wp\/v2\/media\/11558"}],"wp:attachment":[{"href":"https:\/\/troypetshop.com\/de\/wp-json\/wp\/v2\/media?parent=11560"}],"wp:term":[{"taxonomy":"product_brand","embeddable":true,"href":"https:\/\/troypetshop.com\/de\/wp-json\/wp\/v2\/product_brand?post=11560"},{"taxonomy":"product_cat","embeddable":true,"href":"https:\/\/troypetshop.com\/de\/wp-json\/wp\/v2\/product_cat?post=11560"},{"taxonomy":"product_tag","embeddable":true,"href":"https:\/\/troypetshop.com\/de\/wp-json\/wp\/v2\/product_tag?post=11560"}],"curies":[{"name":"wp","href":"https:\/\/api.w.org\/{rel}","templated":true}]}}