{"id":11776,"date":"2026-01-13T16:06:17","date_gmt":"2026-01-13T15:06:17","guid":{"rendered":"https:\/\/troypetshop.com\/?post_type=product&#038;p=11776"},"modified":"2026-02-28T16:49:53","modified_gmt":"2026-02-28T15:49:53","slug":"aktivitatsseil-zahnseide","status":"publish","type":"product","link":"https:\/\/troypetshop.com\/de\/product\/aktivitatsseil-zahnseide\/","title":{"rendered":"Aktivit\u00e4tsseil &#8211; Zahnseide"},"content":{"rendered":"","protected":false},"excerpt":{"rendered":"<p>Aktivit\u00e4tsseil. Es ist auch eine geknotete Zahnseide.<\/p>\n<ul>\n<li>Zahnseide mit geknotetem Griff befriedigt die Bed\u00fcrfnisse Ihres Hundes wie Bei\u00dfen und Nagen und reduziert Stress.<\/li>\n<li>Ideal f\u00fcr gemeinsame Tauziehspiele. Es ist ein dickes und haltbares Zerrspielzeug.<\/li>\n<li>Die Aktivit\u00e4tsseile sind 2,5 cm dick und 25, 45 und 60 cm lang.<\/li>\n<li>Dieses aus Baumwollf\u00e4den gedrehte Seil hilft, die Z\u00e4hne Ihres Hundes durch Reibung zu reinigen. Es ist eine strapazierf\u00e4hige Zahnseide, die f\u00fcr gro\u00dfe, mittlere und kleine Hunderassen geeignet ist.<\/li>\n<li>Aus hygienischen Gr\u00fcnden empfehlen wir, den Teil der Leine, in den der Hund gebissen hat, h\u00e4ufig zu waschen.<\/li>\n<\/ul>\n<p><strong>Bitte w\u00e4hlen Sie die Gr\u00f6\u00dfe aus, bevor Sie sie in den Warenkorb legen.<\/strong><\/p>\n","protected":false},"featured_media":11786,"comment_status":"open","ping_status":"closed","template":"","meta":[],"product_brand":[],"product_cat":[1388,1387,1420,457],"product_tag":[2060,1449],"class_list":{"0":"post-11776","1":"product","2":"type-product","3":"status-publish","4":"has-post-thumbnail","6":"product_cat-aktivitatsseile-zahnseide","7":"product_cat-hundespielzeug","8":"product_cat-knochen","9":"product_cat-unsere-produkte","10":"product_tag-gummi","11":"product_tag-zahnseide","12":"post","13":"post-with-thumbnail","14":"post-with-thumbnail-large","16":"first","17":"instock","18":"sale","19":"taxable","20":"shipping-taxable","21":"purchasable","22":"product-type-simple"},"_links":{"self":[{"href":"https:\/\/troypetshop.com\/de\/wp-json\/wp\/v2\/product\/11776","targetHints":{"allow":["GET"]}}],"collection":[{"href":"https:\/\/troypetshop.com\/de\/wp-json\/wp\/v2\/product"}],"about":[{"href":"https:\/\/troypetshop.com\/de\/wp-json\/wp\/v2\/types\/product"}],"replies":[{"embeddable":true,"href":"https:\/\/troypetshop.com\/de\/wp-json\/wp\/v2\/comments?post=11776"}],"wp:featuredmedia":[{"embeddable":true,"href":"https:\/\/troypetshop.com\/de\/wp-json\/wp\/v2\/media\/11786"}],"wp:attachment":[{"href":"https:\/\/troypetshop.com\/de\/wp-json\/wp\/v2\/media?parent=11776"}],"wp:term":[{"taxonomy":"product_brand","embeddable":true,"href":"https:\/\/troypetshop.com\/de\/wp-json\/wp\/v2\/product_brand?post=11776"},{"taxonomy":"product_cat","embeddable":true,"href":"https:\/\/troypetshop.com\/de\/wp-json\/wp\/v2\/product_cat?post=11776"},{"taxonomy":"product_tag","embeddable":true,"href":"https:\/\/troypetshop.com\/de\/wp-json\/wp\/v2\/product_tag?post=11776"}],"curies":[{"name":"wp","href":"https:\/\/api.w.org\/{rel}","templated":true}]}}