{"id":11811,"date":"2026-01-13T16:45:13","date_gmt":"2026-01-13T15:45:13","guid":{"rendered":"https:\/\/troypetshop.com\/?post_type=product&#038;p=11811"},"modified":"2026-02-28T16:54:08","modified_gmt":"2026-02-28T15:54:08","slug":"gummi-hundeknochen-copy","status":"publish","type":"product","link":"https:\/\/troypetshop.com\/de\/product\/gummi-hundeknochen-copy\/","title":{"rendered":"Essbare Hundeknochen"},"content":{"rendered":"","protected":false},"excerpt":{"rendered":"<p>Diese klassischen Kauknochen sind aus hochwertigem, 100% nat\u00fcrlichem Rohleder hergestellt und enthalten keine sch\u00e4dlichen Chemikalien. 100% essbar und eine gute Quelle f\u00fcr Kalzium. F\u00f6rdert gesunde Z\u00e4hne und gesundes Zahnfleisch und hilft bei der Reduzierung von Zahnstein und Plaque. Die Kaubonbons befriedigen das Bed\u00fcrfnis Ihres Hundes, zu knabbern.   <\/p>\n<p><strong>Bitte w\u00e4hlen Sie keine kleinen Knochen f\u00fcr gro\u00dfe Hunderassen!<\/strong><\/p>\n<p>Gr\u00f6\u00dfen:<\/p>\n<ul>\n<li>Gro\u00df = 15,2cm<\/li>\n<li>Mittel = 12,7cm<\/li>\n<\/ul>\n<p><strong>Bitte w\u00e4hlen Sie die Gr\u00f6\u00dfe Bone, bevor Sie sie in den Warenkorb legen.<\/strong><\/p>\n","protected":false},"featured_media":11860,"comment_status":"open","ping_status":"closed","template":"","meta":[],"product_brand":[],"product_cat":[1387,728,1420,457],"product_tag":[2738,1895],"class_list":{"0":"post-11811","1":"product","2":"type-product","3":"status-publish","4":"has-post-thumbnail","6":"product_cat-hundespielzeug","7":"product_cat-katzen-und-hundezubehor","8":"product_cat-knochen","9":"product_cat-unsere-produkte","10":"product_tag-essbare-knochen","11":"product_tag-hundespielzeug","12":"post","13":"post-with-thumbnail","14":"post-with-thumbnail-large","16":"first","17":"instock","18":"sale","19":"taxable","20":"shipping-taxable","21":"purchasable","22":"product-type-variable"},"_links":{"self":[{"href":"https:\/\/troypetshop.com\/de\/wp-json\/wp\/v2\/product\/11811","targetHints":{"allow":["GET"]}}],"collection":[{"href":"https:\/\/troypetshop.com\/de\/wp-json\/wp\/v2\/product"}],"about":[{"href":"https:\/\/troypetshop.com\/de\/wp-json\/wp\/v2\/types\/product"}],"replies":[{"embeddable":true,"href":"https:\/\/troypetshop.com\/de\/wp-json\/wp\/v2\/comments?post=11811"}],"wp:featuredmedia":[{"embeddable":true,"href":"https:\/\/troypetshop.com\/de\/wp-json\/wp\/v2\/media\/11860"}],"wp:attachment":[{"href":"https:\/\/troypetshop.com\/de\/wp-json\/wp\/v2\/media?parent=11811"}],"wp:term":[{"taxonomy":"product_brand","embeddable":true,"href":"https:\/\/troypetshop.com\/de\/wp-json\/wp\/v2\/product_brand?post=11811"},{"taxonomy":"product_cat","embeddable":true,"href":"https:\/\/troypetshop.com\/de\/wp-json\/wp\/v2\/product_cat?post=11811"},{"taxonomy":"product_tag","embeddable":true,"href":"https:\/\/troypetshop.com\/de\/wp-json\/wp\/v2\/product_tag?post=11811"}],"curies":[{"name":"wp","href":"https:\/\/api.w.org\/{rel}","templated":true}]}}