{"id":11864,"date":"2026-01-13T18:21:01","date_gmt":"2026-01-13T17:21:01","guid":{"rendered":"https:\/\/troypetshop.com\/?post_type=product&#038;p=11864"},"modified":"2026-02-28T16:49:18","modified_gmt":"2026-02-28T15:49:18","slug":"aktivitatsseil-zahnseide-copy-copy","status":"publish","type":"product","link":"https:\/\/troypetshop.com\/de\/product\/aktivitatsseil-zahnseide-copy-copy\/","title":{"rendered":"Gummiball &amp; Zahnseide"},"content":{"rendered":"","protected":false},"excerpt":{"rendered":"<p class=\"product-meta__title heading h1\">Gummi-Zahnreinigungsball und Spielzeug f\u00fcr Hunde<\/p>\n<ul>\n<li>Haustierspielzeug, Aktivit\u00e4tsseil<\/li>\n<li>Gesunde Hundez\u00e4hne, Zahnseide, verhindern die Bildung von Plaque und Zahnstein.<\/li>\n<li>Kausicherfest und Belohnungen k\u00f6nnen im Inneren des Gummiballs nachgef\u00fcllt werden<\/li>\n<li>Gr\u00f6\u00dfe des Kugeldurchmessers \u2205 = 7cm<\/li>\n<\/ul>\n<p>Das &#8222;zahn\u00e4hnliche&#8220; Design des 7 cm gro\u00dfen Balls eignet sich perfekt, um ihn mit den Lieblingsleckerlis Ihres Hundes zu f\u00fcllen. Wenn Ihr Hund den Ball rollt, l\u00f6sen sich die Leckerlis schlie\u00dflich und bescheren Ihrem Hund eine sch\u00f6ne \u00dcberraschung!<\/p>\n<p>&nbsp;<\/p>\n","protected":false},"featured_media":11869,"comment_status":"open","ping_status":"closed","template":"","meta":[],"product_brand":[],"product_cat":[1388,2672,1387,457],"product_tag":[2744,2060,2347,1449],"class_list":{"0":"post-11864","1":"product","2":"type-product","3":"status-publish","4":"has-post-thumbnail","6":"product_cat-aktivitatsseile-zahnseide","7":"product_cat-balle","8":"product_cat-hundespielzeug","9":"product_cat-unsere-produkte","10":"product_tag-behandelt","11":"product_tag-gummi","12":"product_tag-kugel","13":"product_tag-zahnseide","14":"post","15":"post-with-thumbnail","16":"post-with-thumbnail-large","18":"first","19":"instock","20":"sale","21":"taxable","22":"shipping-taxable","23":"purchasable","24":"product-type-simple"},"_links":{"self":[{"href":"https:\/\/troypetshop.com\/de\/wp-json\/wp\/v2\/product\/11864","targetHints":{"allow":["GET"]}}],"collection":[{"href":"https:\/\/troypetshop.com\/de\/wp-json\/wp\/v2\/product"}],"about":[{"href":"https:\/\/troypetshop.com\/de\/wp-json\/wp\/v2\/types\/product"}],"replies":[{"embeddable":true,"href":"https:\/\/troypetshop.com\/de\/wp-json\/wp\/v2\/comments?post=11864"}],"wp:featuredmedia":[{"embeddable":true,"href":"https:\/\/troypetshop.com\/de\/wp-json\/wp\/v2\/media\/11869"}],"wp:attachment":[{"href":"https:\/\/troypetshop.com\/de\/wp-json\/wp\/v2\/media?parent=11864"}],"wp:term":[{"taxonomy":"product_brand","embeddable":true,"href":"https:\/\/troypetshop.com\/de\/wp-json\/wp\/v2\/product_brand?post=11864"},{"taxonomy":"product_cat","embeddable":true,"href":"https:\/\/troypetshop.com\/de\/wp-json\/wp\/v2\/product_cat?post=11864"},{"taxonomy":"product_tag","embeddable":true,"href":"https:\/\/troypetshop.com\/de\/wp-json\/wp\/v2\/product_tag?post=11864"}],"curies":[{"name":"wp","href":"https:\/\/api.w.org\/{rel}","templated":true}]}}