{"id":11899,"date":"2026-01-15T21:13:50","date_gmt":"2026-01-15T20:13:50","guid":{"rendered":"https:\/\/troypetshop.com\/?post_type=product&#038;p=11899"},"modified":"2026-02-28T16:54:09","modified_gmt":"2026-02-28T15:54:09","slug":"essbarer-hundeknoten-knochen","status":"publish","type":"product","link":"https:\/\/troypetshop.com\/de\/product\/essbarer-hundeknoten-knochen\/","title":{"rendered":"Essbarer Hundeknoten-Knochen"},"content":{"rendered":"","protected":false},"excerpt":{"rendered":"<p><span id=\"productTitle\" class=\"a-size-large product-title-word-break\">Geknotete Kauknochen f\u00fcr mittlere und gro\u00dfe Hunde<\/span><\/p>\n<ul>\n<li class=\"a-size-large a-spacing-none\"><span class=\"a-size-large product-title-word-break\">100% nat\u00fcrlicher Kauknochen f\u00fcr Hunde<\/span><\/li>\n<li class=\"a-size-large a-spacing-none\"><span id=\"productTitle\" class=\"a-size-large product-title-word-break\"> Speziell hergestellt aus gepresstem Rindsleder<\/span><\/li>\n<li>Wenig Fett, hoher Proteingehalt<\/li>\n<li>Hilft, die Z\u00e4hne zu reinigen und das Zahnfleisch gesund zu halten<\/li>\n<li>Gegen Langeweile &#8211; lang anhaltende Kauzeit<\/li>\n<li>Hervorragend zum Stressabbau &#8211; hilft, den nat\u00fcrlichen Kautrieb unter Kontrolle zu halten<\/li>\n<\/ul>\n<p><strong>Bitte w\u00e4hlen Sie keine kleinen Knochen f\u00fcr gro\u00dfe Hunderassen!<\/strong><\/p>\n<ul>\n<li>Gr\u00f6\u00dfe<\/li>\n<li>Gro\u00df = 25,40cm &#8211; 150g<\/li>\n<li>Medium = 15,24cm &#8211; 90g<\/li>\n<\/ul>\n<p><strong>Bitte w\u00e4hlen Sie die Gr\u00f6\u00dfe Bone, bevor Sie sie in den Warenkorb legen.<\/strong><\/p>\n","protected":false},"featured_media":11915,"comment_status":"open","ping_status":"closed","template":"","meta":[],"product_brand":[],"product_cat":[1387,728,1420,457],"product_tag":[2738,1895,2763,2764,2762],"class_list":{"0":"post-11899","1":"product","2":"type-product","3":"status-publish","4":"has-post-thumbnail","6":"product_cat-hundespielzeug","7":"product_cat-katzen-und-hundezubehor","8":"product_cat-knochen","9":"product_cat-unsere-produkte","10":"product_tag-essbare-knochen","11":"product_tag-hundespielzeug","12":"product_tag-kauen","13":"product_tag-knoten","14":"product_tag-naturlich","15":"post","16":"post-with-thumbnail","17":"post-with-thumbnail-large","19":"first","20":"instock","21":"sale","22":"taxable","23":"shipping-taxable","24":"purchasable","25":"product-type-variable"},"_links":{"self":[{"href":"https:\/\/troypetshop.com\/de\/wp-json\/wp\/v2\/product\/11899","targetHints":{"allow":["GET"]}}],"collection":[{"href":"https:\/\/troypetshop.com\/de\/wp-json\/wp\/v2\/product"}],"about":[{"href":"https:\/\/troypetshop.com\/de\/wp-json\/wp\/v2\/types\/product"}],"replies":[{"embeddable":true,"href":"https:\/\/troypetshop.com\/de\/wp-json\/wp\/v2\/comments?post=11899"}],"wp:featuredmedia":[{"embeddable":true,"href":"https:\/\/troypetshop.com\/de\/wp-json\/wp\/v2\/media\/11915"}],"wp:attachment":[{"href":"https:\/\/troypetshop.com\/de\/wp-json\/wp\/v2\/media?parent=11899"}],"wp:term":[{"taxonomy":"product_brand","embeddable":true,"href":"https:\/\/troypetshop.com\/de\/wp-json\/wp\/v2\/product_brand?post=11899"},{"taxonomy":"product_cat","embeddable":true,"href":"https:\/\/troypetshop.com\/de\/wp-json\/wp\/v2\/product_cat?post=11899"},{"taxonomy":"product_tag","embeddable":true,"href":"https:\/\/troypetshop.com\/de\/wp-json\/wp\/v2\/product_tag?post=11899"}],"curies":[{"name":"wp","href":"https:\/\/api.w.org\/{rel}","templated":true}]}}