{"id":12140,"date":"2026-02-17T15:54:52","date_gmt":"2026-02-17T14:54:52","guid":{"rendered":"https:\/\/troypetshop.com\/?post_type=product&#038;p=12140"},"modified":"2026-02-28T16:54:10","modified_gmt":"2026-02-28T15:54:10","slug":"verstellbarer-sicherheitsgurt-copy","status":"publish","type":"product","link":"https:\/\/troypetshop.com\/de\/product\/verstellbarer-sicherheitsgurt-copy\/","title":{"rendered":"Verstellbarer Sicherheitsgurt f\u00fcr Haustiere"},"content":{"rendered":"","protected":false},"excerpt":{"rendered":"<p><strong>Wenn Sie Ihr Haustier im Auto transportieren, ist das Anlegen eines Sicherheitsgurtes Pflicht!  <\/strong><\/p>\n<p>Verstellbarer Sicherheitsgurt f\u00fcr Haustiere<\/p>\n<ul>\n<li>Eine Sicherheitsleine sch\u00fctzt Sie und Ihr Haustier w\u00e4hrend der Fahrt.<\/li>\n<li>Kompatibel mit allen Auto-Gurtanschl\u00fcssen.<\/li>\n<li>Verstellbare Gr\u00f6\u00dfe, perfekt f\u00fcr kleine und gro\u00dfe Haustiere.<\/li>\n<li>Jeder Besitzer ist verpflichtet, einen Sicherheitsgurt anzulegen.<\/li>\n<\/ul>\n<ul>\n<li><strong>Bitte w\u00e4hlen Sie die G\u00fcrtelbreite, bevor Sie sie in den Warenkorb legen.<\/strong><\/li>\n<li><strong>Die Farbe wird je nach Verf\u00fcgbarkeit auf Lager versendet.<\/strong><\/li>\n<\/ul>\n","protected":false},"featured_media":12153,"comment_status":"open","ping_status":"closed","template":"","meta":[],"product_brand":[],"product_cat":[472,473,535,457],"product_tag":[543,676,675,1607,1610],"class_list":{"0":"post-12140","1":"product","2":"type-product","3":"status-publish","4":"has-post-thumbnail","6":"product_cat-hund","7":"product_cat-hundehalsbander-leinen","8":"product_cat-hundeleinen","9":"product_cat-unsere-produkte","10":"product_tag-cat-de","11":"product_tag-haustier","12":"product_tag-hund","13":"product_tag-sicher","14":"product_tag-sicherheitsgurt","15":"post","16":"post-with-thumbnail","17":"post-with-thumbnail-large","19":"first","20":"instock","21":"sale","22":"taxable","23":"shipping-taxable","24":"purchasable","25":"product-type-variable"},"_links":{"self":[{"href":"https:\/\/troypetshop.com\/de\/wp-json\/wp\/v2\/product\/12140","targetHints":{"allow":["GET"]}}],"collection":[{"href":"https:\/\/troypetshop.com\/de\/wp-json\/wp\/v2\/product"}],"about":[{"href":"https:\/\/troypetshop.com\/de\/wp-json\/wp\/v2\/types\/product"}],"replies":[{"embeddable":true,"href":"https:\/\/troypetshop.com\/de\/wp-json\/wp\/v2\/comments?post=12140"}],"wp:featuredmedia":[{"embeddable":true,"href":"https:\/\/troypetshop.com\/de\/wp-json\/wp\/v2\/media\/12153"}],"wp:attachment":[{"href":"https:\/\/troypetshop.com\/de\/wp-json\/wp\/v2\/media?parent=12140"}],"wp:term":[{"taxonomy":"product_brand","embeddable":true,"href":"https:\/\/troypetshop.com\/de\/wp-json\/wp\/v2\/product_brand?post=12140"},{"taxonomy":"product_cat","embeddable":true,"href":"https:\/\/troypetshop.com\/de\/wp-json\/wp\/v2\/product_cat?post=12140"},{"taxonomy":"product_tag","embeddable":true,"href":"https:\/\/troypetshop.com\/de\/wp-json\/wp\/v2\/product_tag?post=12140"}],"curies":[{"name":"wp","href":"https:\/\/api.w.org\/{rel}","templated":true}]}}