{"id":12418,"date":"2026-04-01T16:13:10","date_gmt":"2026-04-01T14:13:10","guid":{"rendered":"https:\/\/troypetshop.com\/product\/verstellbare-nylon-leine\/"},"modified":"2026-04-01T23:38:46","modified_gmt":"2026-04-01T21:38:46","slug":"verstellbare-nylon-leine","status":"publish","type":"product","link":"https:\/\/troypetshop.com\/de\/product\/verstellbare-nylon-leine\/","title":{"rendered":"Verstellbare Nylon-Leine"},"content":{"rendered":"","protected":false},"excerpt":{"rendered":"<p>Verstellbare Nylonleine mit Schiebeschnalle. Die P-Typ-Leine. <\/p>\n<ul>\n<li>Er bietet komfortable Kontrolle beim Training und bei Spazierg\u00e4ngen.<\/li>\n<li>Das P-Design unterst\u00fctzt den effektiven Gebrauch der Leine f\u00fcr gro\u00dfe Rassen.<\/li>\n<li>Hergestellt aus starkem Nylon-Gurtband,<\/li>\n<li>Diese Leine ist widerstandsf\u00e4hig gegen Ziehen und Abrieb im Freien.<\/li>\n<li>Er ist f\u00fcr gro\u00dfe Hunde mit einem Gewicht von bis zu 68 kg ausgelegt.<\/li>\n<li>L\u00e4nge = 1,3 Meter, Durchmesser = 1,2 cm<\/li>\n<li><strong>Die Farbe wird je nach Verf\u00fcgbarkeit auf Lager versendet.<\/strong><\/li>\n<\/ul>\n","protected":false},"featured_media":12414,"comment_status":"open","ping_status":"closed","template":"","meta":[],"product_brand":[],"product_cat":[472,473,535],"product_tag":[591,674,3057,3058],"class_list":{"0":"post-12418","1":"product","2":"type-product","3":"status-publish","4":"has-post-thumbnail","6":"product_cat-hund","7":"product_cat-hundehalsbander-leinen","8":"product_cat-hundeleinen","9":"product_tag-leine","10":"product_tag-nylon-de","11":"product_tag-p-typ","12":"product_tag-resistent","13":"post","14":"post-with-thumbnail","15":"post-with-thumbnail-large","17":"first","18":"instock","19":"sale","20":"taxable","21":"shipping-taxable","22":"purchasable","23":"product-type-simple"},"_links":{"self":[{"href":"https:\/\/troypetshop.com\/de\/wp-json\/wp\/v2\/product\/12418","targetHints":{"allow":["GET"]}}],"collection":[{"href":"https:\/\/troypetshop.com\/de\/wp-json\/wp\/v2\/product"}],"about":[{"href":"https:\/\/troypetshop.com\/de\/wp-json\/wp\/v2\/types\/product"}],"replies":[{"embeddable":true,"href":"https:\/\/troypetshop.com\/de\/wp-json\/wp\/v2\/comments?post=12418"}],"wp:featuredmedia":[{"embeddable":true,"href":"https:\/\/troypetshop.com\/de\/wp-json\/wp\/v2\/media\/12414"}],"wp:attachment":[{"href":"https:\/\/troypetshop.com\/de\/wp-json\/wp\/v2\/media?parent=12418"}],"wp:term":[{"taxonomy":"product_brand","embeddable":true,"href":"https:\/\/troypetshop.com\/de\/wp-json\/wp\/v2\/product_brand?post=12418"},{"taxonomy":"product_cat","embeddable":true,"href":"https:\/\/troypetshop.com\/de\/wp-json\/wp\/v2\/product_cat?post=12418"},{"taxonomy":"product_tag","embeddable":true,"href":"https:\/\/troypetshop.com\/de\/wp-json\/wp\/v2\/product_tag?post=12418"}],"curies":[{"name":"wp","href":"https:\/\/api.w.org\/{rel}","templated":true}]}}