{"id":12519,"date":"2026-04-05T17:18:35","date_gmt":"2026-04-05T15:18:35","guid":{"rendered":"https:\/\/troypetshop.com\/product\/pet-slicker-buerste\/"},"modified":"2026-04-05T18:47:12","modified_gmt":"2026-04-05T16:47:12","slug":"pet-slicker-buerste","status":"publish","type":"product","link":"https:\/\/troypetshop.com\/de\/product\/pet-slicker-buerste\/","title":{"rendered":"Pet Slicker B\u00fcrste"},"content":{"rendered":"","protected":false},"excerpt":{"rendered":"<p>Diese Haustierb\u00fcrste ist eine doppelseitige B\u00fcrste mit 16 Borsten <span dir=\"auto\">, die Verfilzungen und lange Haare entfernt.<\/span><\/p>\n<p><span dir=\"auto\">Materialien:<\/span><\/p>\n<ul>\n<li><span dir=\"auto\">Gr\u00f6\u00dfe: 17,5 \u00d7 9,3 cm<\/span><\/li>\n<li><span dir=\"auto\">Kamm Breite: 7,5 cm<\/span><\/li>\n<li><span dir=\"auto\">Borsten &#8211; rostfreier Stahl<\/span><\/li>\n<li><span dir=\"auto\">Griff &#8211; Silikon, Kunststoff<\/span><\/li>\n<\/ul>\n","protected":false},"featured_media":12515,"comment_status":"open","ping_status":"closed","template":"","meta":[],"product_brand":[],"product_cat":[728,457],"product_tag":[1859,676,1903,3089],"class_list":{"0":"post-12519","1":"product","2":"type-product","3":"status-publish","4":"has-post-thumbnail","6":"product_cat-katzen-und-hundezubehor","7":"product_cat-unsere-produkte","8":"product_tag-burste","9":"product_tag-haustier","10":"product_tag-nunbell-de","11":"product_tag-slicker","12":"post","13":"post-with-thumbnail","14":"post-with-thumbnail-large","16":"first","17":"instock","18":"sale","19":"taxable","20":"shipping-taxable","21":"purchasable","22":"product-type-simple"},"_links":{"self":[{"href":"https:\/\/troypetshop.com\/de\/wp-json\/wp\/v2\/product\/12519","targetHints":{"allow":["GET"]}}],"collection":[{"href":"https:\/\/troypetshop.com\/de\/wp-json\/wp\/v2\/product"}],"about":[{"href":"https:\/\/troypetshop.com\/de\/wp-json\/wp\/v2\/types\/product"}],"replies":[{"embeddable":true,"href":"https:\/\/troypetshop.com\/de\/wp-json\/wp\/v2\/comments?post=12519"}],"wp:featuredmedia":[{"embeddable":true,"href":"https:\/\/troypetshop.com\/de\/wp-json\/wp\/v2\/media\/12515"}],"wp:attachment":[{"href":"https:\/\/troypetshop.com\/de\/wp-json\/wp\/v2\/media?parent=12519"}],"wp:term":[{"taxonomy":"product_brand","embeddable":true,"href":"https:\/\/troypetshop.com\/de\/wp-json\/wp\/v2\/product_brand?post=12519"},{"taxonomy":"product_cat","embeddable":true,"href":"https:\/\/troypetshop.com\/de\/wp-json\/wp\/v2\/product_cat?post=12519"},{"taxonomy":"product_tag","embeddable":true,"href":"https:\/\/troypetshop.com\/de\/wp-json\/wp\/v2\/product_tag?post=12519"}],"curies":[{"name":"wp","href":"https:\/\/api.w.org\/{rel}","templated":true}]}}