{"id":5111,"date":"2024-03-18T15:26:40","date_gmt":"2024-03-18T14:26:40","guid":{"rendered":"http:\/\/troypetshop.com\/product\/stardust-halsbaender\/"},"modified":"2026-02-28T16:51:49","modified_gmt":"2026-02-28T15:51:49","slug":"stardust-halsbaender","status":"publish","type":"product","link":"https:\/\/troypetshop.com\/de\/product\/stardust-halsbaender\/","title":{"rendered":"Stardust-Halsb\u00e4nder"},"content":{"rendered":"","protected":false},"excerpt":{"rendered":"<p>Diese Halsb\u00e4nder sind f\u00fcr Katzen und kleine Hunde und sind verstellbar, um einen perfekten Komfort f\u00fcr Ihr Haustier zu gew\u00e4hrleisten. Dar\u00fcber hinaus verleihen ihnen ihre leuchtenden Farben ein unverwechselbares Aussehen.<\/p>\n<p><strong>Bitte w\u00e4hlen Sie die Farboption, bevor Sie sie in den Warenkorb legen.<\/strong><\/p>\n<p>Abmessungen: 1 x 30 cm<\/p>\n<p>Breite 1 cm &#8211; K\u00fcrzeste L\u00e4nge 22 cm, l\u00e4ngste L\u00e4nge 27 cm.<\/p>\n","protected":false},"featured_media":4962,"comment_status":"open","ping_status":"closed","template":"","meta":[],"product_brand":[],"product_cat":[475,472,473,477,474,457],"product_tag":[476],"class_list":{"0":"post-5111","1":"product","2":"type-product","3":"status-publish","4":"has-post-thumbnail","6":"product_cat-halskragen","7":"product_cat-hund","8":"product_cat-hundehalsbander-leinen","9":"product_cat-katzenhalsbander-de","10":"product_cat-katzenhalsbander","11":"product_cat-unsere-produkte","12":"product_tag-kragen","13":"post","14":"post-with-thumbnail","15":"post-with-thumbnail-large","17":"first","18":"outofstock","19":"sale","20":"taxable","21":"shipping-taxable","22":"purchasable","23":"product-type-variable"},"_links":{"self":[{"href":"https:\/\/troypetshop.com\/de\/wp-json\/wp\/v2\/product\/5111","targetHints":{"allow":["GET"]}}],"collection":[{"href":"https:\/\/troypetshop.com\/de\/wp-json\/wp\/v2\/product"}],"about":[{"href":"https:\/\/troypetshop.com\/de\/wp-json\/wp\/v2\/types\/product"}],"replies":[{"embeddable":true,"href":"https:\/\/troypetshop.com\/de\/wp-json\/wp\/v2\/comments?post=5111"}],"wp:featuredmedia":[{"embeddable":true,"href":"https:\/\/troypetshop.com\/de\/wp-json\/wp\/v2\/media\/4962"}],"wp:attachment":[{"href":"https:\/\/troypetshop.com\/de\/wp-json\/wp\/v2\/media?parent=5111"}],"wp:term":[{"taxonomy":"product_brand","embeddable":true,"href":"https:\/\/troypetshop.com\/de\/wp-json\/wp\/v2\/product_brand?post=5111"},{"taxonomy":"product_cat","embeddable":true,"href":"https:\/\/troypetshop.com\/de\/wp-json\/wp\/v2\/product_cat?post=5111"},{"taxonomy":"product_tag","embeddable":true,"href":"https:\/\/troypetshop.com\/de\/wp-json\/wp\/v2\/product_tag?post=5111"}],"curies":[{"name":"wp","href":"https:\/\/api.w.org\/{rel}","templated":true}]}}