{"id":5196,"date":"2020-10-24T20:34:18","date_gmt":"2020-10-24T18:34:18","guid":{"rendered":"http:\/\/troypetshop.com\/product\/unkategorisiert\/cat-litter\/"},"modified":"2026-02-28T16:51:51","modified_gmt":"2026-02-28T15:51:51","slug":"cat-litter","status":"publish","type":"product","link":"https:\/\/troypetshop.com\/de\/product\/cat-litter\/","title":{"rendered":"Katzenstreu"},"content":{"rendered":"","protected":false},"excerpt":{"rendered":"<p>Wei\u00dfes klumpendes Bentonit-Katzenstreu kann in Beuteln zu 5, 10 oder 20 Lt. bestellt werden.<\/p>\n<p>Das mittelgro\u00dfe Tongranulat unseres Katzenstreus absorbiert bei Kontakt mit Fl\u00fcssigkeiten das 3,5-fache seines Eigengewichts. Es hat eine sehr hohe Fl\u00fcssigkeitsaufnahmekapazit\u00e4t und klebt nicht zu sehr an den Pfoten der Katzen und bildet leicht Klumpen, die leicht aufgeschaufelt werden k\u00f6nnen. Es kann verhindern, dass Sandpartikel auf dem Boden verstreut werden. Au\u00dferdem kontrolliert es den Geruch und h\u00e4lt die Katzentoilette trocken, was das Wachstum von Bakterien und Keimen verhindert. Es sind frisch duftende Sorten erh\u00e4ltlich: Levander, Marseille Seife und Babypuder.    <\/p>\n<p><strong>Bitte w\u00e4hlen Sie Ihre Sorte und Packungsgr\u00f6\u00dfe, bevor Sie sie in den Warenkorb legen.  <\/strong><\/p>\n","protected":false},"featured_media":6542,"comment_status":"open","ping_status":"closed","template":"","meta":[],"product_brand":[],"product_cat":[508,529,457],"product_tag":[543,544],"class_list":{"0":"post-5196","1":"product","2":"type-product","3":"status-publish","4":"has-post-thumbnail","6":"product_cat-katze","7":"product_cat-katzenstreu","8":"product_cat-unsere-produkte","9":"product_tag-cat-de","10":"product_tag-litter-de","11":"post","12":"post-with-thumbnail","13":"post-with-thumbnail-large","15":"first","16":"outofstock","17":"taxable","18":"shipping-taxable","19":"product-type-variable"},"_links":{"self":[{"href":"https:\/\/troypetshop.com\/de\/wp-json\/wp\/v2\/product\/5196","targetHints":{"allow":["GET"]}}],"collection":[{"href":"https:\/\/troypetshop.com\/de\/wp-json\/wp\/v2\/product"}],"about":[{"href":"https:\/\/troypetshop.com\/de\/wp-json\/wp\/v2\/types\/product"}],"replies":[{"embeddable":true,"href":"https:\/\/troypetshop.com\/de\/wp-json\/wp\/v2\/comments?post=5196"}],"wp:featuredmedia":[{"embeddable":true,"href":"https:\/\/troypetshop.com\/de\/wp-json\/wp\/v2\/media\/6542"}],"wp:attachment":[{"href":"https:\/\/troypetshop.com\/de\/wp-json\/wp\/v2\/media?parent=5196"}],"wp:term":[{"taxonomy":"product_brand","embeddable":true,"href":"https:\/\/troypetshop.com\/de\/wp-json\/wp\/v2\/product_brand?post=5196"},{"taxonomy":"product_cat","embeddable":true,"href":"https:\/\/troypetshop.com\/de\/wp-json\/wp\/v2\/product_cat?post=5196"},{"taxonomy":"product_tag","embeddable":true,"href":"https:\/\/troypetshop.com\/de\/wp-json\/wp\/v2\/product_tag?post=5196"}],"curies":[{"name":"wp","href":"https:\/\/api.w.org\/{rel}","templated":true}]}}