{"id":5224,"date":"2024-03-18T13:31:18","date_gmt":"2024-03-18T12:31:18","guid":{"rendered":"http:\/\/troypetshop.com\/product\/unkategorisiert\/ledergewebe-halsbaender\/"},"modified":"2026-02-28T16:51:52","modified_gmt":"2026-02-28T15:51:52","slug":"ledergewebe-halsbaender","status":"publish","type":"product","link":"https:\/\/troypetshop.com\/de\/product\/ledergewebe-halsbaender\/","title":{"rendered":"Leder+Gewebe Halsb\u00e4nder"},"content":{"rendered":"","protected":false},"excerpt":{"rendered":"<p>Halsb\u00e4nder in gro\u00dfer Schrift!<\/p>\n<p>Breite = 3 cm, L\u00e4nge (min-max) 40 &#8211; 53 cm<\/p>\n<p><b><strong>Bitte w\u00e4hlen Sie die Art des Halsbandes aus, bevor Sie es in den Warenkorb legen.<\/strong><\/b><\/p>\n","protected":false},"featured_media":4938,"comment_status":"open","ping_status":"closed","template":"","meta":[],"product_brand":[],"product_cat":[472,473,457],"product_tag":[476],"class_list":{"0":"post-5224","1":"product","2":"type-product","3":"status-publish","4":"has-post-thumbnail","6":"product_cat-hund","7":"product_cat-hundehalsbander-leinen","8":"product_cat-unsere-produkte","9":"product_tag-kragen","10":"post","11":"post-with-thumbnail","12":"post-with-thumbnail-large","14":"first","15":"outofstock","16":"sale","17":"taxable","18":"shipping-taxable","19":"purchasable","20":"product-type-variable","21":"has-default-attributes"},"_links":{"self":[{"href":"https:\/\/troypetshop.com\/de\/wp-json\/wp\/v2\/product\/5224","targetHints":{"allow":["GET"]}}],"collection":[{"href":"https:\/\/troypetshop.com\/de\/wp-json\/wp\/v2\/product"}],"about":[{"href":"https:\/\/troypetshop.com\/de\/wp-json\/wp\/v2\/types\/product"}],"replies":[{"embeddable":true,"href":"https:\/\/troypetshop.com\/de\/wp-json\/wp\/v2\/comments?post=5224"}],"wp:featuredmedia":[{"embeddable":true,"href":"https:\/\/troypetshop.com\/de\/wp-json\/wp\/v2\/media\/4938"}],"wp:attachment":[{"href":"https:\/\/troypetshop.com\/de\/wp-json\/wp\/v2\/media?parent=5224"}],"wp:term":[{"taxonomy":"product_brand","embeddable":true,"href":"https:\/\/troypetshop.com\/de\/wp-json\/wp\/v2\/product_brand?post=5224"},{"taxonomy":"product_cat","embeddable":true,"href":"https:\/\/troypetshop.com\/de\/wp-json\/wp\/v2\/product_cat?post=5224"},{"taxonomy":"product_tag","embeddable":true,"href":"https:\/\/troypetshop.com\/de\/wp-json\/wp\/v2\/product_tag?post=5224"}],"curies":[{"name":"wp","href":"https:\/\/api.w.org\/{rel}","templated":true}]}}