{"id":5263,"date":"2024-02-26T20:08:00","date_gmt":"2024-02-26T19:08:00","guid":{"rendered":"http:\/\/troypetshop.com\/product\/unkategorisiert\/hundefuehrleine-soft\/"},"modified":"2026-02-28T16:51:53","modified_gmt":"2026-02-28T15:51:53","slug":"hundefuehrleine-soft","status":"publish","type":"product","link":"https:\/\/troypetshop.com\/de\/product\/hundefuehrleine-soft\/","title":{"rendered":"Hundef\u00fchrleine Soft"},"content":{"rendered":"","protected":false},"excerpt":{"rendered":"<p>Unsere Laufgeschirre sind zu 100% aus hochwertigem, weichem Stoff und strapazierf\u00e4higem Material handgefertigt. Der Griffbereich des Geschirrs ist weich strukturiert, um Ihnen einen bequemen und festen Griff zu bieten. Die hochwertigsten Materialien werden f\u00fcr zus\u00e4tzliche Haltbarkeit verwendet und das Metallzubeh\u00f6r ist vernickelt. Achtung! Wir empfehlen, dass die Breite des Laufgeschirrs mit der Breite des von Ihnen gew\u00e4hlten Hals- und Brustkragens \u00fcbereinstimmt.<\/p>\n<p> Bitte lassen Sie Ihren Hund niemals angebunden. Danke, dass Sie sich um die Sicherheit Ihres Hundes k\u00fcmmern!<\/p>\n<p>L\u00e4nge = 120 cm und Breite der Leine: 1,5 cm &#8211; 2,0 cm &#8211; 2,5 cm<\/p>\n<p><strong>Bitte w\u00e4hlen Sie Farbe und Breite, bevor Sie sie in den Warenkorb legen. <\/strong><\/p>\n<p id=\"title\" class=\"a-size-large a-spacing-none\">\n","protected":false},"featured_media":4860,"comment_status":"open","ping_status":"closed","template":"","meta":[],"product_brand":[],"product_cat":[472,473,535,457],"product_tag":[592,591,593],"class_list":{"0":"post-5263","1":"product","2":"type-product","3":"status-publish","4":"has-post-thumbnail","6":"product_cat-hund","7":"product_cat-hundehalsbander-leinen","8":"product_cat-hundeleinen","9":"product_cat-unsere-produkte","10":"product_tag-langer-spaziergang","11":"product_tag-leine","12":"product_tag-weiches-polyester","13":"post","14":"post-with-thumbnail","15":"post-with-thumbnail-large","17":"first","18":"outofstock","19":"taxable","20":"shipping-taxable","21":"product-type-variable","22":"has-default-attributes"},"_links":{"self":[{"href":"https:\/\/troypetshop.com\/de\/wp-json\/wp\/v2\/product\/5263","targetHints":{"allow":["GET"]}}],"collection":[{"href":"https:\/\/troypetshop.com\/de\/wp-json\/wp\/v2\/product"}],"about":[{"href":"https:\/\/troypetshop.com\/de\/wp-json\/wp\/v2\/types\/product"}],"replies":[{"embeddable":true,"href":"https:\/\/troypetshop.com\/de\/wp-json\/wp\/v2\/comments?post=5263"}],"wp:featuredmedia":[{"embeddable":true,"href":"https:\/\/troypetshop.com\/de\/wp-json\/wp\/v2\/media\/4860"}],"wp:attachment":[{"href":"https:\/\/troypetshop.com\/de\/wp-json\/wp\/v2\/media?parent=5263"}],"wp:term":[{"taxonomy":"product_brand","embeddable":true,"href":"https:\/\/troypetshop.com\/de\/wp-json\/wp\/v2\/product_brand?post=5263"},{"taxonomy":"product_cat","embeddable":true,"href":"https:\/\/troypetshop.com\/de\/wp-json\/wp\/v2\/product_cat?post=5263"},{"taxonomy":"product_tag","embeddable":true,"href":"https:\/\/troypetshop.com\/de\/wp-json\/wp\/v2\/product_tag?post=5263"}],"curies":[{"name":"wp","href":"https:\/\/api.w.org\/{rel}","templated":true}]}}