{"id":5276,"date":"2023-12-06T13:31:03","date_gmt":"2023-12-06T12:31:03","guid":{"rendered":"http:\/\/troypetshop.com\/product\/unkategorisiert\/adidog-sweatshirt-aus-baumwolle\/"},"modified":"2026-02-28T16:51:53","modified_gmt":"2026-02-28T15:51:53","slug":"adidog-baumwolle-sweatshirt","status":"publish","type":"product","link":"https:\/\/troypetshop.com\/de\/product\/adidog-baumwolle-sweatshirt\/","title":{"rendered":"Adidog Sweatshirt"},"content":{"rendered":"","protected":false},"excerpt":{"rendered":"<p>Adidog weatshirt aus baumwolle. Geeignet f\u00fcr Katzen und Hunde.<br \/>\nEs beugt Haarausfall vor und hilft, unsere Pfotenfreunde vor den sch\u00e4dlichen Sonnenstrahlen zu sch\u00fctzen.<br \/>\nDie Leine kann einfach daran getragen werden.<br \/>\nEs ist aus 100% Baumwollstoff mit dreifachem Garnaufzug gefertigt.<br \/>\nDie empfohlene Waschtemperatur betr\u00e4gt 30 Grad Celsius (30\u00b0C) oder (86\u00b0F).<\/p>\n<p>Bitte w\u00e4hlen Sie die gew\u00fcnschte Farbe und Gr\u00f6\u00dfe, bevor Sie sie in den Warenkorb legen.<\/p>\n","protected":false},"featured_media":4686,"comment_status":"open","ping_status":"closed","template":"","meta":[],"product_brand":[],"product_cat":[472,525],"product_tag":[573],"class_list":{"0":"post-5276","1":"product","2":"type-product","3":"status-publish","4":"has-post-thumbnail","6":"product_cat-hund","7":"product_cat-hundekleidung","8":"product_tag-baumwollhemden","9":"post","10":"post-with-thumbnail","11":"post-with-thumbnail-large","13":"first","14":"outofstock","15":"sale","16":"taxable","17":"shipping-taxable","18":"purchasable","19":"product-type-variable","20":"has-default-attributes"},"_links":{"self":[{"href":"https:\/\/troypetshop.com\/de\/wp-json\/wp\/v2\/product\/5276","targetHints":{"allow":["GET"]}}],"collection":[{"href":"https:\/\/troypetshop.com\/de\/wp-json\/wp\/v2\/product"}],"about":[{"href":"https:\/\/troypetshop.com\/de\/wp-json\/wp\/v2\/types\/product"}],"replies":[{"embeddable":true,"href":"https:\/\/troypetshop.com\/de\/wp-json\/wp\/v2\/comments?post=5276"}],"wp:featuredmedia":[{"embeddable":true,"href":"https:\/\/troypetshop.com\/de\/wp-json\/wp\/v2\/media\/4686"}],"wp:attachment":[{"href":"https:\/\/troypetshop.com\/de\/wp-json\/wp\/v2\/media?parent=5276"}],"wp:term":[{"taxonomy":"product_brand","embeddable":true,"href":"https:\/\/troypetshop.com\/de\/wp-json\/wp\/v2\/product_brand?post=5276"},{"taxonomy":"product_cat","embeddable":true,"href":"https:\/\/troypetshop.com\/de\/wp-json\/wp\/v2\/product_cat?post=5276"},{"taxonomy":"product_tag","embeddable":true,"href":"https:\/\/troypetshop.com\/de\/wp-json\/wp\/v2\/product_tag?post=5276"}],"curies":[{"name":"wp","href":"https:\/\/api.w.org\/{rel}","templated":true}]}}