{"id":5333,"date":"2024-02-24T13:47:26","date_gmt":"2024-02-24T12:47:26","guid":{"rendered":"http:\/\/troypetshop.com\/product\/unkategorisiert\/hundebrusthalsband-soft\/"},"modified":"2026-02-28T16:51:54","modified_gmt":"2026-02-28T15:51:54","slug":"hundebrusthalsband-soft","status":"publish","type":"product","link":"https:\/\/troypetshop.com\/de\/product\/hundebrusthalsband-soft\/","title":{"rendered":"Hundebrusthalsband Soft"},"content":{"rendered":"","protected":false},"excerpt":{"rendered":"<ul>\n<li>Verstellbare Hunde-Brusthalsb\u00e4nder.<\/li>\n<li>Das Geschirr unserer Firma ist ein Hundegeschirr aus hochwertigem, weichem Stoff und strapazierf\u00e4higem Material, das zu 100% handgefertigt ist.<\/li>\n<li>Die Innenseite des Halsbandes hat eine weiche Textur, die sich sanft um Brust und Hals Ihres Hundes legt.<\/li>\n<li>The highest quality materials are used for added durability and the metal accessories are nickel plated.<\/li>\n<li>Au\u00dferdem ist ein hochfester Kunststoff-Clip-Verschluss enthalten, der das An- und Ablegen des Halsbandes erleichtert. Mit dieser Clipschnalle k\u00f6nnen Sie die Leine schnell und sicher befestigen und l\u00f6sen, und sie erf\u00fcllt alle Normen, die Sie ben\u00f6tigen.<\/li>\n<li>Erh\u00e4ltlich in den Farben Schwarz, Orange, Marineblau und Rot.<\/li>\n<li>Der Gehgurt muss separat bestellt werden.<\/li>\n<\/ul>\n<p><strong>Bitte w\u00e4hlen Sie die gew\u00fcnschte Farbe und Gr\u00f6\u00dfe, bevor Sie sie in den Warenkorb legen. <\/strong><\/p>\n","protected":false},"featured_media":4848,"comment_status":"open","ping_status":"closed","template":"","meta":[],"product_brand":[],"product_cat":[534,472],"product_tag":[623,624,476,593],"class_list":{"0":"post-5333","1":"product","2":"type-product","3":"status-publish","4":"has-post-thumbnail","6":"product_cat-brusthalsbaender","7":"product_cat-hund","8":"product_tag-brust","9":"product_tag-einstellbar","10":"product_tag-kragen","11":"product_tag-weiches-polyester","12":"post","13":"post-with-thumbnail","14":"post-with-thumbnail-large","16":"first","17":"outofstock","18":"sale","19":"taxable","20":"shipping-taxable","21":"purchasable","22":"product-type-variable","23":"has-default-attributes"},"_links":{"self":[{"href":"https:\/\/troypetshop.com\/de\/wp-json\/wp\/v2\/product\/5333","targetHints":{"allow":["GET"]}}],"collection":[{"href":"https:\/\/troypetshop.com\/de\/wp-json\/wp\/v2\/product"}],"about":[{"href":"https:\/\/troypetshop.com\/de\/wp-json\/wp\/v2\/types\/product"}],"replies":[{"embeddable":true,"href":"https:\/\/troypetshop.com\/de\/wp-json\/wp\/v2\/comments?post=5333"}],"wp:featuredmedia":[{"embeddable":true,"href":"https:\/\/troypetshop.com\/de\/wp-json\/wp\/v2\/media\/4848"}],"wp:attachment":[{"href":"https:\/\/troypetshop.com\/de\/wp-json\/wp\/v2\/media?parent=5333"}],"wp:term":[{"taxonomy":"product_brand","embeddable":true,"href":"https:\/\/troypetshop.com\/de\/wp-json\/wp\/v2\/product_brand?post=5333"},{"taxonomy":"product_cat","embeddable":true,"href":"https:\/\/troypetshop.com\/de\/wp-json\/wp\/v2\/product_cat?post=5333"},{"taxonomy":"product_tag","embeddable":true,"href":"https:\/\/troypetshop.com\/de\/wp-json\/wp\/v2\/product_tag?post=5333"}],"curies":[{"name":"wp","href":"https:\/\/api.w.org\/{rel}","templated":true}]}}