{"id":5362,"date":"2024-02-13T15:50:50","date_gmt":"2024-02-13T14:50:50","guid":{"rendered":"http:\/\/troypetshop.com\/product\/unkategorisiert\/bademaentel-fuer-haustiere\/"},"modified":"2026-02-28T16:51:55","modified_gmt":"2026-02-28T15:51:55","slug":"bademaentel-fuer-haustiere","status":"publish","type":"product","link":"https:\/\/troypetshop.com\/de\/product\/bademaentel-fuer-haustiere\/","title":{"rendered":"Badem\u00e4ntel f\u00fcr Haustiere"},"content":{"rendered":"","protected":false},"excerpt":{"rendered":"<p>Der Stoff der Badem\u00e4ntel ist WELSOFT.<br \/>\nGeeignet f\u00fcr Katzen und Hunde kleiner Rassen.<br \/>\nDie empfohlene Waschtemperatur betr\u00e4gt 30 Grad Celsius (30\u00b0C) oder (86\u00b0F).<\/p>\n<p>Bitte w\u00e4hlen Sie die gew\u00fcnschte Farbe und Gr\u00f6\u00dfe aus, bevor Sie den Artikel in den Warenkorb legen.<\/p>\n","protected":false},"featured_media":4830,"comment_status":"open","ping_status":"closed","template":"","meta":[],"product_brand":[],"product_cat":[472,525,522],"product_tag":[636],"class_list":{"0":"post-5362","1":"product","2":"type-product","3":"status-publish","4":"has-post-thumbnail","6":"product_cat-hund","7":"product_cat-hundekleidung","8":"product_cat-kleidung","9":"product_tag-bademantel","10":"post","11":"post-with-thumbnail","12":"post-with-thumbnail-large","14":"first","15":"outofstock","16":"sale","17":"taxable","18":"shipping-taxable","19":"purchasable","20":"product-type-variable","21":"has-default-attributes"},"_links":{"self":[{"href":"https:\/\/troypetshop.com\/de\/wp-json\/wp\/v2\/product\/5362","targetHints":{"allow":["GET"]}}],"collection":[{"href":"https:\/\/troypetshop.com\/de\/wp-json\/wp\/v2\/product"}],"about":[{"href":"https:\/\/troypetshop.com\/de\/wp-json\/wp\/v2\/types\/product"}],"replies":[{"embeddable":true,"href":"https:\/\/troypetshop.com\/de\/wp-json\/wp\/v2\/comments?post=5362"}],"wp:featuredmedia":[{"embeddable":true,"href":"https:\/\/troypetshop.com\/de\/wp-json\/wp\/v2\/media\/4830"}],"wp:attachment":[{"href":"https:\/\/troypetshop.com\/de\/wp-json\/wp\/v2\/media?parent=5362"}],"wp:term":[{"taxonomy":"product_brand","embeddable":true,"href":"https:\/\/troypetshop.com\/de\/wp-json\/wp\/v2\/product_brand?post=5362"},{"taxonomy":"product_cat","embeddable":true,"href":"https:\/\/troypetshop.com\/de\/wp-json\/wp\/v2\/product_cat?post=5362"},{"taxonomy":"product_tag","embeddable":true,"href":"https:\/\/troypetshop.com\/de\/wp-json\/wp\/v2\/product_tag?post=5362"}],"curies":[{"name":"wp","href":"https:\/\/api.w.org\/{rel}","templated":true}]}}