{"id":5416,"date":"2024-02-12T14:57:22","date_gmt":"2024-02-12T13:57:22","guid":{"rendered":"http:\/\/troypetshop.com\/product\/unkategorisiert\/haustier-regenmaentel\/"},"modified":"2026-02-28T16:51:56","modified_gmt":"2026-02-28T15:51:56","slug":"haustier-regenmaentel","status":"publish","type":"product","link":"https:\/\/troypetshop.com\/de\/product\/haustier-regenmaentel\/","title":{"rendered":"Haustier-Regenm\u00e4ntel"},"content":{"rendered":"","protected":false},"excerpt":{"rendered":"<p>Regenm\u00e4ntel, wasserdicht mit Mesh gef\u00fcttert.<br \/>\nGeeignet f\u00fcr Katzen und Hunde.<br \/>\nDie Leine kann einfach daran getragen werden.<br \/>\nSie ist aus 100% wasserdichtem Fallschirmstoff gefertigt.<br \/>\nDie empfohlene Waschtemperatur betr\u00e4gt 30 Grad Celsius (30\u00b0C) oder (86\u00b0F).<\/p>\n<p>Bitte w\u00e4hlen Sie die gew\u00fcnschte Farbe und Gr\u00f6\u00dfe aus, bevor Sie den Artikel in den Warenkorb legen.<\/p>\n","protected":false},"featured_media":4764,"comment_status":"open","ping_status":"closed","template":"","meta":[],"product_brand":[],"product_cat":[472,525,508,522],"product_tag":[664],"class_list":{"0":"post-5416","1":"product","2":"type-product","3":"status-publish","4":"has-post-thumbnail","6":"product_cat-hund","7":"product_cat-hundekleidung","8":"product_cat-katze","9":"product_cat-kleidung","10":"product_tag-regenmantel","11":"post","12":"post-with-thumbnail","13":"post-with-thumbnail-large","15":"first","16":"outofstock","17":"sale","18":"taxable","19":"shipping-taxable","20":"purchasable","21":"product-type-variable","22":"has-default-attributes"},"_links":{"self":[{"href":"https:\/\/troypetshop.com\/de\/wp-json\/wp\/v2\/product\/5416","targetHints":{"allow":["GET"]}}],"collection":[{"href":"https:\/\/troypetshop.com\/de\/wp-json\/wp\/v2\/product"}],"about":[{"href":"https:\/\/troypetshop.com\/de\/wp-json\/wp\/v2\/types\/product"}],"replies":[{"embeddable":true,"href":"https:\/\/troypetshop.com\/de\/wp-json\/wp\/v2\/comments?post=5416"}],"wp:featuredmedia":[{"embeddable":true,"href":"https:\/\/troypetshop.com\/de\/wp-json\/wp\/v2\/media\/4764"}],"wp:attachment":[{"href":"https:\/\/troypetshop.com\/de\/wp-json\/wp\/v2\/media?parent=5416"}],"wp:term":[{"taxonomy":"product_brand","embeddable":true,"href":"https:\/\/troypetshop.com\/de\/wp-json\/wp\/v2\/product_brand?post=5416"},{"taxonomy":"product_cat","embeddable":true,"href":"https:\/\/troypetshop.com\/de\/wp-json\/wp\/v2\/product_cat?post=5416"},{"taxonomy":"product_tag","embeddable":true,"href":"https:\/\/troypetshop.com\/de\/wp-json\/wp\/v2\/product_tag?post=5416"}],"curies":[{"name":"wp","href":"https:\/\/api.w.org\/{rel}","templated":true}]}}