{"id":5437,"date":"2024-01-23T16:54:59","date_gmt":"2024-01-23T15:54:59","guid":{"rendered":"http:\/\/troypetshop.com\/product\/unkategorisiert\/personalisierte-halsbaender\/"},"modified":"2026-02-28T16:51:56","modified_gmt":"2026-02-28T15:51:56","slug":"personalisierte-halsbaender","status":"publish","type":"product","link":"https:\/\/troypetshop.com\/de\/product\/personalisierte-halsbaender\/","title":{"rendered":"Personalisierte Halsb\u00e4nder"},"content":{"rendered":"","protected":false},"excerpt":{"rendered":"<p>Reflektierende personalisierte ID-Halsb\u00e4nder f\u00fcr Haustiere. ID-Halsb\u00e4nder aus Nylon mit Glocke.<\/p>\n<p>Gravur von Namen und Telefonnummern f\u00fcr Katzen und kleine Hunde.<\/p>\n<p>15-20 Tage Lieferzeit f\u00fcr Bestellungen. Die Liefertage beziehen sich auf Arbeitstage. Wochenenden und Feiertage sind davon ausgenommen.<\/p>\n<p>Halsumfang einstellbar: 18-28cm und Breite: 1cm<\/p>\n<ul>\n<li data-spm-anchor-id=\"a2g0o.detail.1000023.i3.3effJrMFJrMFOp\"><span data-spm-anchor-id=\"a2g0o.detail.1000023.i0.3effJrMFJrMFOp\">Material: Nylon<\/span><\/li>\n<li>6 Farben verf\u00fcgbar: Rot, Orange, Gr\u00fcn, Dunkellila, Dunkelblau, Schwarz.<\/li>\n<li>Geeignet f\u00fcr kleine Hunde und Katzen, z.B.: Chihuahua, Yorkshire, etc.<\/li>\n<li><span data-spm-anchor-id=\"a2g0o.detail.1000023.i4.3effJrMFJrMFOp\">Bitte geben Sie den Namen und die Telefonnummer Ihres Haustieres auf der Checkout-Seite ein (Beispieltext) <\/span><\/li>\n<li>Textbeispiel: Jack *619-892-7850<\/li>\n<\/ul>\n<p><strong>Bitte w\u00e4hlen Sie die Farboption, bevor Sie sie in den Warenkorb legen. <\/strong><\/p>\n","protected":false},"featured_media":4632,"comment_status":"open","ping_status":"closed","template":"","meta":[],"product_brand":[],"product_cat":[475,472,473,508,477,474,457],"product_tag":[543,624,676,675,476,674,683,684],"class_list":{"0":"post-5437","1":"product","2":"type-product","3":"status-publish","4":"has-post-thumbnail","6":"product_cat-halskragen","7":"product_cat-hund","8":"product_cat-hundehalsbander-leinen","9":"product_cat-katze","10":"product_cat-katzenhalsbander-de","11":"product_cat-katzenhalsbander","12":"product_cat-unsere-produkte","13":"product_tag-cat-de","14":"product_tag-einstellbar","15":"product_tag-haustier","16":"product_tag-hund","17":"product_tag-kragen","18":"product_tag-nylon-de","19":"product_tag-personalisiert","20":"product_tag-reflektierend","21":"post","22":"post-with-thumbnail","23":"post-with-thumbnail-large","25":"first","26":"outofstock","27":"sale","28":"taxable","29":"shipping-taxable","30":"purchasable","31":"product-type-variable","32":"has-default-attributes"},"_links":{"self":[{"href":"https:\/\/troypetshop.com\/de\/wp-json\/wp\/v2\/product\/5437","targetHints":{"allow":["GET"]}}],"collection":[{"href":"https:\/\/troypetshop.com\/de\/wp-json\/wp\/v2\/product"}],"about":[{"href":"https:\/\/troypetshop.com\/de\/wp-json\/wp\/v2\/types\/product"}],"replies":[{"embeddable":true,"href":"https:\/\/troypetshop.com\/de\/wp-json\/wp\/v2\/comments?post=5437"}],"wp:featuredmedia":[{"embeddable":true,"href":"https:\/\/troypetshop.com\/de\/wp-json\/wp\/v2\/media\/4632"}],"wp:attachment":[{"href":"https:\/\/troypetshop.com\/de\/wp-json\/wp\/v2\/media?parent=5437"}],"wp:term":[{"taxonomy":"product_brand","embeddable":true,"href":"https:\/\/troypetshop.com\/de\/wp-json\/wp\/v2\/product_brand?post=5437"},{"taxonomy":"product_cat","embeddable":true,"href":"https:\/\/troypetshop.com\/de\/wp-json\/wp\/v2\/product_cat?post=5437"},{"taxonomy":"product_tag","embeddable":true,"href":"https:\/\/troypetshop.com\/de\/wp-json\/wp\/v2\/product_tag?post=5437"}],"curies":[{"name":"wp","href":"https:\/\/api.w.org\/{rel}","templated":true}]}}