{"id":5451,"date":"2023-10-08T17:56:17","date_gmt":"2023-10-08T15:56:17","guid":{"rendered":"http:\/\/troypetshop.com\/?post_type=product&#038;p=5451"},"modified":"2026-02-28T16:51:57","modified_gmt":"2026-02-28T15:51:57","slug":"leather-collar","status":"publish","type":"product","link":"https:\/\/troypetshop.com\/de\/product\/leather-collar\/","title":{"rendered":"Leder"},"content":{"rendered":"","protected":false},"excerpt":{"rendered":"<p>&#8211; Produkte sind aus echtem Leder gefertigt<br \/>\n&#8211; Alle Produkte sind mit weichen Pads ausgestattet.<br \/>\n&#8211; Gl\u00e4nzende Nickelschnallen werden verwendet<br \/>\n&#8211; Farben: Gr\u00fcn, Rosa, Gelb, Blau, Rot, Schwarz, Hellbraun, Dunkelbraun usw.<br \/>\n&#8211; Modelle: Perlenf\u00f6rmig, geflochten und einfarbig.<\/p>\n<p><strong>Produktgr\u00f6\u00dfen<\/strong><br \/>\nXS &#8211; Nr. 1: Breite 1,5 cm &#8211; k\u00fcrzeste L\u00e4nge 23 cm, l\u00e4ngste L\u00e4nge 31 cm.<br \/>\nS &#8211; Nr. 2: Breite 2 cm &#8211; k\u00fcrzeste L\u00e4nge 28 cm, l\u00e4ngste L\u00e4nge 37 cm.<br \/>\nM &#8211; Nr. 3: Breite 2,5 cm &#8211; k\u00fcrzeste L\u00e4nge 33 cm, l\u00e4ngste L\u00e4nge 46 cm.<br \/>\nL &#8211; Nr. 4: Breite 3 cm &#8211; k\u00fcrzeste L\u00e4nge 40 cm, l\u00e4ngste L\u00e4nge 53 cm.<br \/>\nXL &#8211; Nr. 5: Breite 4 cm &#8211; k\u00fcrzeste L\u00e4nge 49 cm, l\u00e4ngste L\u00e4nge 63 cm.<\/p>\n<p><strong>Bitte w\u00e4hlen Sie die gew\u00fcnschte Farbe und Gr\u00f6\u00dfe, bevor Sie sie in den Warenkorb legen. <\/strong><\/p>\n","protected":false},"featured_media":3348,"comment_status":"open","ping_status":"closed","template":"","meta":[],"product_brand":[],"product_cat":[475,472,473],"product_tag":[675,476,696,697],"class_list":{"0":"post-5451","1":"product","2":"type-product","3":"status-publish","4":"has-post-thumbnail","6":"product_cat-halskragen","7":"product_cat-hund","8":"product_cat-hundehalsbander-leinen","9":"product_tag-hund","10":"product_tag-kragen","11":"product_tag-leather-de","12":"product_tag-neck-de","13":"post","14":"post-with-thumbnail","15":"post-with-thumbnail-large","17":"first","18":"outofstock","19":"sale","20":"taxable","21":"shipping-taxable","22":"purchasable","23":"product-type-variable","24":"has-default-attributes"},"_links":{"self":[{"href":"https:\/\/troypetshop.com\/de\/wp-json\/wp\/v2\/product\/5451","targetHints":{"allow":["GET"]}}],"collection":[{"href":"https:\/\/troypetshop.com\/de\/wp-json\/wp\/v2\/product"}],"about":[{"href":"https:\/\/troypetshop.com\/de\/wp-json\/wp\/v2\/types\/product"}],"replies":[{"embeddable":true,"href":"https:\/\/troypetshop.com\/de\/wp-json\/wp\/v2\/comments?post=5451"}],"wp:featuredmedia":[{"embeddable":true,"href":"https:\/\/troypetshop.com\/de\/wp-json\/wp\/v2\/media\/3348"}],"wp:attachment":[{"href":"https:\/\/troypetshop.com\/de\/wp-json\/wp\/v2\/media?parent=5451"}],"wp:term":[{"taxonomy":"product_brand","embeddable":true,"href":"https:\/\/troypetshop.com\/de\/wp-json\/wp\/v2\/product_brand?post=5451"},{"taxonomy":"product_cat","embeddable":true,"href":"https:\/\/troypetshop.com\/de\/wp-json\/wp\/v2\/product_cat?post=5451"},{"taxonomy":"product_tag","embeddable":true,"href":"https:\/\/troypetshop.com\/de\/wp-json\/wp\/v2\/product_tag?post=5451"}],"curies":[{"name":"wp","href":"https:\/\/api.w.org\/{rel}","templated":true}]}}