{"id":5537,"date":"2024-01-09T18:15:54","date_gmt":"2024-01-09T17:15:54","guid":{"rendered":"http:\/\/troypetshop.com\/product\/unkategorisiert\/metall-clip-halsbaender\/"},"modified":"2026-02-28T16:52:02","modified_gmt":"2026-02-28T15:52:02","slug":"metall-clip-halsbaender","status":"publish","type":"product","link":"https:\/\/troypetshop.com\/de\/product\/metall-clip-halsbaender\/","title":{"rendered":"Metall-Clip-Halsb\u00e4nder"},"content":{"rendered":"","protected":false},"excerpt":{"rendered":"<p>Metall-Clip-Halsb\u00e4nder mit Glocke. Diese Halsb\u00e4nder f\u00fcr Katzen und kleine Hunde sind zu 100% aus hochwertigen, langlebigen Materialien handgefertigt und das Metallzubeh\u00f6r ist vernickelt.<\/p>\n<p>Vollst\u00e4ndig einstellbare, abnehmbare Glocke im Lieferumfang enthalten.<span style=\"color: initial;\"><\/span><\/p>\n<p>Abmessungen: 1,2 x 18 &#8211; 38 cm<\/p>\n<p>Breite 1,2 cm &#8211; K\u00fcrzeste L\u00e4nge 18 cm, l\u00e4ngste L\u00e4nge 38 cm.<\/p>\n<p><strong>Bitte w\u00e4hlen Sie die Farboption, bevor Sie sie in den Warenkorb legen. <\/strong><\/p>\n","protected":false},"featured_media":4554,"comment_status":"open","ping_status":"closed","template":"","meta":[],"product_brand":[],"product_cat":[475,473,508,474,477,457],"product_tag":[476,593],"class_list":{"0":"post-5537","1":"product","2":"type-product","3":"status-publish","4":"has-post-thumbnail","6":"product_cat-halskragen","7":"product_cat-hundehalsbander-leinen","8":"product_cat-katze","9":"product_cat-katzenhalsbander","10":"product_cat-katzenhalsbander-de","11":"product_cat-unsere-produkte","12":"product_tag-kragen","13":"product_tag-weiches-polyester","14":"post","15":"post-with-thumbnail","16":"post-with-thumbnail-large","18":"first","19":"outofstock","20":"sale","21":"taxable","22":"shipping-taxable","23":"purchasable","24":"product-type-variable"},"_links":{"self":[{"href":"https:\/\/troypetshop.com\/de\/wp-json\/wp\/v2\/product\/5537","targetHints":{"allow":["GET"]}}],"collection":[{"href":"https:\/\/troypetshop.com\/de\/wp-json\/wp\/v2\/product"}],"about":[{"href":"https:\/\/troypetshop.com\/de\/wp-json\/wp\/v2\/types\/product"}],"replies":[{"embeddable":true,"href":"https:\/\/troypetshop.com\/de\/wp-json\/wp\/v2\/comments?post=5537"}],"wp:featuredmedia":[{"embeddable":true,"href":"https:\/\/troypetshop.com\/de\/wp-json\/wp\/v2\/media\/4554"}],"wp:attachment":[{"href":"https:\/\/troypetshop.com\/de\/wp-json\/wp\/v2\/media?parent=5537"}],"wp:term":[{"taxonomy":"product_brand","embeddable":true,"href":"https:\/\/troypetshop.com\/de\/wp-json\/wp\/v2\/product_brand?post=5537"},{"taxonomy":"product_cat","embeddable":true,"href":"https:\/\/troypetshop.com\/de\/wp-json\/wp\/v2\/product_cat?post=5537"},{"taxonomy":"product_tag","embeddable":true,"href":"https:\/\/troypetshop.com\/de\/wp-json\/wp\/v2\/product_tag?post=5537"}],"curies":[{"name":"wp","href":"https:\/\/api.w.org\/{rel}","templated":true}]}}