{"id":5546,"date":"2024-01-09T13:49:06","date_gmt":"2024-01-09T12:49:06","guid":{"rendered":"http:\/\/troypetshop.com\/product\/unkategorisiert\/katzen-brusthalsbaender\/"},"modified":"2026-02-28T16:52:03","modified_gmt":"2026-02-28T15:52:03","slug":"katzen-brusthalsbaender","status":"publish","type":"product","link":"https:\/\/troypetshop.com\/de\/product\/katzen-brusthalsbaender\/","title":{"rendered":"Katzen-Brusthalsb\u00e4nder"},"content":{"rendered":"","protected":false},"excerpt":{"rendered":"<h3>Gewebtes Katzen-Brusthalsband<\/h3>\n<p>Anti-Flucht-Katzenbrusthalsband und Laufleine. Das Geschirr ist so bemessen, dass es f\u00fcr unsere Haustiere wie Katzen, kleine Hunderassen und Kaninchen geeignet ist.<\/p>\n<p>Unsere Geschirre werden aus hochwertigen weichen Stoffen und strapazierf\u00e4higen Materialien bis zu 100% von Hand gefertigt. F\u00fcr eine l\u00e4ngere Lebensdauer werden nur hochwertige Materialien verwendet, und das Metallzubeh\u00f6r ist vernickelt.<\/p>\n<p>Abmessungen;<\/p>\n<ul>\n<li>Breite der weichen Materialien; 1,2 cm<\/li>\n<li>Hals; 1,2 x 22-35 cm<\/li>\n<li>Brustkorb; 1,2 x 28-50 cm<\/li>\n<li>F\u00fchrleine ; 1,2 x 120 cm<\/li>\n<\/ul>\n<p>Warnung: Bitte lassen Sie Ihr Haustier niemals angebunden. Danke, dass Sie sich um die Sicherheit Ihres Haustieres k\u00fcmmern!<\/p>\n<p><strong>Bitte w\u00e4hlen Sie die Farboption, bevor Sie sie in den Warenkorb legen. <\/strong><\/p>\n<p>&nbsp;<\/p>\n","protected":false},"featured_media":4572,"comment_status":"open","ping_status":"closed","template":"","meta":[],"product_brand":[],"product_cat":[514,474],"product_tag":[623,543,624,744,476],"class_list":{"0":"post-5546","1":"product","2":"type-product","3":"status-publish","4":"has-post-thumbnail","6":"product_cat-katzen-brusthalsbaender","7":"product_cat-katzenhalsbander","8":"product_tag-brust","9":"product_tag-cat-de","10":"product_tag-einstellbar","11":"product_tag-gurtzeug","12":"product_tag-kragen","13":"post","14":"post-with-thumbnail","15":"post-with-thumbnail-large","17":"first","18":"outofstock","19":"sale","20":"taxable","21":"shipping-taxable","22":"purchasable","23":"product-type-variable"},"_links":{"self":[{"href":"https:\/\/troypetshop.com\/de\/wp-json\/wp\/v2\/product\/5546","targetHints":{"allow":["GET"]}}],"collection":[{"href":"https:\/\/troypetshop.com\/de\/wp-json\/wp\/v2\/product"}],"about":[{"href":"https:\/\/troypetshop.com\/de\/wp-json\/wp\/v2\/types\/product"}],"replies":[{"embeddable":true,"href":"https:\/\/troypetshop.com\/de\/wp-json\/wp\/v2\/comments?post=5546"}],"wp:featuredmedia":[{"embeddable":true,"href":"https:\/\/troypetshop.com\/de\/wp-json\/wp\/v2\/media\/4572"}],"wp:attachment":[{"href":"https:\/\/troypetshop.com\/de\/wp-json\/wp\/v2\/media?parent=5546"}],"wp:term":[{"taxonomy":"product_brand","embeddable":true,"href":"https:\/\/troypetshop.com\/de\/wp-json\/wp\/v2\/product_brand?post=5546"},{"taxonomy":"product_cat","embeddable":true,"href":"https:\/\/troypetshop.com\/de\/wp-json\/wp\/v2\/product_cat?post=5546"},{"taxonomy":"product_tag","embeddable":true,"href":"https:\/\/troypetshop.com\/de\/wp-json\/wp\/v2\/product_tag?post=5546"}],"curies":[{"name":"wp","href":"https:\/\/api.w.org\/{rel}","templated":true}]}}