{"id":5555,"date":"2024-01-09T13:14:23","date_gmt":"2024-01-09T12:14:23","guid":{"rendered":"http:\/\/troypetshop.com\/product\/unkategorisiert\/neon-farbe-halskragen\/"},"modified":"2026-02-28T16:52:03","modified_gmt":"2026-02-28T15:52:03","slug":"neon-farbe-halskragen","status":"publish","type":"product","link":"https:\/\/troypetshop.com\/de\/product\/neon-farbe-halskragen\/","title":{"rendered":"Neon Farbe Halskragen"},"content":{"rendered":"","protected":false},"excerpt":{"rendered":"<p>Diese Halsb\u00e4nder f\u00fcr Katzen und kleine Hunde sind zu 100% aus hochwertigen elastischen und langlebigen Materialien handgefertigt. Hergestellt aus weichem Polyester, das sich sanft an das Fell Ihrer Katze anschmiegt und mit seinen Neonfarben einen stylischen Look bietet. Sie sind verstellbar, um es Ihrer Katze so angenehm wie m\u00f6glich zu machen.<\/p>\n<p>Wetterfeste Katzenhalsb\u00e4nder, die sowohl f\u00fcr drinnen als auch f\u00fcr drau\u00dfen geeignet sind. Die Abrei\u00dfschnallen unserer Katzenhalsb\u00e4nder \u00f6ffnen sich automatisch, wenn Ihre Katze stecken bleibt. Diese Schnellverschlussfunktion sorgt f\u00fcr die Sicherheit Ihrer Katze, vor allem, wenn sie drau\u00dfen ist.<\/p>\n<p><span style=\"color: initial;\">Inklusive abnehmbarer Glocke.<\/span><\/p>\n<p>Abmessungen: 1,2 x 18 &#8211; 38 cm<\/p>\n<p>Breite 1,2 cm &#8211; K\u00fcrzeste L\u00e4nge 18 cm, l\u00e4ngste L\u00e4nge 38 cm.<\/p>\n<p><strong>Bitte w\u00e4hlen Sie die Farboption, bevor Sie sie in den Warenkorb legen. <\/strong><\/p>\n","protected":false},"featured_media":4620,"comment_status":"open","ping_status":"closed","template":"","meta":[],"product_brand":[],"product_cat":[475,473,508,474,477,457],"product_tag":[543,624,676,476,593],"class_list":{"0":"post-5555","1":"product","2":"type-product","3":"status-publish","4":"has-post-thumbnail","6":"product_cat-halskragen","7":"product_cat-hundehalsbander-leinen","8":"product_cat-katze","9":"product_cat-katzenhalsbander","10":"product_cat-katzenhalsbander-de","11":"product_cat-unsere-produkte","12":"product_tag-cat-de","13":"product_tag-einstellbar","14":"product_tag-haustier","15":"product_tag-kragen","16":"product_tag-weiches-polyester","17":"post","18":"post-with-thumbnail","19":"post-with-thumbnail-large","21":"first","22":"outofstock","23":"sale","24":"taxable","25":"shipping-taxable","26":"purchasable","27":"product-type-variable"},"_links":{"self":[{"href":"https:\/\/troypetshop.com\/de\/wp-json\/wp\/v2\/product\/5555","targetHints":{"allow":["GET"]}}],"collection":[{"href":"https:\/\/troypetshop.com\/de\/wp-json\/wp\/v2\/product"}],"about":[{"href":"https:\/\/troypetshop.com\/de\/wp-json\/wp\/v2\/types\/product"}],"replies":[{"embeddable":true,"href":"https:\/\/troypetshop.com\/de\/wp-json\/wp\/v2\/comments?post=5555"}],"wp:featuredmedia":[{"embeddable":true,"href":"https:\/\/troypetshop.com\/de\/wp-json\/wp\/v2\/media\/4620"}],"wp:attachment":[{"href":"https:\/\/troypetshop.com\/de\/wp-json\/wp\/v2\/media?parent=5555"}],"wp:term":[{"taxonomy":"product_brand","embeddable":true,"href":"https:\/\/troypetshop.com\/de\/wp-json\/wp\/v2\/product_brand?post=5555"},{"taxonomy":"product_cat","embeddable":true,"href":"https:\/\/troypetshop.com\/de\/wp-json\/wp\/v2\/product_cat?post=5555"},{"taxonomy":"product_tag","embeddable":true,"href":"https:\/\/troypetshop.com\/de\/wp-json\/wp\/v2\/product_tag?post=5555"}],"curies":[{"name":"wp","href":"https:\/\/api.w.org\/{rel}","templated":true}]}}