{"id":5669,"date":"2023-10-08T16:59:54","date_gmt":"2023-10-08T14:59:54","guid":{"rendered":"http:\/\/troypetshop.com\/product\/unkategorisiert\/hochwertiges-leder\/"},"modified":"2026-02-28T16:52:09","modified_gmt":"2026-02-28T15:52:09","slug":"hochwertiges-leder","status":"publish","type":"product","link":"https:\/\/troypetshop.com\/de\/product\/hochwertiges-leder\/","title":{"rendered":"Hochwertiges Leder"},"content":{"rendered":"","protected":false},"excerpt":{"rendered":"<p>-Produkte sind aus echtem (pflanzlichem) Leder hergestellt<br \/>\n-Optional kann ein weiches Polster angebracht werden.<br \/>\n-Gl\u00e4nzende Nickelschnallen werden bei allen Produkten verwendet.<br \/>\n-Farben: Rot, Schwarz, Hellbraun, Dunkelbraun, Tan<br \/>\n-Modelle: Einfarbig und mit Pfotenaufdruck<\/p>\n<p><strong>Produktgr\u00f6\u00dfen<\/strong><br \/>\nXS- Nr. 1: Breite 1,5 cm- K\u00fcrzeste L\u00e4nge 24 cm, l\u00e4ngste L\u00e4nge 31 cm.<br \/>\nS &#8211; Nr. 2: Breite 2 cm &#8211; k\u00fcrzeste L\u00e4nge 28 cm, l\u00e4ngste L\u00e4nge 37 cm.<br \/>\nM &#8211; Nr. 3: Breite 2,5 cm &#8211; K\u00fcrzeste L\u00e4nge 33 cm, l\u00e4ngste L\u00e4nge 46 cm.<br \/>\nL &#8211; Nr. 4: Breite 3 cm &#8211; k\u00fcrzeste L\u00e4nge 40 cm, l\u00e4ngste L\u00e4nge 53 cm.<br \/>\nXL- Nr. 5: Breite 4 cm &#8211; k\u00fcrzeste L\u00e4nge 49 cm, l\u00e4ngste L\u00e4nge 63 cm.<\/p>\n<p><strong>Bitte w\u00e4hlen Sie die gew\u00fcnschte Farbe und Gr\u00f6\u00dfe, bevor Sie sie in den Warenkorb legen. <\/strong><\/p>\n","protected":false},"featured_media":3570,"comment_status":"open","ping_status":"closed","template":"","meta":[],"product_brand":[],"product_cat":[475,472,473],"product_tag":[675,476,696,697,816],"class_list":{"0":"post-5669","1":"product","2":"type-product","3":"status-publish","4":"has-post-thumbnail","6":"product_cat-halskragen","7":"product_cat-hund","8":"product_cat-hundehalsbander-leinen","9":"product_tag-hund","10":"product_tag-kragen","11":"product_tag-leather-de","12":"product_tag-neck-de","13":"product_tag-verpfandet","14":"post","15":"post-with-thumbnail","16":"post-with-thumbnail-large","18":"first","19":"outofstock","20":"sale","21":"taxable","22":"shipping-taxable","23":"purchasable","24":"product-type-variable"},"_links":{"self":[{"href":"https:\/\/troypetshop.com\/de\/wp-json\/wp\/v2\/product\/5669","targetHints":{"allow":["GET"]}}],"collection":[{"href":"https:\/\/troypetshop.com\/de\/wp-json\/wp\/v2\/product"}],"about":[{"href":"https:\/\/troypetshop.com\/de\/wp-json\/wp\/v2\/types\/product"}],"replies":[{"embeddable":true,"href":"https:\/\/troypetshop.com\/de\/wp-json\/wp\/v2\/comments?post=5669"}],"wp:featuredmedia":[{"embeddable":true,"href":"https:\/\/troypetshop.com\/de\/wp-json\/wp\/v2\/media\/3570"}],"wp:attachment":[{"href":"https:\/\/troypetshop.com\/de\/wp-json\/wp\/v2\/media?parent=5669"}],"wp:term":[{"taxonomy":"product_brand","embeddable":true,"href":"https:\/\/troypetshop.com\/de\/wp-json\/wp\/v2\/product_brand?post=5669"},{"taxonomy":"product_cat","embeddable":true,"href":"https:\/\/troypetshop.com\/de\/wp-json\/wp\/v2\/product_cat?post=5669"},{"taxonomy":"product_tag","embeddable":true,"href":"https:\/\/troypetshop.com\/de\/wp-json\/wp\/v2\/product_tag?post=5669"}],"curies":[{"name":"wp","href":"https:\/\/api.w.org\/{rel}","templated":true}]}}