{"id":5742,"date":"2023-11-16T12:52:46","date_gmt":"2023-11-16T11:52:46","guid":{"rendered":"http:\/\/troypetshop.com\/product\/kubisches-katzenhaus-mit-schalen\/"},"modified":"2026-02-28T16:52:11","modified_gmt":"2026-02-28T15:52:11","slug":"kubisches-haus-mit-naepfen","status":"publish","type":"product","link":"https:\/\/troypetshop.com\/de\/product\/kubisches-haus-mit-naepfen\/","title":{"rendered":"Kubisches Haus mit N\u00e4pfen"},"content":{"rendered":"","protected":false},"excerpt":{"rendered":"<p><strong>Kubisches Katzenhaus mit Futter- und Wassern\u00e4pfen aus Stahl <\/strong><\/p>\n<p>\u25aa Geeignet f\u00fcr Katzen jeden Alters.<br \/>\n\u25aa Es wurde entwickelt, um die unverzichtbaren Kratz-, Spiel- und Schutzbed\u00fcrfnisse Ihrer Katzen zu erf\u00fcllen.<br \/>\n\u25aa Pl\u00fcschstoff auf Holz bezogen. Der untere Teil ist ebenfalls mit weichem Pl\u00fcschstoff bezogen.<br \/>\n\u25aa Der Kratzbaum ist 50 cm lang und mit einem Juteseil umwickelt. Es hilft zu verhindern, dass Katzen die M\u00f6bel im Haus besch\u00e4digen<br \/>\nM\u00f6bel im Haus zu besch\u00e4digen und tr\u00e4gt zur Nagelpflege der Katzen bei.<br \/>\n\u25aa An der Seite des Katzenhauses befinden sich 2 Futtern\u00e4pfe aus Stahl. Die Futtern\u00e4pfe haben ein Fassungsverm\u00f6gen von 250 ml und einen Durchmesser von 12 cm.<br \/>\nDurchmesser.<br \/>\n\u25aa Nicht f\u00fcr den Au\u00dfenbereich geeignet, da es aus Holz besteht. Es wird empfohlen, sie im Haus zu verwenden.<\/p>\n<p><strong>Produktabmessungen:<br \/>\n\u25aa H\u00fcttenabschnitt: Breite: 40cm, Tiefe: 30cm, H\u00f6he: 35cm<br \/>\n\u25aa Tischplatte: 20cm x 20cm<br \/>\n\u25aa Kratzs\u00e4ule: 50cm<br \/>\n\u25aa Gesamtbreite inklusive Essbereich: 55cm<br \/>\n\u25aa Gesamth\u00f6he: 85cm<\/strong><\/p>\n<p><strong>Bitte w\u00e4hlen Sie die Farboption, bevor Sie sie in den Warenkorb legen. <\/strong><\/p>\n","protected":false},"featured_media":4170,"comment_status":"open","ping_status":"closed","template":"","meta":[],"product_brand":[],"product_cat":[508,759],"product_tag":[543,753,854,864],"class_list":{"0":"post-5742","1":"product","2":"type-product","3":"status-publish","4":"has-post-thumbnail","6":"product_cat-katze","7":"product_cat-katzenhaus-und-kratzbaum","8":"product_tag-cat-de","9":"product_tag-katzenhaus","10":"product_tag-kratzbaum","11":"product_tag-stahlschusseln","12":"post","13":"post-with-thumbnail","14":"post-with-thumbnail-large","16":"first","17":"outofstock","18":"sale","19":"taxable","20":"shipping-taxable","21":"purchasable","22":"product-type-variable","23":"has-default-attributes"},"_links":{"self":[{"href":"https:\/\/troypetshop.com\/de\/wp-json\/wp\/v2\/product\/5742","targetHints":{"allow":["GET"]}}],"collection":[{"href":"https:\/\/troypetshop.com\/de\/wp-json\/wp\/v2\/product"}],"about":[{"href":"https:\/\/troypetshop.com\/de\/wp-json\/wp\/v2\/types\/product"}],"replies":[{"embeddable":true,"href":"https:\/\/troypetshop.com\/de\/wp-json\/wp\/v2\/comments?post=5742"}],"wp:featuredmedia":[{"embeddable":true,"href":"https:\/\/troypetshop.com\/de\/wp-json\/wp\/v2\/media\/4170"}],"wp:attachment":[{"href":"https:\/\/troypetshop.com\/de\/wp-json\/wp\/v2\/media?parent=5742"}],"wp:term":[{"taxonomy":"product_brand","embeddable":true,"href":"https:\/\/troypetshop.com\/de\/wp-json\/wp\/v2\/product_brand?post=5742"},{"taxonomy":"product_cat","embeddable":true,"href":"https:\/\/troypetshop.com\/de\/wp-json\/wp\/v2\/product_cat?post=5742"},{"taxonomy":"product_tag","embeddable":true,"href":"https:\/\/troypetshop.com\/de\/wp-json\/wp\/v2\/product_tag?post=5742"}],"curies":[{"name":"wp","href":"https:\/\/api.w.org\/{rel}","templated":true}]}}