{"id":5752,"date":"2023-11-06T18:36:38","date_gmt":"2023-11-06T17:36:38","guid":{"rendered":"http:\/\/troypetshop.com\/product\/heizkoerperbett-fuer-katzen-und-hunde\/"},"modified":"2026-02-28T16:52:15","modified_gmt":"2026-02-28T15:52:15","slug":"heizkoerperbett-fuer-katzen-und-hunde","status":"publish","type":"product","link":"https:\/\/troypetshop.com\/de\/product\/heizkoerperbett-fuer-katzen-und-hunde\/","title":{"rendered":"Heizk\u00f6rperbett f\u00fcr Katzen und Hunde"},"content":{"rendered":"","protected":false},"excerpt":{"rendered":"<p>Ein gem\u00fctliches, komfortables und sicheres Bett Kein Risiko, auf das Haustier zu treten, insbesondere im Dunkeln.<\/p>\n<ul>\n<li>Passend f\u00fcr alle Standardheizk\u00f6rper<\/li>\n<li>Einfache Montage<\/li>\n<li>Gepolstert<\/li>\n<li>Abnehmbar<\/li>\n<\/ul>\n<p><strong>Bitte w\u00e4hlen Sie die Farboption, bevor Sie sie in den Warenkorb legen. <\/strong><\/p>\n","protected":false},"featured_media":3846,"comment_status":"open","ping_status":"closed","template":"","meta":[],"product_brand":[],"product_cat":[512,472,523,508],"product_tag":[543,676,874,675,753],"class_list":{"0":"post-5752","1":"product","2":"type-product","3":"status-publish","4":"has-post-thumbnail","6":"product_cat-betten","7":"product_cat-hund","8":"product_cat-hundebetten-haeuser","9":"product_cat-katze","10":"product_tag-cat-de","11":"product_tag-haustier","12":"product_tag-heizkorperbett","13":"product_tag-hund","14":"product_tag-katzenhaus","15":"post","16":"post-with-thumbnail","17":"post-with-thumbnail-large","19":"first","20":"outofstock","21":"taxable","22":"shipping-taxable","23":"product-type-variable"},"_links":{"self":[{"href":"https:\/\/troypetshop.com\/de\/wp-json\/wp\/v2\/product\/5752","targetHints":{"allow":["GET"]}}],"collection":[{"href":"https:\/\/troypetshop.com\/de\/wp-json\/wp\/v2\/product"}],"about":[{"href":"https:\/\/troypetshop.com\/de\/wp-json\/wp\/v2\/types\/product"}],"replies":[{"embeddable":true,"href":"https:\/\/troypetshop.com\/de\/wp-json\/wp\/v2\/comments?post=5752"}],"wp:featuredmedia":[{"embeddable":true,"href":"https:\/\/troypetshop.com\/de\/wp-json\/wp\/v2\/media\/3846"}],"wp:attachment":[{"href":"https:\/\/troypetshop.com\/de\/wp-json\/wp\/v2\/media?parent=5752"}],"wp:term":[{"taxonomy":"product_brand","embeddable":true,"href":"https:\/\/troypetshop.com\/de\/wp-json\/wp\/v2\/product_brand?post=5752"},{"taxonomy":"product_cat","embeddable":true,"href":"https:\/\/troypetshop.com\/de\/wp-json\/wp\/v2\/product_cat?post=5752"},{"taxonomy":"product_tag","embeddable":true,"href":"https:\/\/troypetshop.com\/de\/wp-json\/wp\/v2\/product_tag?post=5752"}],"curies":[{"name":"wp","href":"https:\/\/api.w.org\/{rel}","templated":true}]}}