{"id":5766,"date":"2023-11-03T11:24:30","date_gmt":"2023-11-03T10:24:30","guid":{"rendered":"http:\/\/troypetshop.com\/product\/lebensmittelbehaelter-aus-holz\/"},"modified":"2026-02-28T16:43:59","modified_gmt":"2026-02-28T15:43:59","slug":"lebensmittelbehaelter","status":"publish","type":"product","link":"https:\/\/troypetshop.com\/de\/product\/lebensmittelbehaelter\/","title":{"rendered":"Lebensmittelbeh\u00e4lter aus Holz"},"content":{"rendered":"","protected":false},"excerpt":{"rendered":"<p><strong>H\u00f6lzerne Futter- und Wassernapf f\u00fcr Katzen und Hunde aus Stahl, 2-teilig<\/strong><\/p>\n<p>\u25aa Speziell entwickeltes Holzfutter f\u00fcr Katzen und Hunde<br \/>\nund der Wassernapf ist ein bequemer Aufenthaltsort f\u00fcr unsere Pfotenfreunde<br \/>\n\u25aa Es hat zwei verschiedene Bereiche f\u00fcr Wasser und Nahrung.<br \/>\n\u25aa Leicht zu reinigen. Die Schalen k\u00f6nnen in der Maschine gewaschen werden.<br \/>\n\u25aa Kann leicht abgenommen und wieder an seinen urspr\u00fcnglichen Platz gestellt werden.<br \/>\n\u25aa Die Futtern\u00e4pfe haben ein Fassungsverm\u00f6gen von 220 ml.<br \/>\n\u25aa 2 Edelstahlsch\u00fcsseln sind im Preis inbegriffen.<\/p>\n<p><strong>Produkt Abmessungen::<\/strong><\/p>\n<p>\u25aa L\u00e4nge: 40cm,\u00a0 H\u00f6he: 20cm,\u00a0 Breite: 10cm<\/p>\n","protected":false},"featured_media":3780,"comment_status":"open","ping_status":"closed","template":"","meta":[],"product_brand":[],"product_cat":[728,765],"product_tag":[543,887,675,889,886,888,890],"class_list":{"0":"post-5766","1":"product","2":"type-product","3":"status-publish","4":"has-post-thumbnail","6":"product_cat-katzen-und-hundezubehor","7":"product_cat-schalen","8":"product_tag-cat-de","9":"product_tag-holz","10":"product_tag-hund","11":"product_tag-lebensmittel","12":"product_tag-schale","13":"product_tag-stahl","14":"product_tag-wasser","15":"post","16":"post-with-thumbnail","17":"post-with-thumbnail-large","19":"first","20":"outofstock","21":"sale","22":"taxable","23":"shipping-taxable","24":"purchasable","25":"product-type-simple"},"_links":{"self":[{"href":"https:\/\/troypetshop.com\/de\/wp-json\/wp\/v2\/product\/5766","targetHints":{"allow":["GET"]}}],"collection":[{"href":"https:\/\/troypetshop.com\/de\/wp-json\/wp\/v2\/product"}],"about":[{"href":"https:\/\/troypetshop.com\/de\/wp-json\/wp\/v2\/types\/product"}],"replies":[{"embeddable":true,"href":"https:\/\/troypetshop.com\/de\/wp-json\/wp\/v2\/comments?post=5766"}],"wp:featuredmedia":[{"embeddable":true,"href":"https:\/\/troypetshop.com\/de\/wp-json\/wp\/v2\/media\/3780"}],"wp:attachment":[{"href":"https:\/\/troypetshop.com\/de\/wp-json\/wp\/v2\/media?parent=5766"}],"wp:term":[{"taxonomy":"product_brand","embeddable":true,"href":"https:\/\/troypetshop.com\/de\/wp-json\/wp\/v2\/product_brand?post=5766"},{"taxonomy":"product_cat","embeddable":true,"href":"https:\/\/troypetshop.com\/de\/wp-json\/wp\/v2\/product_cat?post=5766"},{"taxonomy":"product_tag","embeddable":true,"href":"https:\/\/troypetshop.com\/de\/wp-json\/wp\/v2\/product_tag?post=5766"}],"curies":[{"name":"wp","href":"https:\/\/api.w.org\/{rel}","templated":true}]}}