{"id":5768,"date":"2023-11-02T17:02:37","date_gmt":"2023-11-02T16:02:37","guid":{"rendered":"http:\/\/troypetshop.com\/product\/kratzbaum-mit-buerste\/"},"modified":"2026-02-28T16:52:15","modified_gmt":"2026-02-28T15:52:15","slug":"kratzbaum-mit-buerste","status":"publish","type":"product","link":"https:\/\/troypetshop.com\/de\/product\/kratzbaum-mit-buerste\/","title":{"rendered":"Kratzbaum mit B\u00fcrste"},"content":{"rendered":"","protected":false},"excerpt":{"rendered":"<p><strong>Katzenkratzbaum mit Kratzb\u00fcrste<\/strong><\/p>\n<ul>\n<li>Der Holzk\u00f6rper ist mit Welsoft-Stoff \u00fcberzogen.<\/li>\n<li>Nat\u00fcrliches und haltbares Juteseil wird in Kratzrohren verwendet.<\/li>\n<li>Die Grundlagen der Produkte, die wir hergestellt haben, um Sch\u00e4den an den Gegenst\u00e4nden in Ihren R\u00e4umen zu verhindern, sind abgedeckt.<\/li>\n<li>Es hilft Ihnen, unser Hab und Gut in Ihrem Zuhause zu sch\u00fctzen, indem es unseren lieben Freunden erm\u00f6glicht, ihren nat\u00fcrlichen Kratzinstinkt zu befriedigen.<\/li>\n<li>Um das Kratzen f\u00fcr Ihre Katze attraktiver zu machen, kann das Auftragen von Katzenminze (Katzengras) auf diese Kratzer zu sehr guten Ergebnissen f\u00fchren.<\/li>\n<li>Pfostenh\u00f6he: 50cm, Rohrdurchmesser: 7cm<\/li>\n<li>B\u00fcrste H\u00f6he: 30cm<\/li>\n<\/ul>\n<p><strong>Bitte w\u00e4hlen Sie die Farboption, bevor Sie sie in den Warenkorb legen. <\/strong><\/p>\n","protected":false},"featured_media":3732,"comment_status":"open","ping_status":"closed","template":"","meta":[],"product_brand":[],"product_cat":[508,763,532],"product_tag":[543,854,896],"class_list":{"0":"post-5768","1":"product","2":"type-product","3":"status-publish","4":"has-post-thumbnail","6":"product_cat-katze","7":"product_cat-kratzbaeume-und-pads","8":"product_cat-moebel-und-haeuser","9":"product_tag-cat-de","10":"product_tag-kratzbaum","11":"product_tag-kratzburste","12":"post","13":"post-with-thumbnail","14":"post-with-thumbnail-large","16":"first","17":"outofstock","18":"sale","19":"taxable","20":"shipping-taxable","21":"purchasable","22":"product-type-variable"},"_links":{"self":[{"href":"https:\/\/troypetshop.com\/de\/wp-json\/wp\/v2\/product\/5768","targetHints":{"allow":["GET"]}}],"collection":[{"href":"https:\/\/troypetshop.com\/de\/wp-json\/wp\/v2\/product"}],"about":[{"href":"https:\/\/troypetshop.com\/de\/wp-json\/wp\/v2\/types\/product"}],"replies":[{"embeddable":true,"href":"https:\/\/troypetshop.com\/de\/wp-json\/wp\/v2\/comments?post=5768"}],"wp:featuredmedia":[{"embeddable":true,"href":"https:\/\/troypetshop.com\/de\/wp-json\/wp\/v2\/media\/3732"}],"wp:attachment":[{"href":"https:\/\/troypetshop.com\/de\/wp-json\/wp\/v2\/media?parent=5768"}],"wp:term":[{"taxonomy":"product_brand","embeddable":true,"href":"https:\/\/troypetshop.com\/de\/wp-json\/wp\/v2\/product_brand?post=5768"},{"taxonomy":"product_cat","embeddable":true,"href":"https:\/\/troypetshop.com\/de\/wp-json\/wp\/v2\/product_cat?post=5768"},{"taxonomy":"product_tag","embeddable":true,"href":"https:\/\/troypetshop.com\/de\/wp-json\/wp\/v2\/product_tag?post=5768"}],"curies":[{"name":"wp","href":"https:\/\/api.w.org\/{rel}","templated":true}]}}