{"id":5818,"date":"2023-10-25T12:32:50","date_gmt":"2023-10-25T10:32:50","guid":{"rendered":"http:\/\/troypetshop.com\/product\/hunde-brusthalsband\/"},"modified":"2026-02-28T16:52:18","modified_gmt":"2026-02-28T15:52:18","slug":"hunde-brusthalsband","status":"publish","type":"product","link":"https:\/\/troypetshop.com\/de\/product\/hunde-brusthalsband\/","title":{"rendered":"Hunde-Brusthalsband"},"content":{"rendered":"","protected":false},"excerpt":{"rendered":"<p>Verstellbare Hunde-Brusthalsb\u00e4nder.<\/p>\n<ul>\n<li>Farben: Schwarz, Hellbraun, Marineblau, Rot und etc.<\/li>\n<li>Mit 100 cm langen Laufgurten<\/li>\n<\/ul>\n<p><strong>Bitte w\u00e4hlen Sie die gew\u00fcnschte Farbe und Gr\u00f6\u00dfe, bevor Sie sie in den Warenkorb legen. <\/strong><\/p>\n","protected":false},"featured_media":4038,"comment_status":"open","ping_status":"closed","template":"","meta":[],"product_brand":[],"product_cat":[534,472,473,457],"product_tag":[623,624,476,593],"class_list":{"0":"post-5818","1":"product","2":"type-product","3":"status-publish","4":"has-post-thumbnail","6":"product_cat-brusthalsbaender","7":"product_cat-hund","8":"product_cat-hundehalsbander-leinen","9":"product_cat-unsere-produkte","10":"product_tag-brust","11":"product_tag-einstellbar","12":"product_tag-kragen","13":"product_tag-weiches-polyester","14":"post","15":"post-with-thumbnail","16":"post-with-thumbnail-large","18":"first","19":"outofstock","20":"sale","21":"taxable","22":"shipping-taxable","23":"purchasable","24":"product-type-variable"},"_links":{"self":[{"href":"https:\/\/troypetshop.com\/de\/wp-json\/wp\/v2\/product\/5818","targetHints":{"allow":["GET"]}}],"collection":[{"href":"https:\/\/troypetshop.com\/de\/wp-json\/wp\/v2\/product"}],"about":[{"href":"https:\/\/troypetshop.com\/de\/wp-json\/wp\/v2\/types\/product"}],"replies":[{"embeddable":true,"href":"https:\/\/troypetshop.com\/de\/wp-json\/wp\/v2\/comments?post=5818"}],"wp:featuredmedia":[{"embeddable":true,"href":"https:\/\/troypetshop.com\/de\/wp-json\/wp\/v2\/media\/4038"}],"wp:attachment":[{"href":"https:\/\/troypetshop.com\/de\/wp-json\/wp\/v2\/media?parent=5818"}],"wp:term":[{"taxonomy":"product_brand","embeddable":true,"href":"https:\/\/troypetshop.com\/de\/wp-json\/wp\/v2\/product_brand?post=5818"},{"taxonomy":"product_cat","embeddable":true,"href":"https:\/\/troypetshop.com\/de\/wp-json\/wp\/v2\/product_cat?post=5818"},{"taxonomy":"product_tag","embeddable":true,"href":"https:\/\/troypetshop.com\/de\/wp-json\/wp\/v2\/product_tag?post=5818"}],"curies":[{"name":"wp","href":"https:\/\/api.w.org\/{rel}","templated":true}]}}