{"id":5896,"date":"2023-10-19T14:04:56","date_gmt":"2023-10-19T12:04:56","guid":{"rendered":"http:\/\/troypetshop.com\/product\/leder-gladiator\/"},"modified":"2026-02-28T16:52:22","modified_gmt":"2026-02-28T15:52:22","slug":"leder-gladiator","status":"publish","type":"product","link":"https:\/\/troypetshop.com\/de\/product\/leder-gladiator\/","title":{"rendered":"Leder-Gladiator"},"content":{"rendered":"","protected":false},"excerpt":{"rendered":"<p>&#8211; Die Produkte sind aus echtem Leder gefertigt<br \/>\n&#8211; Alle Produkte haben eine weiche Polsterung.<br \/>\n&#8211; Vollst\u00e4ndig einstellbar<br \/>\n&#8211; Es werden gl\u00e4nzende Nickelschnallen verwendet.<br \/>\n&#8211; Farben: Schwarz, Hellbraun, Dunkelbraun usw.<br \/>\n&#8211; Modelle: Einfarbig<\/p>\n<p><strong>Gr\u00f6\u00dfen<\/strong><\/p>\n<p><strong>Gro\u00df <\/strong> Hals = 36 &#8211; 50 cm R\u00fccken = 52 &#8211; 68 cm<\/p>\n<p><strong>Extra gro\u00df<\/strong> Hals = 50 &#8211; 66 cm R\u00fccken = 80 &#8211; 90 cm<\/p>\n<p>&nbsp;<\/p>\n<p><strong>Bitte w\u00e4hlen Sie die gew\u00fcnschte Farbe und Gr\u00f6\u00dfe, bevor Sie sie in den Warenkorb legen. <\/strong><\/p>\n","protected":false},"featured_media":3414,"comment_status":"open","ping_status":"closed","template":"","meta":[],"product_brand":[],"product_cat":[534,541,472,473],"product_tag":[623,624,990,675,476,696],"class_list":{"0":"post-5896","1":"product","2":"type-product","3":"status-publish","4":"has-post-thumbnail","6":"product_cat-brusthalsbaender","7":"product_cat-gladiator-halsbaender","8":"product_cat-hund","9":"product_cat-hundehalsbander-leinen","10":"product_tag-brust","11":"product_tag-einstellbar","12":"product_tag-gladiator-de","13":"product_tag-hund","14":"product_tag-kragen","15":"product_tag-leather-de","16":"post","17":"post-with-thumbnail","18":"post-with-thumbnail-large","20":"first","21":"outofstock","22":"sale","23":"taxable","24":"shipping-taxable","25":"purchasable","26":"product-type-variable","27":"has-default-attributes"},"_links":{"self":[{"href":"https:\/\/troypetshop.com\/de\/wp-json\/wp\/v2\/product\/5896","targetHints":{"allow":["GET"]}}],"collection":[{"href":"https:\/\/troypetshop.com\/de\/wp-json\/wp\/v2\/product"}],"about":[{"href":"https:\/\/troypetshop.com\/de\/wp-json\/wp\/v2\/types\/product"}],"replies":[{"embeddable":true,"href":"https:\/\/troypetshop.com\/de\/wp-json\/wp\/v2\/comments?post=5896"}],"wp:featuredmedia":[{"embeddable":true,"href":"https:\/\/troypetshop.com\/de\/wp-json\/wp\/v2\/media\/3414"}],"wp:attachment":[{"href":"https:\/\/troypetshop.com\/de\/wp-json\/wp\/v2\/media?parent=5896"}],"wp:term":[{"taxonomy":"product_brand","embeddable":true,"href":"https:\/\/troypetshop.com\/de\/wp-json\/wp\/v2\/product_brand?post=5896"},{"taxonomy":"product_cat","embeddable":true,"href":"https:\/\/troypetshop.com\/de\/wp-json\/wp\/v2\/product_cat?post=5896"},{"taxonomy":"product_tag","embeddable":true,"href":"https:\/\/troypetshop.com\/de\/wp-json\/wp\/v2\/product_tag?post=5896"}],"curies":[{"name":"wp","href":"https:\/\/api.w.org\/{rel}","templated":true}]}}