{"id":5922,"date":"2023-10-10T11:28:32","date_gmt":"2023-10-10T09:28:32","guid":{"rendered":"http:\/\/troypetshop.com\/product\/hochwertiges-gestricktes-leder\/"},"modified":"2026-02-28T16:52:23","modified_gmt":"2026-02-28T15:52:23","slug":"hochwertiges-gestricktes-leder","status":"publish","type":"product","link":"https:\/\/troypetshop.com\/de\/product\/hochwertiges-gestricktes-leder\/","title":{"rendered":"Hochwertiges gestricktes Leder"},"content":{"rendered":"","protected":false},"excerpt":{"rendered":"<p>-Produkte sind aus echtem (pflanzlichem) Leder hergestellt<br \/>\n-Optional kann ein weiches Polster angebracht werden.<br \/>\n-Gl\u00e4nzende Nickelschnallen werden bei allen Produkten verwendet.<br \/>\n-Farben: Rot, Schwarz, Hellbraun, Dunkelbraun, Tan<br \/>\n-Modelle: Einfarbig und mit Pfotenaufdruck<\/p>\n<p><strong>Produktgr\u00f6\u00dfen &#8211; L\u00e4ngenverstellbare Halsb\u00e4nder<\/strong><br \/>\nXS &#8211; Nr. 1: Breite 1,5 cm-K\u00fcrzeste 23 cm, l\u00e4ngste 31 cm<br \/>\nS &#8211; Nr. 2: Breite 2 cm &#8211; k\u00fcrzeste L\u00e4nge 28 cm, l\u00e4ngste L\u00e4nge 37 cm<br \/>\nM &#8211; Nr. 3: Breite 2,5 cm -k\u00fcrzeste L\u00e4nge 33 cm, l\u00e4ngste L\u00e4nge 46 cm<br \/>\nL &#8211; Nr. 4: Breite 3 cm &#8211; k\u00fcrzeste L\u00e4nge 40 cm, l\u00e4ngste L\u00e4nge 53 cm<br \/>\nXL &#8211; Nr. 5: Breite 4 cm &#8211; k\u00fcrzeste L\u00e4nge 45 cm, l\u00e4ngste L\u00e4nge 59 cm<\/p>\n<p><strong>Bitte w\u00e4hlen Sie die gew\u00fcnschte Farbe und Gr\u00f6\u00dfe, bevor Sie sie in den Warenkorb legen. <\/strong><\/p>\n","protected":false},"featured_media":3306,"comment_status":"open","ping_status":"closed","template":"","meta":[],"product_brand":[],"product_cat":[475,472,473],"product_tag":[960,757,675,476,696,697],"class_list":{"0":"post-5922","1":"product","2":"type-product","3":"status-publish","4":"has-post-thumbnail","6":"product_cat-halskragen","7":"product_cat-hund","8":"product_cat-hundehalsbander-leinen","9":"product_tag-gestrickt","10":"product_tag-handgefertigt","11":"product_tag-hund","12":"product_tag-kragen","13":"product_tag-leather-de","14":"product_tag-neck-de","15":"post","16":"post-with-thumbnail","17":"post-with-thumbnail-large","19":"first","20":"outofstock","21":"sale","22":"taxable","23":"shipping-taxable","24":"purchasable","25":"product-type-variable","26":"has-default-attributes"},"_links":{"self":[{"href":"https:\/\/troypetshop.com\/de\/wp-json\/wp\/v2\/product\/5922","targetHints":{"allow":["GET"]}}],"collection":[{"href":"https:\/\/troypetshop.com\/de\/wp-json\/wp\/v2\/product"}],"about":[{"href":"https:\/\/troypetshop.com\/de\/wp-json\/wp\/v2\/types\/product"}],"replies":[{"embeddable":true,"href":"https:\/\/troypetshop.com\/de\/wp-json\/wp\/v2\/comments?post=5922"}],"wp:featuredmedia":[{"embeddable":true,"href":"https:\/\/troypetshop.com\/de\/wp-json\/wp\/v2\/media\/3306"}],"wp:attachment":[{"href":"https:\/\/troypetshop.com\/de\/wp-json\/wp\/v2\/media?parent=5922"}],"wp:term":[{"taxonomy":"product_brand","embeddable":true,"href":"https:\/\/troypetshop.com\/de\/wp-json\/wp\/v2\/product_brand?post=5922"},{"taxonomy":"product_cat","embeddable":true,"href":"https:\/\/troypetshop.com\/de\/wp-json\/wp\/v2\/product_cat?post=5922"},{"taxonomy":"product_tag","embeddable":true,"href":"https:\/\/troypetshop.com\/de\/wp-json\/wp\/v2\/product_tag?post=5922"}],"curies":[{"name":"wp","href":"https:\/\/api.w.org\/{rel}","templated":true}]}}