{"id":5942,"date":"2023-10-09T12:31:56","date_gmt":"2023-10-09T10:31:56","guid":{"rendered":"http:\/\/troypetshop.com\/product\/pp-gewebt\/"},"modified":"2026-02-28T16:52:24","modified_gmt":"2026-02-28T15:52:24","slug":"pp-gewebt","status":"publish","type":"product","link":"https:\/\/troypetshop.com\/de\/product\/pp-gewebt\/","title":{"rendered":"PP gewebt"},"content":{"rendered":"","protected":false},"excerpt":{"rendered":"<p>2 &#8211; 2,5 und 3 cm breite PP-S\u00e4ulen f\u00fcr Hunde und 1 cm breite S\u00e4ulen f\u00fcr Katzenhalsb\u00e4nder.<\/p>\n<p>Polypropylen (PP) ist stark und widerstandsf\u00e4hig gegen physikalische Belastungen, es ist wasserdicht. Das PP-Halsband ist eine gute Wahl f\u00fcr den Einsatz im Freien. Es ist langlebig und sicher.<\/p>\n<p>Gr\u00f6\u00dfen Breite(cm) K\u00fcrzeste-L\u00e4ngste(cm) &#8211; Einstellbare L\u00e4ngen<br \/>\nXS 1,5 20 &#8211; 30<br \/>\nS 2 22 &#8211; 36<br \/>\nM 2,5 30 &#8211; 46<br \/>\nL 2,5 40 &#8211; 50<\/p>\n<p><strong>Bitte w\u00e4hlen Sie die gew\u00fcnschte Farbe und Gr\u00f6\u00dfe, bevor Sie sie in den Warenkorb legen. <\/strong><\/p>\n","protected":false},"featured_media":3324,"comment_status":"open","ping_status":"closed","template":"","meta":[],"product_brand":[],"product_cat":[475,473],"product_tag":[624,675,476,697,749],"class_list":{"0":"post-5942","1":"product","2":"type-product","3":"status-publish","4":"has-post-thumbnail","6":"product_cat-halskragen","7":"product_cat-hundehalsbander-leinen","8":"product_tag-einstellbar","9":"product_tag-hund","10":"product_tag-kragen","11":"product_tag-neck-de","12":"product_tag-pp-polypropylene-de","13":"post","14":"post-with-thumbnail","15":"post-with-thumbnail-large","17":"first","18":"outofstock","19":"sale","20":"taxable","21":"shipping-taxable","22":"purchasable","23":"product-type-variable","24":"has-default-attributes"},"_links":{"self":[{"href":"https:\/\/troypetshop.com\/de\/wp-json\/wp\/v2\/product\/5942","targetHints":{"allow":["GET"]}}],"collection":[{"href":"https:\/\/troypetshop.com\/de\/wp-json\/wp\/v2\/product"}],"about":[{"href":"https:\/\/troypetshop.com\/de\/wp-json\/wp\/v2\/types\/product"}],"replies":[{"embeddable":true,"href":"https:\/\/troypetshop.com\/de\/wp-json\/wp\/v2\/comments?post=5942"}],"wp:featuredmedia":[{"embeddable":true,"href":"https:\/\/troypetshop.com\/de\/wp-json\/wp\/v2\/media\/3324"}],"wp:attachment":[{"href":"https:\/\/troypetshop.com\/de\/wp-json\/wp\/v2\/media?parent=5942"}],"wp:term":[{"taxonomy":"product_brand","embeddable":true,"href":"https:\/\/troypetshop.com\/de\/wp-json\/wp\/v2\/product_brand?post=5942"},{"taxonomy":"product_cat","embeddable":true,"href":"https:\/\/troypetshop.com\/de\/wp-json\/wp\/v2\/product_cat?post=5942"},{"taxonomy":"product_tag","embeddable":true,"href":"https:\/\/troypetshop.com\/de\/wp-json\/wp\/v2\/product_tag?post=5942"}],"curies":[{"name":"wp","href":"https:\/\/api.w.org\/{rel}","templated":true}]}}