{"id":7117,"date":"2025-01-06T11:05:21","date_gmt":"2025-01-06T10:05:21","guid":{"rendered":"https:\/\/troypetshop.com\/product\/aktivitaet-seilball\/"},"modified":"2026-02-28T16:52:50","modified_gmt":"2026-02-28T15:52:50","slug":"aktivitaet-spiel-seil-ball","status":"publish","type":"product","link":"https:\/\/troypetshop.com\/de\/product\/aktivitaet-spiel-seil-ball\/","title":{"rendered":"Aktivit\u00e4t Spiel Seil Ball"},"content":{"rendered":"","protected":false},"excerpt":{"rendered":"<p>Erf\u00fcllt die Bed\u00fcrfnisse Ihres Haustieres wie Bei\u00dfen und Nagen und baut Stress ab.<br \/>\nIdeal f\u00fcr gemeinsame Zerrspiele. Es ist ein dickes und haltbares Zerrspielzeug.<br \/>\nHergestellt aus gezwirnten Baumwollgarnen, sind sie f\u00fcr Hunde und Katzen geeignet.<br \/>\nAus hygienischen Gr\u00fcnden empfehlen wir, den Teil des Seils, in den Ihr Haustier gebissen hat, h\u00e4ufig zu waschen.<br \/>\nBalldurchmesser = 8 cm, Schnurl\u00e4nge = 50 cm und Schnurst\u00e4rke = 2,5 cm<\/p>\n<p><strong>Bitte w\u00e4hlen Sie eine Farbe aus, bevor Sie sie in den Warenkorb legen.<\/strong><\/p>\n","protected":false},"featured_media":7086,"comment_status":"open","ping_status":"closed","template":"","meta":[],"product_brand":[],"product_cat":[1391,1388,1387,1386,457],"product_tag":[1390,1389],"class_list":{"0":"post-7117","1":"product","2":"type-product","3":"status-publish","4":"has-post-thumbnail","6":"product_cat-aktivitat-seilball","7":"product_cat-aktivitatsseile-zahnseide","8":"product_cat-hundespielzeug","9":"product_cat-katzenspielzeug","10":"product_cat-unsere-produkte","11":"product_tag-aktivitat-seil-ball","12":"product_tag-spielzeug","13":"post","14":"post-with-thumbnail","15":"post-with-thumbnail-large","17":"first","18":"outofstock","19":"sale","20":"taxable","21":"shipping-taxable","22":"purchasable","23":"product-type-variable"},"_links":{"self":[{"href":"https:\/\/troypetshop.com\/de\/wp-json\/wp\/v2\/product\/7117","targetHints":{"allow":["GET"]}}],"collection":[{"href":"https:\/\/troypetshop.com\/de\/wp-json\/wp\/v2\/product"}],"about":[{"href":"https:\/\/troypetshop.com\/de\/wp-json\/wp\/v2\/types\/product"}],"replies":[{"embeddable":true,"href":"https:\/\/troypetshop.com\/de\/wp-json\/wp\/v2\/comments?post=7117"}],"wp:featuredmedia":[{"embeddable":true,"href":"https:\/\/troypetshop.com\/de\/wp-json\/wp\/v2\/media\/7086"}],"wp:attachment":[{"href":"https:\/\/troypetshop.com\/de\/wp-json\/wp\/v2\/media?parent=7117"}],"wp:term":[{"taxonomy":"product_brand","embeddable":true,"href":"https:\/\/troypetshop.com\/de\/wp-json\/wp\/v2\/product_brand?post=7117"},{"taxonomy":"product_cat","embeddable":true,"href":"https:\/\/troypetshop.com\/de\/wp-json\/wp\/v2\/product_cat?post=7117"},{"taxonomy":"product_tag","embeddable":true,"href":"https:\/\/troypetshop.com\/de\/wp-json\/wp\/v2\/product_tag?post=7117"}],"curies":[{"name":"wp","href":"https:\/\/api.w.org\/{rel}","templated":true}]}}