{"id":7138,"date":"2025-01-05T17:42:14","date_gmt":"2025-01-05T16:42:14","guid":{"rendered":"https:\/\/troypetshop.com\/product\/gummi-hundeknochen\/"},"modified":"2026-02-28T16:52:51","modified_gmt":"2026-02-28T15:52:51","slug":"gummi-hundeknochen","status":"publish","type":"product","link":"https:\/\/troypetshop.com\/de\/product\/gummi-hundeknochen\/","title":{"rendered":"Gummi Hundeknochen"},"content":{"rendered":"","protected":false},"excerpt":{"rendered":"<p class=\"name\">Hundespielzeug in Knochenform, langlebiger Gummi in Knochenform,<\/p>\n<p>Hundeknochen aus Gummi, in verschiedenen Farben und Gr\u00f6\u00dfen,<\/p>\n<p><strong>Bitte w\u00e4hlen Sie keine kleinen Knochen f\u00fcr gro\u00dfe Hunderassen!<\/strong><\/p>\n<p>Gr\u00f6\u00dfen:<\/p>\n<ul>\n<li>8956 &#8211; Medium: 5,0 x 14,0 cm<\/li>\n<li>8988 &#8211; Klein: 2,7 x 9,8 cm<\/li>\n<li>8989 &#8211; Gro\u00df: 4,2 x 15,5 cm<\/li>\n<\/ul>\n<p><strong>Bitte w\u00e4hlen Sie sowohl die Farbe als auch die Gr\u00f6\u00dfe des Knochens, bevor Sie ihn in den Warenkorb legen.<\/strong><\/p>\n","protected":false},"featured_media":6977,"comment_status":"open","ping_status":"closed","template":"","meta":[],"product_brand":[],"product_cat":[1387,728,1420,457],"product_tag":[1895],"class_list":{"0":"post-7138","1":"product","2":"type-product","3":"status-publish","4":"has-post-thumbnail","6":"product_cat-hundespielzeug","7":"product_cat-katzen-und-hundezubehor","8":"product_cat-knochen","9":"product_cat-unsere-produkte","10":"product_tag-hundespielzeug","11":"post","12":"post-with-thumbnail","13":"post-with-thumbnail-large","15":"first","16":"outofstock","17":"sale","18":"taxable","19":"shipping-taxable","20":"purchasable","21":"product-type-variable"},"_links":{"self":[{"href":"https:\/\/troypetshop.com\/de\/wp-json\/wp\/v2\/product\/7138","targetHints":{"allow":["GET"]}}],"collection":[{"href":"https:\/\/troypetshop.com\/de\/wp-json\/wp\/v2\/product"}],"about":[{"href":"https:\/\/troypetshop.com\/de\/wp-json\/wp\/v2\/types\/product"}],"replies":[{"embeddable":true,"href":"https:\/\/troypetshop.com\/de\/wp-json\/wp\/v2\/comments?post=7138"}],"wp:featuredmedia":[{"embeddable":true,"href":"https:\/\/troypetshop.com\/de\/wp-json\/wp\/v2\/media\/6977"}],"wp:attachment":[{"href":"https:\/\/troypetshop.com\/de\/wp-json\/wp\/v2\/media?parent=7138"}],"wp:term":[{"taxonomy":"product_brand","embeddable":true,"href":"https:\/\/troypetshop.com\/de\/wp-json\/wp\/v2\/product_brand?post=7138"},{"taxonomy":"product_cat","embeddable":true,"href":"https:\/\/troypetshop.com\/de\/wp-json\/wp\/v2\/product_cat?post=7138"},{"taxonomy":"product_tag","embeddable":true,"href":"https:\/\/troypetshop.com\/de\/wp-json\/wp\/v2\/product_tag?post=7138"}],"curies":[{"name":"wp","href":"https:\/\/api.w.org\/{rel}","templated":true}]}}