{"id":7170,"date":"2025-01-04T17:03:04","date_gmt":"2025-01-04T16:03:04","guid":{"rendered":"https:\/\/troypetshop.com\/product\/aktivitaetsseil-zahnseide\/"},"modified":"2026-02-28T16:52:52","modified_gmt":"2026-02-28T15:52:52","slug":"aktivitaetsseil-zahnseide","status":"publish","type":"product","link":"https:\/\/troypetshop.com\/de\/product\/aktivitaetsseil-zahnseide\/","title":{"rendered":"Aktivit\u00e4tsseil &#8211; Zahnseide"},"content":{"rendered":"","protected":false},"excerpt":{"rendered":"<p>Aktivit\u00e4tsseil. Es ist auch eine geknotete Zahnseide. <\/p>\n<ul>\n<li>Zahnseide mit geknotetem Griff befriedigt die Bed\u00fcrfnisse Ihres Hundes wie Bei\u00dfen und Nagen und reduziert Stress.<\/li>\n<li>Ideal f\u00fcr gemeinsame Tauziehspiele. Es ist ein dickes und haltbares Zerrspielzeug. <\/li>\n<li>Die Aktivit\u00e4tsseile sind 2,5 cm dick und 25, 45 und 60 cm lang.<\/li>\n<li>Dieses aus Baumwollf\u00e4den gedrehte Seil hilft, die Z\u00e4hne Ihres Hundes durch Reibung zu reinigen. Es ist eine strapazierf\u00e4hige Zahnseide, die f\u00fcr gro\u00dfe, mittlere und kleine Hunderassen geeignet ist. <\/li>\n<li>Aus hygienischen Gr\u00fcnden empfehlen wir, den Teil der Leine, in den der Hund gebissen hat, h\u00e4ufig zu waschen.<\/li>\n<\/ul>\n<p><strong>Bitte w\u00e4hlen Sie die Gr\u00f6\u00dfe aus, bevor Sie sie in den Warenkorb legen.<\/strong><\/p>\n","protected":false},"featured_media":7078,"comment_status":"open","ping_status":"closed","template":"","meta":[],"product_brand":[],"product_cat":[1388,1387,457],"product_tag":[1437,1449],"class_list":{"0":"post-7170","1":"product","2":"type-product","3":"status-publish","4":"has-post-thumbnail","6":"product_cat-aktivitatsseile-zahnseide","7":"product_cat-hundespielzeug","8":"product_cat-unsere-produkte","9":"product_tag-aktivitatsseil","10":"product_tag-zahnseide","11":"post","12":"post-with-thumbnail","13":"post-with-thumbnail-large","15":"first","16":"outofstock","17":"sale","18":"taxable","19":"shipping-taxable","20":"purchasable","21":"product-type-variable"},"_links":{"self":[{"href":"https:\/\/troypetshop.com\/de\/wp-json\/wp\/v2\/product\/7170","targetHints":{"allow":["GET"]}}],"collection":[{"href":"https:\/\/troypetshop.com\/de\/wp-json\/wp\/v2\/product"}],"about":[{"href":"https:\/\/troypetshop.com\/de\/wp-json\/wp\/v2\/types\/product"}],"replies":[{"embeddable":true,"href":"https:\/\/troypetshop.com\/de\/wp-json\/wp\/v2\/comments?post=7170"}],"wp:featuredmedia":[{"embeddable":true,"href":"https:\/\/troypetshop.com\/de\/wp-json\/wp\/v2\/media\/7078"}],"wp:attachment":[{"href":"https:\/\/troypetshop.com\/de\/wp-json\/wp\/v2\/media?parent=7170"}],"wp:term":[{"taxonomy":"product_brand","embeddable":true,"href":"https:\/\/troypetshop.com\/de\/wp-json\/wp\/v2\/product_brand?post=7170"},{"taxonomy":"product_cat","embeddable":true,"href":"https:\/\/troypetshop.com\/de\/wp-json\/wp\/v2\/product_cat?post=7170"},{"taxonomy":"product_tag","embeddable":true,"href":"https:\/\/troypetshop.com\/de\/wp-json\/wp\/v2\/product_tag?post=7170"}],"curies":[{"name":"wp","href":"https:\/\/api.w.org\/{rel}","templated":true}]}}