{"id":7180,"date":"2024-12-22T15:40:57","date_gmt":"2024-12-22T14:40:57","guid":{"rendered":"https:\/\/troypetshop.com\/product\/bacco-milano-transparente-tragetasche-fuer-katze-und-hund\/"},"modified":"2026-02-28T16:43:32","modified_gmt":"2026-02-28T15:43:32","slug":"bacco-milano-transparente-tragetasche-fuer-katze-und-hund","status":"publish","type":"product","link":"https:\/\/troypetshop.com\/de\/product\/bacco-milano-transparente-tragetasche-fuer-katze-und-hund\/","title":{"rendered":"Milano Tragetasche f\u00fcr Haustiere"},"content":{"rendered":"","protected":false},"excerpt":{"rendered":"<p>Milano Transparente Tragetasche f\u00fcr Haustiere<\/p>\n<p>Geeignet f\u00fcr den Transport von Katzen, Welpen und Kaninchen. Entwickelt mit Blick auf die Sicherheit und den Komfort Ihrer Haustiere. Seine kompakte und leichte Struktur bietet sowohl Ihnen als auch Ihrem Haustier Komfort w\u00e4hrend des Transports. Er ist eine ideale Transportl\u00f6sung f\u00fcr kurze Ausfl\u00fcge und Tierarztbesuche. Sie ist jedoch nicht daf\u00fcr geeignet, Ihr Haustier f\u00fcr l\u00e4ngere Zeit in der Tasche zu lassen.    <\/p>\n<p>Abmessungen : 27(B) x 40(L) x 28(H) cm.<\/p>\n","protected":false},"featured_media":6575,"comment_status":"open","ping_status":"closed","template":"","meta":[],"product_brand":[],"product_cat":[728,1493],"product_tag":[1440],"class_list":{"0":"post-7180","1":"product","2":"type-product","3":"status-publish","4":"has-post-thumbnail","6":"product_cat-katzen-und-hundezubehor","7":"product_cat-tragetaschen-fur-haustiere","8":"product_tag-traeger","9":"post","10":"post-with-thumbnail","11":"post-with-thumbnail-large","13":"first","14":"outofstock","15":"sale","16":"taxable","17":"shipping-taxable","18":"purchasable","19":"product-type-simple"},"_links":{"self":[{"href":"https:\/\/troypetshop.com\/de\/wp-json\/wp\/v2\/product\/7180","targetHints":{"allow":["GET"]}}],"collection":[{"href":"https:\/\/troypetshop.com\/de\/wp-json\/wp\/v2\/product"}],"about":[{"href":"https:\/\/troypetshop.com\/de\/wp-json\/wp\/v2\/types\/product"}],"replies":[{"embeddable":true,"href":"https:\/\/troypetshop.com\/de\/wp-json\/wp\/v2\/comments?post=7180"}],"wp:featuredmedia":[{"embeddable":true,"href":"https:\/\/troypetshop.com\/de\/wp-json\/wp\/v2\/media\/6575"}],"wp:attachment":[{"href":"https:\/\/troypetshop.com\/de\/wp-json\/wp\/v2\/media?parent=7180"}],"wp:term":[{"taxonomy":"product_brand","embeddable":true,"href":"https:\/\/troypetshop.com\/de\/wp-json\/wp\/v2\/product_brand?post=7180"},{"taxonomy":"product_cat","embeddable":true,"href":"https:\/\/troypetshop.com\/de\/wp-json\/wp\/v2\/product_cat?post=7180"},{"taxonomy":"product_tag","embeddable":true,"href":"https:\/\/troypetshop.com\/de\/wp-json\/wp\/v2\/product_tag?post=7180"}],"curies":[{"name":"wp","href":"https:\/\/api.w.org\/{rel}","templated":true}]}}