{"id":7184,"date":"2024-12-24T13:53:55","date_gmt":"2024-12-24T12:53:55","guid":{"rendered":"https:\/\/troypetshop.com\/product\/katze-offene-toilettenschuessel\/"},"modified":"2026-02-28T16:52:56","modified_gmt":"2026-02-28T15:52:56","slug":"katze-offene-toilettenschuessel","status":"publish","type":"product","link":"https:\/\/troypetshop.com\/de\/product\/katze-offene-toilettenschuessel\/","title":{"rendered":"Katze offene Toilettensch\u00fcssel"},"content":{"rendered":"","protected":false},"excerpt":{"rendered":"<p><strong>Offene Katzentoilettensch\u00fcssel<\/strong><br \/>\nDie R\u00fcckseite des Beh\u00e4lters ist h\u00f6her als die Vorderseite. Auf diese Weise machen unsere Katzen weniger Dreck, wenn sie in der Bentonitstreu w\u00fchlen.<br \/>\nHergestellt aus flexiblem und haltbarem Kunststoff.<br \/>\n100% emissionsfreies Material verwendet wird, k\u00f6nnen Sie es sicher verwenden.<br \/>\nSie brauchen zur Reinigung nur warmes Wasser und Seife zu verwenden.<br \/>\nDas Produkt wird mit einer Geschenkschaufel geliefert.<br \/>\nMit der mitgelieferten Schaufel k\u00f6nnen Sie Kot und Urin leicht durchsieben.<br \/>\nProduktabmessungen:<br \/>\nBreite: 36 cm.<br \/>\nL\u00e4nge: 50 cm.<br \/>\nH\u00f6he vorne: 13 cm.<br \/>\nH\u00f6he hinten: 20 cm.<\/p>\n<p><strong>Bitte w\u00e4hlen Sie die Farboption, bevor Sie sie in den Warenkorb legen. <\/strong><\/p>\n<p>Farben: Blau &#8211; Grau &#8211; Lila &#8211; Rot<\/p>\n","protected":false},"featured_media":6639,"comment_status":"open","ping_status":"closed","template":"","meta":[],"product_brand":[],"product_cat":[508,1461,457],"product_tag":[1444],"class_list":{"0":"post-7184","1":"product","2":"type-product","3":"status-publish","4":"has-post-thumbnail","6":"product_cat-katze","7":"product_cat-katze-offene-toilettenbox","8":"product_cat-unsere-produkte","9":"product_tag-katzentoilette","10":"post","11":"post-with-thumbnail","12":"post-with-thumbnail-large","14":"first","15":"outofstock","16":"taxable","17":"shipping-taxable","18":"product-type-variable"},"_links":{"self":[{"href":"https:\/\/troypetshop.com\/de\/wp-json\/wp\/v2\/product\/7184","targetHints":{"allow":["GET"]}}],"collection":[{"href":"https:\/\/troypetshop.com\/de\/wp-json\/wp\/v2\/product"}],"about":[{"href":"https:\/\/troypetshop.com\/de\/wp-json\/wp\/v2\/types\/product"}],"replies":[{"embeddable":true,"href":"https:\/\/troypetshop.com\/de\/wp-json\/wp\/v2\/comments?post=7184"}],"wp:featuredmedia":[{"embeddable":true,"href":"https:\/\/troypetshop.com\/de\/wp-json\/wp\/v2\/media\/6639"}],"wp:attachment":[{"href":"https:\/\/troypetshop.com\/de\/wp-json\/wp\/v2\/media?parent=7184"}],"wp:term":[{"taxonomy":"product_brand","embeddable":true,"href":"https:\/\/troypetshop.com\/de\/wp-json\/wp\/v2\/product_brand?post=7184"},{"taxonomy":"product_cat","embeddable":true,"href":"https:\/\/troypetshop.com\/de\/wp-json\/wp\/v2\/product_cat?post=7184"},{"taxonomy":"product_tag","embeddable":true,"href":"https:\/\/troypetshop.com\/de\/wp-json\/wp\/v2\/product_tag?post=7184"}],"curies":[{"name":"wp","href":"https:\/\/api.w.org\/{rel}","templated":true}]}}