{"id":7215,"date":"2025-01-03T17:10:54","date_gmt":"2025-01-03T16:10:54","guid":{"rendered":"https:\/\/troypetshop.com\/product\/ringe-ziehen\/"},"modified":"2026-02-28T16:52:57","modified_gmt":"2026-02-28T15:52:57","slug":"ringe-ziehen","status":"publish","type":"product","link":"https:\/\/troypetshop.com\/de\/product\/ringe-ziehen\/","title":{"rendered":"Ringe ziehen"},"content":{"rendered":"","protected":false},"excerpt":{"rendered":"<p>Pull Rings haben zwei verschiedene Gr\u00f6\u00dfen.<\/p>\n<ul>\n<li>Kleiner Typ Pull Ring Abmessungen = 9,5 cm x 10,6 cm<\/li>\n<li>Gro\u00dfe Ausf\u00fchrung Pull Ring Abmessungen= 12,5 cm x 14,3 cm<\/li>\n<\/ul>\n<p><strong>Bitte w\u00e4hlen Sie die Gr\u00f6\u00dfe und Farbe des Zugrings, bevor Sie ihn in den Warenkorb legen.<\/strong><\/p>\n","protected":false},"featured_media":6887,"comment_status":"open","ping_status":"closed","template":"","meta":[],"product_brand":[],"product_cat":[1387,1464],"product_tag":[1895,1456],"class_list":{"0":"post-7215","1":"product","2":"type-product","3":"status-publish","4":"has-post-thumbnail","6":"product_cat-hundespielzeug","7":"product_cat-ringe-ziehen","8":"product_tag-hundespielzeug","9":"product_tag-ring-de","10":"post","11":"post-with-thumbnail","12":"post-with-thumbnail-large","14":"first","15":"outofstock","16":"sale","17":"taxable","18":"shipping-taxable","19":"purchasable","20":"product-type-variable"},"_links":{"self":[{"href":"https:\/\/troypetshop.com\/de\/wp-json\/wp\/v2\/product\/7215","targetHints":{"allow":["GET"]}}],"collection":[{"href":"https:\/\/troypetshop.com\/de\/wp-json\/wp\/v2\/product"}],"about":[{"href":"https:\/\/troypetshop.com\/de\/wp-json\/wp\/v2\/types\/product"}],"replies":[{"embeddable":true,"href":"https:\/\/troypetshop.com\/de\/wp-json\/wp\/v2\/comments?post=7215"}],"wp:featuredmedia":[{"embeddable":true,"href":"https:\/\/troypetshop.com\/de\/wp-json\/wp\/v2\/media\/6887"}],"wp:attachment":[{"href":"https:\/\/troypetshop.com\/de\/wp-json\/wp\/v2\/media?parent=7215"}],"wp:term":[{"taxonomy":"product_brand","embeddable":true,"href":"https:\/\/troypetshop.com\/de\/wp-json\/wp\/v2\/product_brand?post=7215"},{"taxonomy":"product_cat","embeddable":true,"href":"https:\/\/troypetshop.com\/de\/wp-json\/wp\/v2\/product_cat?post=7215"},{"taxonomy":"product_tag","embeddable":true,"href":"https:\/\/troypetshop.com\/de\/wp-json\/wp\/v2\/product_tag?post=7215"}],"curies":[{"name":"wp","href":"https:\/\/api.w.org\/{rel}","templated":true}]}}