{"id":7322,"date":"2024-12-24T14:58:40","date_gmt":"2024-12-24T13:58:40","guid":{"rendered":"https:\/\/troypetshop.com\/product\/geschlossene-katzentoilettenbox\/"},"modified":"2026-02-28T16:53:00","modified_gmt":"2026-02-28T15:53:00","slug":"geschlossene-katzentoilettenbox","status":"publish","type":"product","link":"https:\/\/troypetshop.com\/de\/product\/geschlossene-katzentoilettenbox\/","title":{"rendered":"Geschlossene Katzentoilettenbox"},"content":{"rendered":"","protected":false},"excerpt":{"rendered":"<p><strong>Geschlossene Katzentoilettenbox<\/strong><\/p>\n<p>W\u00e4hrend Ihre Katze auf die Toilette geht, h\u00e4lt sie die Umgebung sauber. Sehr geeignet f\u00fcr den Gebrauch im Haus. Es gibt eine Schaufel als Geschenk in der Toilettensch\u00fcssel. Es gibt auch ein separates Teil zum Aufh\u00e4ngen der Schaufel in der Toilettensch\u00fcssel.<\/p>\n<p>Dank zweier Clips kann die Toilettensch\u00fcssel problemlos komplett verschlossen werden. Hergestellt aus geruchsneutralem Qualit\u00e4tskunststoff. Gr\u00fcner biologischer Filterfilz verhindert Geruchsbildung.<br \/>\nEinfacher Gebrauch dank des zweistufig zu \u00f6ffnenden Deckels.<\/p>\n<p>Abmessungen<\/p>\n<p>Breite : 39 cm<br \/>\nL\u00e4nge: 50 cm<br \/>\nH\u00f6he 38 cm<\/p>\n<p><strong>Bitte w\u00e4hlen Sie die Farboption, bevor Sie sie in den Warenkorb legen. <\/strong><\/p>\n<p>Farben: Blau &#8211; Grau &#8211; Rot &#8211; Lila<\/p>\n","protected":false},"featured_media":6681,"comment_status":"open","ping_status":"closed","template":"","meta":[],"product_brand":[],"product_cat":[508,1458,457],"product_tag":[1444],"class_list":{"0":"post-7322","1":"product","2":"type-product","3":"status-publish","4":"has-post-thumbnail","6":"product_cat-katze","7":"product_cat-katze-geschlossene-toilettenbox","8":"product_cat-unsere-produkte","9":"product_tag-katzentoilette","10":"post","11":"post-with-thumbnail","12":"post-with-thumbnail-large","14":"first","15":"outofstock","16":"taxable","17":"shipping-taxable","18":"product-type-variable"},"_links":{"self":[{"href":"https:\/\/troypetshop.com\/de\/wp-json\/wp\/v2\/product\/7322","targetHints":{"allow":["GET"]}}],"collection":[{"href":"https:\/\/troypetshop.com\/de\/wp-json\/wp\/v2\/product"}],"about":[{"href":"https:\/\/troypetshop.com\/de\/wp-json\/wp\/v2\/types\/product"}],"replies":[{"embeddable":true,"href":"https:\/\/troypetshop.com\/de\/wp-json\/wp\/v2\/comments?post=7322"}],"wp:featuredmedia":[{"embeddable":true,"href":"https:\/\/troypetshop.com\/de\/wp-json\/wp\/v2\/media\/6681"}],"wp:attachment":[{"href":"https:\/\/troypetshop.com\/de\/wp-json\/wp\/v2\/media?parent=7322"}],"wp:term":[{"taxonomy":"product_brand","embeddable":true,"href":"https:\/\/troypetshop.com\/de\/wp-json\/wp\/v2\/product_brand?post=7322"},{"taxonomy":"product_cat","embeddable":true,"href":"https:\/\/troypetshop.com\/de\/wp-json\/wp\/v2\/product_cat?post=7322"},{"taxonomy":"product_tag","embeddable":true,"href":"https:\/\/troypetshop.com\/de\/wp-json\/wp\/v2\/product_tag?post=7322"}],"curies":[{"name":"wp","href":"https:\/\/api.w.org\/{rel}","templated":true}]}}